{"id":1881,"date":"2025-10-10T01:49:33","date_gmt":"2025-10-10T01:49:33","guid":{"rendered":"https:\/\/uhmwpemanufacture.com\/?post_type=product&#038;p=1881"},"modified":"2025-10-10T01:49:33","modified_gmt":"2025-10-10T01:49:33","slug":"custom-high-quality-hockeyicerink-dasher-boards-wholesale","status":"publish","type":"product","link":"https:\/\/uhmwpemanufacture.com\/es\/custom-high-quality-hockeyicerink-dasher-boards-wholesale\/","title":{"rendered":"Hockey(Hielo)pista de patinaje sobre hielo de alta calidad al por mayor"},"content":{"rendered":"<h2>Pista de Hockey (Hielo) de Alta Calidad Tablas Dasher al por mayor<\/h2>\n<p>Estos tableros de alta calidad hechos a medida para pistas de hockey est\u00e1n fabricados con HDPE duradero y resistente a los impactos, y desarrollados para pistas de hielo especializadas y recreativas. Dise\u00f1adas para ofrecer resistencia y flexibilidad, proporcionan un excelente rebote del disco, seguridad y eficacia de resistencia en condiciones de juego extremas. La superficie lisa y anticorrosiva garantiza un mantenimiento reducido y un aspecto est\u00e9tico excelente para cualquier tipo de pista. Ideales para instalaciones interiores y exteriores, estos tableros son muy f\u00e1ciles de montar, resistentes a la intemperie y personalizables en dimensi\u00f3n y sombra. Perfectos para sectores deportivos, instalaciones de entrenamiento y trabajos de construcci\u00f3n de pistas de hielo en todo el mundo.<\/p>","protected":false},"excerpt":{"rendered":"<p>Pizarras de hockey de alta calidad fabricadas en polietileno de alta densidad para uso profesional y recreativo. Fuertes, resistentes a los impactos, resistentes a la intemperie y f\u00e1ciles de instalar, garantizan un rendimiento duradero en pistas de interior o exterior.<\/p>","protected":false},"featured_media":1886,"template":"","meta":{"_gspb_post_css":""},"product_brand":[],"product_cat":[29,30],"product_tag":[288,81,356],"class_list":{"0":"post-1881","1":"product","2":"type-product","3":"status-publish","4":"has-post-thumbnail","6":"product_cat-ice-rink-products","7":"product_cat-hockey-ice-rink-dasher-boards","8":"product_tag-hdpe-rink-boards","9":"product_tag-hockey-dasher-boards","10":"product_tag-ice-rink-panels","12":"first","13":"instock","14":"shipping-taxable","15":"product-type-simple"},"_links":{"self":[{"href":"https:\/\/uhmwpemanufacture.com\/es\/wp-json\/wp\/v2\/product\/1881","targetHints":{"allow":["GET"]}}],"collection":[{"href":"https:\/\/uhmwpemanufacture.com\/es\/wp-json\/wp\/v2\/product"}],"about":[{"href":"https:\/\/uhmwpemanufacture.com\/es\/wp-json\/wp\/v2\/types\/product"}],"wp:featuredmedia":[{"embeddable":true,"href":"https:\/\/uhmwpemanufacture.com\/es\/wp-json\/wp\/v2\/media\/1886"}],"wp:attachment":[{"href":"https:\/\/uhmwpemanufacture.com\/es\/wp-json\/wp\/v2\/media?parent=1881"}],"wp:term":[{"taxonomy":"product_brand","embeddable":true,"href":"https:\/\/uhmwpemanufacture.com\/es\/wp-json\/wp\/v2\/product_brand?post=1881"},{"taxonomy":"product_cat","embeddable":true,"href":"https:\/\/uhmwpemanufacture.com\/es\/wp-json\/wp\/v2\/product_cat?post=1881"},{"taxonomy":"product_tag","embeddable":true,"href":"https:\/\/uhmwpemanufacture.com\/es\/wp-json\/wp\/v2\/product_tag?post=1881"}],"curies":[{"name":"wp","href":"https:\/\/api.w.org\/{rel}","templated":true}]}}