{"id":1910,"date":"2025-10-10T02:03:58","date_gmt":"2025-10-10T02:03:58","guid":{"rendered":"https:\/\/uhmwpemanufacture.com\/?post_type=product&#038;p=1910"},"modified":"2025-10-10T02:03:58","modified_gmt":"2025-10-10T02:03:58","slug":"custom-hdpe-driveway-dura-deck-duradeck-mats-manufacturer","status":"publish","type":"product","link":"https:\/\/uhmwpemanufacture.com\/es\/custom-hdpe-driveway-dura-deck-duradeck-mats-manufacturer\/","title":{"rendered":"Custom Hdpe Calzada Dura Deck Duradeck Mats Fabricante"},"content":{"rendered":"<h2>Custom HDPE calzada Dura Deck Duradeck Mats Maker<\/h2>\n<p>Estas alfombrillas de entrada personalizadas HDPE Dura Deck est\u00e1n fabricadas para ofrecer una seguridad del suelo y una eficacia de carga superiores. Fabricadas en polietileno de alta densidad, proporcionan una notable resistencia, versatilidad y resistencia al deslizamiento para aplicaciones de veh\u00edculos pesados, construcci\u00f3n y eventos. La robusta superficie de los pelda\u00f1os en forma de diamante garantiza una excelente tracci\u00f3n en todos los problemas, mientras que su dise\u00f1o ligero permite una instalaci\u00f3n r\u00e1pida y un manejo muy sencillo. Resistentes a la intemperie, a los productos qu\u00edmicos y reutilizables, estos revestimientos de suelo Duradeck son excelentes para desarrollar caminos estables a corto plazo, aparcamientos y plataformas de trabajo en terrenos irregulares o blandos.<\/p>","protected":false},"excerpt":{"rendered":"<p>Las duraderas alfombras de HDPE Dura Deck a medida proporcionan una protecci\u00f3n del suelo y una tracci\u00f3n superiores para equipos pesados, veh\u00edculos y eventos. Son ligeras, reutilizables y resistentes a la intemperie para crear calzadas temporales estables y plataformas de trabajo en terrenos blandos o irregulares.<\/p>","protected":false},"featured_media":1913,"template":"","meta":{"_gspb_post_css":""},"product_brand":[],"product_cat":[24,27],"product_tag":[361,360,362],"class_list":{"0":"post-1910","1":"product","2":"type-product","3":"status-publish","4":"has-post-thumbnail","6":"product_cat-ground-protection-road-mats","7":"product_cat-dura-mats","8":"product_tag-dura-deck-panels","9":"product_tag-hdpe-ground-mats","10":"product_tag-temporary-roadway-mats","12":"first","13":"instock","14":"shipping-taxable","15":"product-type-simple"},"_links":{"self":[{"href":"https:\/\/uhmwpemanufacture.com\/es\/wp-json\/wp\/v2\/product\/1910","targetHints":{"allow":["GET"]}}],"collection":[{"href":"https:\/\/uhmwpemanufacture.com\/es\/wp-json\/wp\/v2\/product"}],"about":[{"href":"https:\/\/uhmwpemanufacture.com\/es\/wp-json\/wp\/v2\/types\/product"}],"wp:featuredmedia":[{"embeddable":true,"href":"https:\/\/uhmwpemanufacture.com\/es\/wp-json\/wp\/v2\/media\/1913"}],"wp:attachment":[{"href":"https:\/\/uhmwpemanufacture.com\/es\/wp-json\/wp\/v2\/media?parent=1910"}],"wp:term":[{"taxonomy":"product_brand","embeddable":true,"href":"https:\/\/uhmwpemanufacture.com\/es\/wp-json\/wp\/v2\/product_brand?post=1910"},{"taxonomy":"product_cat","embeddable":true,"href":"https:\/\/uhmwpemanufacture.com\/es\/wp-json\/wp\/v2\/product_cat?post=1910"},{"taxonomy":"product_tag","embeddable":true,"href":"https:\/\/uhmwpemanufacture.com\/es\/wp-json\/wp\/v2\/product_tag?post=1910"}],"curies":[{"name":"wp","href":"https:\/\/api.w.org\/{rel}","templated":true}]}}