{"id":1914,"date":"2025-10-10T02:10:17","date_gmt":"2025-10-10T02:10:17","guid":{"rendered":"https:\/\/uhmwpemanufacture.com\/?post_type=product&#038;p=1914"},"modified":"2025-10-10T02:10:17","modified_gmt":"2025-10-10T02:10:17","slug":"uhmwpe-outrigger-pads-and-plastic-crane-leg-support-pads","status":"publish","type":"product","link":"https:\/\/uhmwpemanufacture.com\/es\/uhmwpe-outrigger-pads-and-plastic-crane-leg-support-pads\/","title":{"rendered":"Almohadillas de UHMWPE para estabilizadores y almohadillas de pl\u00e1stico para patas de gr\u00faa"},"content":{"rendered":"<h2>Zapatas estabilizadoras de UHMWPE y zapatas de pl\u00e1stico de asistencia para patas de gr\u00faa<\/h2>\n<p>Las almohadillas para balancines de UHMWPE y las almohadillas de pl\u00e1stico para asistencia a las patas de gr\u00faas est\u00e1n dise\u00f1adas para proporcionar una base estable y duradera para maquinaria pesada y dispositivos de entrenamiento. Hechas de polietileno de peso molecular ultra alto, estas almohadillas proporcionan una fuerza excepcional, resistencia a los efectos y durabilidad. Distribuyen uniformemente las toneladas sobre suelos blandos o irregulares, evitando que las herramientas se hundan o resbalen. Ligeras, resistentes a la corrosi\u00f3n y f\u00e1ciles de cuidar, son \u00f3ptimas para gr\u00faas, elevadores a\u00e9reos y autom\u00f3viles de construcci\u00f3n. Disponibles en numerosas formas, densidades y capacidades de toneladas, estas almohadillas garantizan un rendimiento fiable y sin riesgos en cualquier condici\u00f3n clim\u00e1tica.<\/p>","protected":false},"excerpt":{"rendered":"<p>Los estabilizadores de UHMWPE proporcionan un soporte fuerte y estable para gr\u00faas y maquinaria pesada. Duraderos, ligeros y anticorrosivos, evitan el hundimiento y garantizan la seguridad en terrenos blandos o irregulares. Ideales para aplicaciones de construcci\u00f3n y elevaci\u00f3n en todas las condiciones meteorol\u00f3gicas.<\/p>","protected":false},"featured_media":1920,"template":"","meta":{"_gspb_post_css":""},"product_brand":[],"product_cat":[15,20],"product_tag":[313,222,63],"class_list":{"0":"post-1914","1":"product","2":"type-product","3":"status-publish","4":"has-post-thumbnail","6":"product_cat-uhmwpe-hdpe-sheets-plates","7":"product_cat-crane-outrigger-pads","8":"product_tag-crane-support-pads","9":"product_tag-heavy-equipment-stabilizers","10":"product_tag-uhmwpe-outrigger-pads","12":"first","13":"instock","14":"shipping-taxable","15":"product-type-simple"},"_links":{"self":[{"href":"https:\/\/uhmwpemanufacture.com\/es\/wp-json\/wp\/v2\/product\/1914","targetHints":{"allow":["GET"]}}],"collection":[{"href":"https:\/\/uhmwpemanufacture.com\/es\/wp-json\/wp\/v2\/product"}],"about":[{"href":"https:\/\/uhmwpemanufacture.com\/es\/wp-json\/wp\/v2\/types\/product"}],"wp:featuredmedia":[{"embeddable":true,"href":"https:\/\/uhmwpemanufacture.com\/es\/wp-json\/wp\/v2\/media\/1920"}],"wp:attachment":[{"href":"https:\/\/uhmwpemanufacture.com\/es\/wp-json\/wp\/v2\/media?parent=1914"}],"wp:term":[{"taxonomy":"product_brand","embeddable":true,"href":"https:\/\/uhmwpemanufacture.com\/es\/wp-json\/wp\/v2\/product_brand?post=1914"},{"taxonomy":"product_cat","embeddable":true,"href":"https:\/\/uhmwpemanufacture.com\/es\/wp-json\/wp\/v2\/product_cat?post=1914"},{"taxonomy":"product_tag","embeddable":true,"href":"https:\/\/uhmwpemanufacture.com\/es\/wp-json\/wp\/v2\/product_tag?post=1914"}],"curies":[{"name":"wp","href":"https:\/\/api.w.org\/{rel}","templated":true}]}}