{"id":1955,"date":"2025-10-10T07:34:52","date_gmt":"2025-10-10T07:34:52","guid":{"rendered":"https:\/\/uhmwpemanufacture.com\/?post_type=product&#038;p=1955"},"modified":"2025-10-10T07:34:52","modified_gmt":"2025-10-10T07:34:52","slug":"coal-bunker-limit-plate-high-density-polyethylene-hdpe-sheets","status":"publish","type":"product","link":"https:\/\/uhmwpemanufacture.com\/es\/coal-bunker-limit-plate-high-density-polyethylene-hdpe-sheets\/","title":{"rendered":"Carb\u00f3n Bunker Placa L\u00edmite Polietileno de Alta Densidad Hdpe Hojas"},"content":{"rendered":"<h2>Placa de restricci\u00f3n para carboneras Placas de polietileno de alto espesor (HDPE)<\/h2>\n<p>Planchas de l\u00edmite para tolvas de carb\u00f3n resistentes y de alto rendimiento fabricadas con material HDPE de primera calidad. Estas planchas ofrecen una excelente resistencia a la influencia, al uso y a la corrosi\u00f3n, garantizando una larga vida \u00fatil incluso con cargas pesadas y en entornos dif\u00edciles. La superficie es lisa para facilitar la limpieza y reducir la adherencia del material. Adecuada para carboneras, manipulaci\u00f3n de materiales y aplicaciones comerciales. Ligero y muy f\u00e1cil de instalar, con dimensiones ajustables y alternativas de densidad para satisfacer los requisitos de determinadas tareas.<\/p>","protected":false},"excerpt":{"rendered":"<p>Placa l\u00edmite duradera para carboneras fabricada en polietileno de alta densidad (HDPE). Ofrece una resistencia superior a los impactos, resistencia al desgaste y protecci\u00f3n contra la corrosi\u00f3n. Ideal para carboneras y aplicaciones industriales. Ligera, f\u00e1cil de instalar y de tama\u00f1o personalizable.<\/p>","protected":false},"featured_media":1961,"template":"","meta":{"_gspb_post_css":""},"product_brand":[],"product_cat":[15,22],"product_tag":[337,59,344],"class_list":{"0":"post-1955","1":"product","2":"type-product","3":"status-publish","4":"has-post-thumbnail","6":"product_cat-uhmwpe-hdpe-sheets-plates","7":"product_cat-coal-bunker-limit-plates","8":"product_tag-coal-bunker-plate","9":"product_tag-hdpe-sheet","10":"product_tag-industrial-material","12":"first","13":"instock","14":"shipping-taxable","15":"product-type-simple"},"_links":{"self":[{"href":"https:\/\/uhmwpemanufacture.com\/es\/wp-json\/wp\/v2\/product\/1955","targetHints":{"allow":["GET"]}}],"collection":[{"href":"https:\/\/uhmwpemanufacture.com\/es\/wp-json\/wp\/v2\/product"}],"about":[{"href":"https:\/\/uhmwpemanufacture.com\/es\/wp-json\/wp\/v2\/types\/product"}],"wp:featuredmedia":[{"embeddable":true,"href":"https:\/\/uhmwpemanufacture.com\/es\/wp-json\/wp\/v2\/media\/1961"}],"wp:attachment":[{"href":"https:\/\/uhmwpemanufacture.com\/es\/wp-json\/wp\/v2\/media?parent=1955"}],"wp:term":[{"taxonomy":"product_brand","embeddable":true,"href":"https:\/\/uhmwpemanufacture.com\/es\/wp-json\/wp\/v2\/product_brand?post=1955"},{"taxonomy":"product_cat","embeddable":true,"href":"https:\/\/uhmwpemanufacture.com\/es\/wp-json\/wp\/v2\/product_cat?post=1955"},{"taxonomy":"product_tag","embeddable":true,"href":"https:\/\/uhmwpemanufacture.com\/es\/wp-json\/wp\/v2\/product_tag?post=1955"}],"curies":[{"name":"wp","href":"https:\/\/api.w.org\/{rel}","templated":true}]}}