{"id":1962,"date":"2025-10-10T07:48:32","date_gmt":"2025-10-10T07:48:32","guid":{"rendered":"https:\/\/uhmwpemanufacture.com\/?post_type=product&#038;p=1962"},"modified":"2025-10-10T07:48:32","modified_gmt":"2025-10-10T07:48:32","slug":"heavy-duty-umwpe-crane-outrigger-pad-crane-stability-mats","status":"publish","type":"product","link":"https:\/\/uhmwpemanufacture.com\/es\/heavy-duty-umwpe-crane-outrigger-pad-crane-stability-mats\/","title":{"rendered":"Alfombrillas de estabilidad para gr\u00faas UMWPE Heavy Duty Crane Outrigger Pad"},"content":{"rendered":"<h2>Almohadilla resistente de HMWPE para balanc\u00edn de gr\u00faa Estabilidad de la gr\u00faa Revestimientos de suelo<\/h2>\n<p>Zapatas estabilizadoras de gr\u00faa robustas de HMWPE de alto rendimiento desarrolladas para ofrecer una excepcional estabilidad en el suelo y distribuci\u00f3n de lotes para gr\u00faas y maquinaria pesada. Fabricadas con polietileno de alto peso molecular (HMWPE), estas zapatas ofrecen una dureza, resistencia al desgaste y absorci\u00f3n de efectos excelentes. Evitan da\u00f1os al suelo y garantizan un funcionamiento seguro en numerosos terrenos. Ligeras pero s\u00f3lidas, se manejan de forma duradera para facilitar su transporte y colocaci\u00f3n. Adecuadas para sitios web de edificaci\u00f3n y construcci\u00f3n, dispositivos de elevaci\u00f3n y gr\u00faas m\u00f3viles, garantizan seguridad, longevidad y rendimiento a largo plazo en los entornos de trabajo m\u00e1s exigentes.<\/p>","protected":false},"excerpt":{"rendered":"<p>Las duraderas almohadillas de HMWPE para balancines de gr\u00faa proporcionan una distribuci\u00f3n de la carga y una estabilidad superiores para maquinaria pesada. Ligeras, anticorrosivas y f\u00e1ciles de manejar, ideales para operaciones de construcci\u00f3n y elevaci\u00f3n.<\/p>","protected":false},"featured_media":1972,"template":"","meta":{"_gspb_post_css":""},"product_brand":[],"product_cat":[15,21],"product_tag":[333,365,364],"class_list":{"0":"post-1962","1":"product","2":"type-product","3":"status-publish","4":"has-post-thumbnail","6":"product_cat-uhmwpe-hdpe-sheets-plates","7":"product_cat-uhmwpe-fender-pads","8":"product_tag-crane-outrigger-pad","9":"product_tag-heavy-duty-lifting-pad","10":"product_tag-hmwpe-stability-mat","12":"first","13":"instock","14":"shipping-taxable","15":"product-type-simple"},"_links":{"self":[{"href":"https:\/\/uhmwpemanufacture.com\/es\/wp-json\/wp\/v2\/product\/1962","targetHints":{"allow":["GET"]}}],"collection":[{"href":"https:\/\/uhmwpemanufacture.com\/es\/wp-json\/wp\/v2\/product"}],"about":[{"href":"https:\/\/uhmwpemanufacture.com\/es\/wp-json\/wp\/v2\/types\/product"}],"wp:featuredmedia":[{"embeddable":true,"href":"https:\/\/uhmwpemanufacture.com\/es\/wp-json\/wp\/v2\/media\/1972"}],"wp:attachment":[{"href":"https:\/\/uhmwpemanufacture.com\/es\/wp-json\/wp\/v2\/media?parent=1962"}],"wp:term":[{"taxonomy":"product_brand","embeddable":true,"href":"https:\/\/uhmwpemanufacture.com\/es\/wp-json\/wp\/v2\/product_brand?post=1962"},{"taxonomy":"product_cat","embeddable":true,"href":"https:\/\/uhmwpemanufacture.com\/es\/wp-json\/wp\/v2\/product_cat?post=1962"},{"taxonomy":"product_tag","embeddable":true,"href":"https:\/\/uhmwpemanufacture.com\/es\/wp-json\/wp\/v2\/product_tag?post=1962"}],"curies":[{"name":"wp","href":"https:\/\/api.w.org\/{rel}","templated":true}]}}