{"id":1963,"date":"2025-10-10T07:43:40","date_gmt":"2025-10-10T07:43:40","guid":{"rendered":"https:\/\/uhmwpemanufacture.com\/?post_type=product&#038;p=1963"},"modified":"2025-10-10T07:43:40","modified_gmt":"2025-10-10T07:43:40","slug":"pe-board-smooth-plastic-sheets-uhmwpe-sheet-manufacturers","status":"publish","type":"product","link":"https:\/\/uhmwpemanufacture.com\/es\/pe-board-smooth-plastic-sheets-uhmwpe-sheet-manufacturers\/","title":{"rendered":"Planchas de pl\u00e1stico lisas de PE Fabricantes de planchas de UHMWPE"},"content":{"rendered":"<h2>Planchas de pl\u00e1stico lisas de PE Fabricantes de planchas de UHMWPE<\/h2>\n<p>Planchas de PE y UHMWPE de alta calidad con una superficie lisa y una excepcional resistencia al desgaste. Creado para la longevidad y la fuerza de efecto premium, estas hojas ejecutan bien atm\u00f3sferas comerciales populares. Incluyen la fricci\u00f3n reducida, la resistencia qu\u00edmica, y los hogares anticorrosi\u00f3n, haci\u00e9ndolos excelentes para las piezas del equipo, la guarnici\u00f3n celular, y los usos de la manipulaci\u00f3n de materiales. Se ofrece en varios colores, tama\u00f1os y opciones de espesor. Fabricado con precisi\u00f3n para una larga vida \u00fatil y una construcci\u00f3n sencilla para adaptarse a diversos requisitos de ingenier\u00eda.<\/p>","protected":false},"excerpt":{"rendered":"<p>Planchas de pl\u00e1stico lisas de PE y UHMWPE duraderas con alta resistencia al desgaste, baja fricci\u00f3n y gran resistencia al impacto. Ideales para aplicaciones industriales, mec\u00e1nicas y de revestimiento. Disponibles en varios colores y tama\u00f1os para un uso vers\u00e1til.<\/p>","protected":false},"featured_media":1964,"template":"","meta":{"_gspb_post_css":""},"product_brand":[],"product_cat":[15,17],"product_tag":[363,231,56],"class_list":{"0":"post-1963","1":"product","2":"type-product","3":"status-publish","4":"has-post-thumbnail","6":"product_cat-uhmwpe-hdpe-sheets-plates","7":"product_cat-uhmwpe-sheets","8":"product_tag-pe-board","9":"product_tag-plastic-sheet-manufacturer","10":"product_tag-uhmwpe-sheet","12":"first","13":"instock","14":"shipping-taxable","15":"product-type-simple"},"_links":{"self":[{"href":"https:\/\/uhmwpemanufacture.com\/es\/wp-json\/wp\/v2\/product\/1963","targetHints":{"allow":["GET"]}}],"collection":[{"href":"https:\/\/uhmwpemanufacture.com\/es\/wp-json\/wp\/v2\/product"}],"about":[{"href":"https:\/\/uhmwpemanufacture.com\/es\/wp-json\/wp\/v2\/types\/product"}],"wp:featuredmedia":[{"embeddable":true,"href":"https:\/\/uhmwpemanufacture.com\/es\/wp-json\/wp\/v2\/media\/1964"}],"wp:attachment":[{"href":"https:\/\/uhmwpemanufacture.com\/es\/wp-json\/wp\/v2\/media?parent=1963"}],"wp:term":[{"taxonomy":"product_brand","embeddable":true,"href":"https:\/\/uhmwpemanufacture.com\/es\/wp-json\/wp\/v2\/product_brand?post=1963"},{"taxonomy":"product_cat","embeddable":true,"href":"https:\/\/uhmwpemanufacture.com\/es\/wp-json\/wp\/v2\/product_cat?post=1963"},{"taxonomy":"product_tag","embeddable":true,"href":"https:\/\/uhmwpemanufacture.com\/es\/wp-json\/wp\/v2\/product_tag?post=1963"}],"curies":[{"name":"wp","href":"https:\/\/api.w.org\/{rel}","templated":true}]}}