{"id":1976,"date":"2025-10-10T07:52:08","date_gmt":"2025-10-10T07:52:08","guid":{"rendered":"https:\/\/uhmwpemanufacture.com\/?post_type=product&#038;p=1976"},"modified":"2025-10-10T07:52:08","modified_gmt":"2025-10-10T07:52:08","slug":"hdpe-composite-ground-protection-mats-for-access-roads","status":"publish","type":"product","link":"https:\/\/uhmwpemanufacture.com\/es\/hdpe-composite-ground-protection-mats-for-access-roads\/","title":{"rendered":"Esteras de protecci\u00f3n del suelo compuestas de HDPE para carreteras de acceso"},"content":{"rendered":"<h2>Esteras de protecci\u00f3n del suelo compuestas de HDPE para carreteras accesibles<\/h2>\n<p>Revestimientos de suelo de HDPE de larga duraci\u00f3n creados para crear v\u00edas de acceso y plataformas de trabajo seguras y sin riesgos. Estos duraderos revestimientos de suelo presentan una superficie antideslizante texturizada para un agarre notable, evitando que los veh\u00edculos y las herramientas se hundan o resbalen en terrenos blandos o irregulares. Fabricados en polietileno de alta densidad, son ligeros, resistentes a la intemperie y reciclables, lo que garantiza una eficacia resistente en aplicaciones de construcci\u00f3n, energ\u00eda y eventos. F\u00e1ciles de montar y mover, estas alfombrillas protegen eficazmente el c\u00e9sped, la suciedad y las superficies lisas, a la vez que soportan cargas pesadas en entornos dif\u00edciles.<\/p>","protected":false},"excerpt":{"rendered":"<p>Las esteras de protecci\u00f3n del suelo de polietileno de alta densidad para trabajos pesados proporcionan v\u00edas de acceso y plataformas de trabajo estables y antideslizantes. Duraderas, ligeras y reutilizables para la construcci\u00f3n y el uso industrial.<\/p>","protected":false},"featured_media":1982,"template":"","meta":{"_gspb_post_css":""},"product_brand":[],"product_cat":[24,25],"product_tag":[72,366,367],"class_list":{"0":"post-1976","1":"product","2":"type-product","3":"status-publish","4":"has-post-thumbnail","6":"product_cat-ground-protection-road-mats","7":"product_cat-quick-mats","8":"product_tag-ground-protection-mats","9":"product_tag-hdpe-access-roads","10":"product_tag-heavy-duty-floor-mats","12":"first","13":"instock","14":"shipping-taxable","15":"product-type-simple"},"_links":{"self":[{"href":"https:\/\/uhmwpemanufacture.com\/es\/wp-json\/wp\/v2\/product\/1976","targetHints":{"allow":["GET"]}}],"collection":[{"href":"https:\/\/uhmwpemanufacture.com\/es\/wp-json\/wp\/v2\/product"}],"about":[{"href":"https:\/\/uhmwpemanufacture.com\/es\/wp-json\/wp\/v2\/types\/product"}],"wp:featuredmedia":[{"embeddable":true,"href":"https:\/\/uhmwpemanufacture.com\/es\/wp-json\/wp\/v2\/media\/1982"}],"wp:attachment":[{"href":"https:\/\/uhmwpemanufacture.com\/es\/wp-json\/wp\/v2\/media?parent=1976"}],"wp:term":[{"taxonomy":"product_brand","embeddable":true,"href":"https:\/\/uhmwpemanufacture.com\/es\/wp-json\/wp\/v2\/product_brand?post=1976"},{"taxonomy":"product_cat","embeddable":true,"href":"https:\/\/uhmwpemanufacture.com\/es\/wp-json\/wp\/v2\/product_cat?post=1976"},{"taxonomy":"product_tag","embeddable":true,"href":"https:\/\/uhmwpemanufacture.com\/es\/wp-json\/wp\/v2\/product_tag?post=1976"}],"curies":[{"name":"wp","href":"https:\/\/api.w.org\/{rel}","templated":true}]}}