{"id":1983,"date":"2025-10-10T07:55:43","date_gmt":"2025-10-10T07:55:43","guid":{"rendered":"https:\/\/uhmwpemanufacture.com\/?post_type=product&#038;p=1983"},"modified":"2025-10-10T07:55:43","modified_gmt":"2025-10-10T07:55:43","slug":"base-mats-hdpe-road-plates-mats-grass-lawn-protection","status":"publish","type":"product","link":"https:\/\/uhmwpemanufacture.com\/es\/base-mats-hdpe-road-plates-mats-grass-lawn-protection\/","title":{"rendered":"Esteras de base Placas de carretera de HDPE Esteras Protecci\u00f3n del c\u00e9sped"},"content":{"rendered":"<h2>Alfombrillas de base HDPE Placas de calzada Alfombrillas C\u00e9sped Seguridad<\/h2>\n<p>Alfombras de base de HDPE de primera calidad creadas para la protecci\u00f3n de carreteras, patios y jardines durante la construcci\u00f3n, ocasiones o uso de equipos pesados. Estos revestimientos de suelo incluyen una superficie texturizada antideslizante para un agarre y seguridad m\u00e1ximos. Fabricadas con polietileno de alta densidad de larga duraci\u00f3n, resisten los efectos, la corrosi\u00f3n y la intemperie, garantizando una eficacia resistente. Ligeros pero resistentes, son muy f\u00e1ciles de montar, limpiar y reutilizar. Disponibles en varios colores y tama\u00f1os para adaptarse a numerosas aplicaciones, estas alfombras ofrecen un acceso seguro al suelo al tiempo que protegen las superficies fr\u00e1giles de los da\u00f1os y la compactaci\u00f3n del suelo.<\/p>","protected":false},"excerpt":{"rendered":"<p>Las duraderas alfombrillas con base de HDPE proporcionan una protecci\u00f3n fiable del suelo, la hierba y el c\u00e9sped. Antideslizantes, ligeras y reutilizables, ideales para carreteras, obras y eventos al aire libre.<\/p>","protected":false},"featured_media":1984,"template":"","meta":{"_gspb_post_css":""},"product_brand":[],"product_cat":[24,26],"product_tag":[139,73,368],"class_list":{"0":"post-1983","1":"product","2":"type-product","3":"status-publish","4":"has-post-thumbnail","6":"product_cat-ground-protection-road-mats","7":"product_cat-base-mats","8":"product_tag-ground-protection","9":"product_tag-hdpe-road-mats","10":"product_tag-lawn-protection-mats","12":"first","13":"instock","14":"shipping-taxable","15":"product-type-simple"},"_links":{"self":[{"href":"https:\/\/uhmwpemanufacture.com\/es\/wp-json\/wp\/v2\/product\/1983","targetHints":{"allow":["GET"]}}],"collection":[{"href":"https:\/\/uhmwpemanufacture.com\/es\/wp-json\/wp\/v2\/product"}],"about":[{"href":"https:\/\/uhmwpemanufacture.com\/es\/wp-json\/wp\/v2\/types\/product"}],"wp:featuredmedia":[{"embeddable":true,"href":"https:\/\/uhmwpemanufacture.com\/es\/wp-json\/wp\/v2\/media\/1984"}],"wp:attachment":[{"href":"https:\/\/uhmwpemanufacture.com\/es\/wp-json\/wp\/v2\/media?parent=1983"}],"wp:term":[{"taxonomy":"product_brand","embeddable":true,"href":"https:\/\/uhmwpemanufacture.com\/es\/wp-json\/wp\/v2\/product_brand?post=1983"},{"taxonomy":"product_cat","embeddable":true,"href":"https:\/\/uhmwpemanufacture.com\/es\/wp-json\/wp\/v2\/product_cat?post=1983"},{"taxonomy":"product_tag","embeddable":true,"href":"https:\/\/uhmwpemanufacture.com\/es\/wp-json\/wp\/v2\/product_tag?post=1983"}],"curies":[{"name":"wp","href":"https:\/\/api.w.org\/{rel}","templated":true}]}}