{"id":1988,"date":"2025-10-10T07:59:13","date_gmt":"2025-10-10T07:59:13","guid":{"rendered":"https:\/\/uhmwpemanufacture.com\/?post_type=product&#038;p=1988"},"modified":"2025-10-10T07:59:13","modified_gmt":"2025-10-10T07:59:13","slug":"composite-construction-mats-ground-protection-mats-amphi-mat","status":"publish","type":"product","link":"https:\/\/uhmwpemanufacture.com\/es\/composite-construction-mats-ground-protection-mats-amphi-mat\/","title":{"rendered":"Esteras de construcci\u00f3n compuestas Esteras de protecci\u00f3n del suelo Amphi Mat"},"content":{"rendered":"<h2>Esteras de construcci\u00f3n compuestas Esteras de defensa del suelo Estera Amphi<\/h2>\n<p>Revestimientos de suelo compuestos de alta resistencia fabricados para una defensa superior del suelo en aplicaciones de construcci\u00f3n, industriales y de ocasi\u00f3n. Fabricadas con material de polietileno de alta densidad de larga duraci\u00f3n, estas alfombrillas incluyen una superficie de rub\u00ed antideslizante para un magn\u00edfico agarre y distribuci\u00f3n de lotes. Adecuadas para crear accesos estables y moment\u00e1neos a carreteras y plataformas de trabajo, protegen el c\u00e9sped, la suciedad y las superficies delicadas de los da\u00f1os causados por equipos pesados. Ligeras, resistentes a la intemperie y muy f\u00e1ciles de montar, las alfombrillas Amphi pueden reutilizarse varias veces, con un valor duradero y eficacia en entornos dif\u00edciles. Disponibles en diferentes tonos y dimensiones para adaptarse a las necesidades de cada trabajo.<\/p>","protected":false},"excerpt":{"rendered":"<p>Duraderas alfombrillas de construcci\u00f3n compuestas de HDPE para una protecci\u00f3n fiable del suelo. La superficie antideslizante garantiza la estabilidad del equipo pesado en cualquier terreno. Reutilizables y f\u00e1ciles de instalar.<\/p>","protected":false},"featured_media":1992,"template":"","meta":{"_gspb_post_css":""},"product_brand":[],"product_cat":[24,28],"product_tag":[369,139,370],"class_list":{"0":"post-1988","1":"product","2":"type-product","3":"status-publish","4":"has-post-thumbnail","6":"product_cat-ground-protection-road-mats","7":"product_cat-amphi-mats","8":"product_tag-construction-mats","9":"product_tag-ground-protection","10":"product_tag-hdpe-amphi-mat","12":"first","13":"instock","14":"shipping-taxable","15":"product-type-simple"},"_links":{"self":[{"href":"https:\/\/uhmwpemanufacture.com\/es\/wp-json\/wp\/v2\/product\/1988","targetHints":{"allow":["GET"]}}],"collection":[{"href":"https:\/\/uhmwpemanufacture.com\/es\/wp-json\/wp\/v2\/product"}],"about":[{"href":"https:\/\/uhmwpemanufacture.com\/es\/wp-json\/wp\/v2\/types\/product"}],"wp:featuredmedia":[{"embeddable":true,"href":"https:\/\/uhmwpemanufacture.com\/es\/wp-json\/wp\/v2\/media\/1992"}],"wp:attachment":[{"href":"https:\/\/uhmwpemanufacture.com\/es\/wp-json\/wp\/v2\/media?parent=1988"}],"wp:term":[{"taxonomy":"product_brand","embeddable":true,"href":"https:\/\/uhmwpemanufacture.com\/es\/wp-json\/wp\/v2\/product_brand?post=1988"},{"taxonomy":"product_cat","embeddable":true,"href":"https:\/\/uhmwpemanufacture.com\/es\/wp-json\/wp\/v2\/product_cat?post=1988"},{"taxonomy":"product_tag","embeddable":true,"href":"https:\/\/uhmwpemanufacture.com\/es\/wp-json\/wp\/v2\/product_tag?post=1988"}],"curies":[{"name":"wp","href":"https:\/\/api.w.org\/{rel}","templated":true}]}}