{"id":1993,"date":"2025-10-10T08:04:12","date_gmt":"2025-10-10T08:04:12","guid":{"rendered":"https:\/\/uhmwpemanufacture.com\/?post_type=product&#038;p=1993"},"modified":"2025-10-10T08:04:12","modified_gmt":"2025-10-10T08:04:12","slug":"custom-hdpe-smooth-polyethylene-plastic-sheet-uhmwpe-sheets","status":"publish","type":"product","link":"https:\/\/uhmwpemanufacture.com\/es\/custom-hdpe-smooth-polyethylene-plastic-sheet-uhmwpe-sheets\/","title":{"rendered":"Hojas de pl\u00e1stico de polietileno de alta densidad liso a medida Hojas de UHMWPE"},"content":{"rendered":"<h2>A medida HDPE Polietileno liso Hoja de pl\u00e1stico UHMWPE Hojas<\/h2>\n<p>Costes de l\u00e1minas de HDPE y UHMWPE de calidad fabricadas para ofrecer una solidez, resistencia a los impactos y seguridad qu\u00edmica excepcionales. Estas planchas lisas de polietileno son excelentes para aplicaciones comerciales, mec\u00e1nicas y de fabricaci\u00f3n en las que la solidez y la resistencia al uso son esenciales. Ligeras pero resistentes, se caracterizan por su bajo rozamiento, resistencia a la oxidaci\u00f3n y excelente maquinabilidad. Adecuadas para placas reductoras, revestimientos y componentes de maquinaria. Se ofrecen en varios colores, dimensiones y espesores para satisfacer requisitos personalizados, asegurando una alta eficacia y una larga vida \u00fatil en diversos entornos.<\/p>","protected":false},"excerpt":{"rendered":"<p>Planchas de pl\u00e1stico lisas de HDPE y UHMWPE de alta calidad con excelente resistencia al impacto, resistencia al desgaste y estabilidad qu\u00edmica. Ideales para uso industrial y mec\u00e1nico.<\/p>","protected":false},"featured_media":1997,"template":"","meta":{"_gspb_post_css":""},"product_brand":[],"product_cat":[15,17],"product_tag":[59,199,371],"class_list":{"0":"post-1993","1":"product","2":"type-product","3":"status-publish","4":"has-post-thumbnail","6":"product_cat-uhmwpe-hdpe-sheets-plates","7":"product_cat-uhmwpe-sheets","8":"product_tag-hdpe-sheet","9":"product_tag-polyethylene-board","10":"product_tag-uhmwpe-plastic","12":"first","13":"instock","14":"shipping-taxable","15":"product-type-simple"},"_links":{"self":[{"href":"https:\/\/uhmwpemanufacture.com\/es\/wp-json\/wp\/v2\/product\/1993","targetHints":{"allow":["GET"]}}],"collection":[{"href":"https:\/\/uhmwpemanufacture.com\/es\/wp-json\/wp\/v2\/product"}],"about":[{"href":"https:\/\/uhmwpemanufacture.com\/es\/wp-json\/wp\/v2\/types\/product"}],"wp:featuredmedia":[{"embeddable":true,"href":"https:\/\/uhmwpemanufacture.com\/es\/wp-json\/wp\/v2\/media\/1997"}],"wp:attachment":[{"href":"https:\/\/uhmwpemanufacture.com\/es\/wp-json\/wp\/v2\/media?parent=1993"}],"wp:term":[{"taxonomy":"product_brand","embeddable":true,"href":"https:\/\/uhmwpemanufacture.com\/es\/wp-json\/wp\/v2\/product_brand?post=1993"},{"taxonomy":"product_cat","embeddable":true,"href":"https:\/\/uhmwpemanufacture.com\/es\/wp-json\/wp\/v2\/product_cat?post=1993"},{"taxonomy":"product_tag","embeddable":true,"href":"https:\/\/uhmwpemanufacture.com\/es\/wp-json\/wp\/v2\/product_tag?post=1993"}],"curies":[{"name":"wp","href":"https:\/\/api.w.org\/{rel}","templated":true}]}}