{"id":2001,"date":"2025-10-10T10:41:18","date_gmt":"2025-10-10T10:41:18","guid":{"rendered":"https:\/\/uhmwpemanufacture.com\/?post_type=product&#038;p=2001"},"modified":"2025-10-10T10:41:18","modified_gmt":"2025-10-10T10:41:18","slug":"interlocking-cribbing-blocks-anti-slip-uhmwpe-fender-pads","status":"publish","type":"product","link":"https:\/\/uhmwpemanufacture.com\/es\/interlocking-cribbing-blocks-anti-slip-uhmwpe-fender-pads\/","title":{"rendered":"Tacos de enrejado antideslizantes UHMWPE Fender Pads"},"content":{"rendered":"<h2>Tacos de enrejado antideslizantes UHMWPE Fender Pads<\/h2>\n<p>Tacos de enrejado robustos y ligeros fabricados con material UHMWPE de primera calidad. Dise\u00f1ados con una superficie texturizada antideslizante y un sistema de enclavamiento apilable para mejorar la estabilidad y la seguridad durante la elevaci\u00f3n de cargas pesadas, la curaci\u00f3n de veh\u00edculos o la estabilizaci\u00f3n de lotes. Los tonos intensos potencian la presencia, mientras que los manejos incorporados garantizan un f\u00e1cil manejo y transporte. Inmunes al agua, al aceite y a la corrosi\u00f3n, estos bloques ofrecen un rendimiento resistente para aplicaciones comerciales, acu\u00e1ticas y en situaciones de emergencia.<\/p>","protected":false},"excerpt":{"rendered":"<p>Tacos de enrejado de UHMWPE con superficie antideslizante y asas duraderas. Ligeros, apilables y resistentes al agua, al aceite y a la corrosi\u00f3n para un soporte de carga seguro y estabilidad en uso industrial o marino.<\/p>","protected":false},"featured_media":2004,"template":"","meta":{"_gspb_post_css":""},"product_brand":[],"product_cat":[15,21],"product_tag":[65,372,258],"class_list":{"0":"post-2001","1":"product","2":"type-product","3":"status-publish","4":"has-post-thumbnail","6":"product_cat-uhmwpe-hdpe-sheets-plates","7":"product_cat-uhmwpe-fender-pads","8":"product_tag-cribbing-blocks","9":"product_tag-load-support","10":"product_tag-uhmwpe-pads","12":"first","13":"instock","14":"shipping-taxable","15":"product-type-simple"},"_links":{"self":[{"href":"https:\/\/uhmwpemanufacture.com\/es\/wp-json\/wp\/v2\/product\/2001","targetHints":{"allow":["GET"]}}],"collection":[{"href":"https:\/\/uhmwpemanufacture.com\/es\/wp-json\/wp\/v2\/product"}],"about":[{"href":"https:\/\/uhmwpemanufacture.com\/es\/wp-json\/wp\/v2\/types\/product"}],"wp:featuredmedia":[{"embeddable":true,"href":"https:\/\/uhmwpemanufacture.com\/es\/wp-json\/wp\/v2\/media\/2004"}],"wp:attachment":[{"href":"https:\/\/uhmwpemanufacture.com\/es\/wp-json\/wp\/v2\/media?parent=2001"}],"wp:term":[{"taxonomy":"product_brand","embeddable":true,"href":"https:\/\/uhmwpemanufacture.com\/es\/wp-json\/wp\/v2\/product_brand?post=2001"},{"taxonomy":"product_cat","embeddable":true,"href":"https:\/\/uhmwpemanufacture.com\/es\/wp-json\/wp\/v2\/product_cat?post=2001"},{"taxonomy":"product_tag","embeddable":true,"href":"https:\/\/uhmwpemanufacture.com\/es\/wp-json\/wp\/v2\/product_tag?post=2001"}],"curies":[{"name":"wp","href":"https:\/\/api.w.org\/{rel}","templated":true}]}}