{"id":2011,"date":"2025-10-10T10:52:03","date_gmt":"2025-10-10T10:52:03","guid":{"rendered":"https:\/\/uhmwpemanufacture.com\/?post_type=product&#038;p=2011"},"modified":"2025-10-10T10:52:03","modified_gmt":"2025-10-10T10:52:03","slug":"custom-pp-pe-plastic-products-mechanical-parts-manufacturers","status":"publish","type":"product","link":"https:\/\/uhmwpemanufacture.com\/es\/custom-pp-pe-plastic-products-mechanical-parts-manufacturers\/","title":{"rendered":"Custom PP PE Productos de pl\u00e1stico Piezas mec\u00e1nicas Fabricantes"},"content":{"rendered":"<h2>Productos de pl\u00e1stico PP PE a medida Piezas mec\u00e1nicas Fabricantes<\/h2>\n<p>Piezas mec\u00e1nicas de pl\u00e1stico a medida de alta calidad fabricadas a partir de productos de PP y PE de larga duraci\u00f3n, creadas para ofrecer eficacia e integridad de precisi\u00f3n. Estos componentes son ideales para diferentes aplicaciones industriales y mec\u00e1nicas, y ofrecen resistencia al desgaste, los impactos y el deterioro. Gracias a la avanzada innovaci\u00f3n en moldeo, fabricamos piezas con formas, tama\u00f1os y requisitos personalizados para satisfacer necesidades de trabajo \u00fanicas. Ligeras pero s\u00f3lidas, estas piezas de pl\u00e1stico garantizan una larga vida \u00fatil y eficiencia econ\u00f3mica para los sectores del autom\u00f3vil, la maquinaria y el dise\u00f1o.<\/p>","protected":false},"excerpt":{"rendered":"<p class=\"sr-only\"><span style=\"font-size: 16px;\">Piezas mec\u00e1nicas de pl\u00e1stico PP y PE dise\u00f1adas para ofrecer durabilidad, precisi\u00f3n y resistencia. Adecuadas para aplicaciones de automoci\u00f3n, maquinaria e ingenier\u00eda, ofrecen una excelente resistencia al desgaste, los impactos y la corrosi\u00f3n. Fabricadas para satisfacer eficazmente requisitos industriales espec\u00edficos.<\/span><\/p>","protected":false},"featured_media":2012,"template":"","meta":{"_gspb_post_css":""},"product_brand":[],"product_cat":[35],"product_tag":[378,376,377],"class_list":{"0":"post-2011","1":"product","2":"type-product","3":"status-publish","4":"has-post-thumbnail","6":"product_cat-pp-pe-products","7":"product_tag-mechanical-manufacturing","8":"product_tag-plastic-parts","9":"product_tag-pp-pe-components","11":"first","12":"instock","13":"shipping-taxable","14":"product-type-simple"},"_links":{"self":[{"href":"https:\/\/uhmwpemanufacture.com\/es\/wp-json\/wp\/v2\/product\/2011","targetHints":{"allow":["GET"]}}],"collection":[{"href":"https:\/\/uhmwpemanufacture.com\/es\/wp-json\/wp\/v2\/product"}],"about":[{"href":"https:\/\/uhmwpemanufacture.com\/es\/wp-json\/wp\/v2\/types\/product"}],"wp:featuredmedia":[{"embeddable":true,"href":"https:\/\/uhmwpemanufacture.com\/es\/wp-json\/wp\/v2\/media\/2012"}],"wp:attachment":[{"href":"https:\/\/uhmwpemanufacture.com\/es\/wp-json\/wp\/v2\/media?parent=2011"}],"wp:term":[{"taxonomy":"product_brand","embeddable":true,"href":"https:\/\/uhmwpemanufacture.com\/es\/wp-json\/wp\/v2\/product_brand?post=2011"},{"taxonomy":"product_cat","embeddable":true,"href":"https:\/\/uhmwpemanufacture.com\/es\/wp-json\/wp\/v2\/product_cat?post=2011"},{"taxonomy":"product_tag","embeddable":true,"href":"https:\/\/uhmwpemanufacture.com\/es\/wp-json\/wp\/v2\/product_tag?post=2011"}],"curies":[{"name":"wp","href":"https:\/\/api.w.org\/{rel}","templated":true}]}}