{"id":2017,"date":"2025-10-10T10:58:30","date_gmt":"2025-10-10T10:58:30","guid":{"rendered":"https:\/\/uhmwpemanufacture.com\/?post_type=product&#038;p=2017"},"modified":"2025-10-10T10:58:30","modified_gmt":"2025-10-10T10:58:30","slug":"custom-nylon-sheet-hard-plastic-sheet-manufacturers","status":"publish","type":"product","link":"https:\/\/uhmwpemanufacture.com\/es\/custom-nylon-sheet-hard-plastic-sheet-manufacturers\/","title":{"rendered":"Custom Nylon Sheet Hoja de pl\u00e1stico duro Fabricantes"},"content":{"rendered":"<h2>Hoja de nylon a medida Hoja de pl\u00e1stico duro Fabricantes<\/h2>\n<p>Planchas de nailon personalizadas de alta calidad creadas para ofrecer resistencia, resistencia al desgaste y versatilidad en aplicaciones industriales. Estas l\u00e1minas de pl\u00e1stico duro proporcionan excelentes propiedades mec\u00e1nicas residenciales, que consisten en la resistencia de alto efecto, baja fricci\u00f3n, y la resistencia a la abrasi\u00f3n y productos qu\u00edmicos. F\u00e1cilmente disponibles en numerosos colores y densidades, son excelentes para su uso en servicio, cojinetes, casquillos y elementos arquitect\u00f3nicos. Fabricadas con precisi\u00f3n y uniformidad, nuestras planchas de nailon proporcionan una larga durabilidad y pueden mecanizarse o fabricarse convenientemente para satisfacer determinadas demandas de ingenier\u00eda. Adecuadas para los mercados automovil\u00edstico, naval y mec\u00e1nico.<\/p>","protected":false},"excerpt":{"rendered":"<p class=\"sr-only\"><span style=\"font-size: 16px;\">Planchas de pl\u00e1stico duro de nailon a medida con gran resistencia, resistencia al desgaste y mecanizabilidad. Ideales para usos industriales como engranajes, cojinetes y piezas estructurales en aplicaciones de automoci\u00f3n y maquinaria. Disponibles en varios colores y tama\u00f1os para necesidades de ingenier\u00eda de precisi\u00f3n.<\/span><\/p>","protected":false},"featured_media":2019,"template":"","meta":{"_gspb_post_css":""},"product_brand":[],"product_cat":[23],"product_tag":[380,381,379],"class_list":{"0":"post-2017","1":"product","2":"type-product","3":"status-publish","4":"has-post-thumbnail","6":"product_cat-nylon-sheets","7":"product_tag-hard-plastic","8":"product_tag-industrial-materials","9":"product_tag-nylon-sheets","11":"first","12":"instock","13":"shipping-taxable","14":"product-type-simple"},"_links":{"self":[{"href":"https:\/\/uhmwpemanufacture.com\/es\/wp-json\/wp\/v2\/product\/2017","targetHints":{"allow":["GET"]}}],"collection":[{"href":"https:\/\/uhmwpemanufacture.com\/es\/wp-json\/wp\/v2\/product"}],"about":[{"href":"https:\/\/uhmwpemanufacture.com\/es\/wp-json\/wp\/v2\/types\/product"}],"wp:featuredmedia":[{"embeddable":true,"href":"https:\/\/uhmwpemanufacture.com\/es\/wp-json\/wp\/v2\/media\/2019"}],"wp:attachment":[{"href":"https:\/\/uhmwpemanufacture.com\/es\/wp-json\/wp\/v2\/media?parent=2017"}],"wp:term":[{"taxonomy":"product_brand","embeddable":true,"href":"https:\/\/uhmwpemanufacture.com\/es\/wp-json\/wp\/v2\/product_brand?post=2017"},{"taxonomy":"product_cat","embeddable":true,"href":"https:\/\/uhmwpemanufacture.com\/es\/wp-json\/wp\/v2\/product_cat?post=2017"},{"taxonomy":"product_tag","embeddable":true,"href":"https:\/\/uhmwpemanufacture.com\/es\/wp-json\/wp\/v2\/product_tag?post=2017"}],"curies":[{"name":"wp","href":"https:\/\/api.w.org\/{rel}","templated":true}]}}