{"id":2024,"date":"2025-10-10T11:15:16","date_gmt":"2025-10-10T11:15:16","guid":{"rendered":"https:\/\/uhmwpemanufacture.com\/?post_type=product&#038;p=2024"},"modified":"2025-10-10T11:15:16","modified_gmt":"2025-10-10T11:15:16","slug":"customize-boron-uhmwpe-sheet-lead-boron-polyethylene-plate","status":"publish","type":"product","link":"https:\/\/uhmwpemanufacture.com\/es\/customize-boron-uhmwpe-sheet-lead-boron-polyethylene-plate\/","title":{"rendered":"Personalizar la l\u00e1mina de UHMWPE con boro Placa de polietileno con plomo y boro"},"content":{"rendered":"<h2>Personalizar la placa de polietileno de boro UHMWPE Placa de polietileno de boro-plomo<\/h2>\n<p>Planchas de UHMWPE de boro de alta densidad dise\u00f1adas para aplicaciones de protecci\u00f3n contra la radiaci\u00f3n y de protecci\u00f3n. Fabricadas mediante la integraci\u00f3n de polietileno de peso molecular ultraalto con compuestos de boro o plomo, estas placas proporcionan una notable resistencia a los efectos, durabilidad al desgaste y capacidad de absorci\u00f3n de neutrones. Adecuadas para su uso en instalaciones nucleares, zonas de radiaci\u00f3n m\u00e9dica y sistemas de blindaje industrial. Disponibles en diferentes espesores, tonos y grados de boro, son ligeras, resistentes a la corrosi\u00f3n y muy f\u00e1ciles de fabricar. Perfectos para soluciones de ingenier\u00eda personalizadas que requieren una protecci\u00f3n fiable contra las radiaciones y una eficacia duradera.<\/p>","protected":false},"excerpt":{"rendered":"<p>Planchas de UHMWPE con boro a medida de alta resistencia, resistencia al desgaste y blindaje contra las radiaciones. Ideales para aplicaciones m\u00e9dicas, nucleares y de protecci\u00f3n industrial. Ligeras, duraderas y f\u00e1ciles de mecanizar para necesidades de ingenier\u00eda precisas.<\/p>","protected":false},"featured_media":2030,"template":"","meta":{"_gspb_post_css":""},"product_brand":[],"product_cat":[15],"product_tag":[382,260,56],"class_list":{"0":"post-2024","1":"product","2":"type-product","3":"status-publish","4":"has-post-thumbnail","6":"product_cat-uhmwpe-hdpe-sheets-plates","7":"product_tag-boron-polyethylene-plate","8":"product_tag-radiation-shielding","9":"product_tag-uhmwpe-sheet","11":"first","12":"instock","13":"shipping-taxable","14":"product-type-simple"},"_links":{"self":[{"href":"https:\/\/uhmwpemanufacture.com\/es\/wp-json\/wp\/v2\/product\/2024","targetHints":{"allow":["GET"]}}],"collection":[{"href":"https:\/\/uhmwpemanufacture.com\/es\/wp-json\/wp\/v2\/product"}],"about":[{"href":"https:\/\/uhmwpemanufacture.com\/es\/wp-json\/wp\/v2\/types\/product"}],"wp:featuredmedia":[{"embeddable":true,"href":"https:\/\/uhmwpemanufacture.com\/es\/wp-json\/wp\/v2\/media\/2030"}],"wp:attachment":[{"href":"https:\/\/uhmwpemanufacture.com\/es\/wp-json\/wp\/v2\/media?parent=2024"}],"wp:term":[{"taxonomy":"product_brand","embeddable":true,"href":"https:\/\/uhmwpemanufacture.com\/es\/wp-json\/wp\/v2\/product_brand?post=2024"},{"taxonomy":"product_cat","embeddable":true,"href":"https:\/\/uhmwpemanufacture.com\/es\/wp-json\/wp\/v2\/product_cat?post=2024"},{"taxonomy":"product_tag","embeddable":true,"href":"https:\/\/uhmwpemanufacture.com\/es\/wp-json\/wp\/v2\/product_tag?post=2024"}],"curies":[{"name":"wp","href":"https:\/\/api.w.org\/{rel}","templated":true}]}}