{"id":2031,"date":"2025-10-10T11:24:14","date_gmt":"2025-10-10T11:24:14","guid":{"rendered":"https:\/\/uhmwpemanufacture.com\/?post_type=product&#038;p=2031"},"modified":"2025-10-10T11:24:14","modified_gmt":"2025-10-10T11:24:14","slug":"ice-synthetic-panel-hdpe-uhmwpe-board-sheet-manufacturer","status":"publish","type":"product","link":"https:\/\/uhmwpemanufacture.com\/es\/ice-synthetic-panel-hdpe-uhmwpe-board-sheet-manufacturer\/","title":{"rendered":"Ice Panel sint\u00e9tico HDPE Uhmwpe Board SHEET Fabricante"},"content":{"rendered":"<h2>Ice Synthetic Panel HDPE UHMWPE Board Sheet Producer<\/h2>\n<p>L\u00e1minas de HDPE y UHMWPE de alta calidad desarrolladas para pistas de hielo, estadios de actividades deportivas y aplicaciones industriales. Estos paneles de hielo sint\u00e9tico utilizan una superficie lisa, duradera y de baja fricci\u00f3n que imita el hielo real, proporcionando una excepcional resistencia al deslizamiento y al impacto. Fabricados con polietileno de peso molecular ultra alto, ofrecen una excepcional resistencia al desgaste, seguridad qu\u00edmica y resistencia a la intemperie. Ideales para superficies de patinaje, tableros de seguridad y revestimientos comerciales, estas planchas son f\u00e1ciles de instalar, mantener y adaptar en dimensiones y grosor para satisfacer las necesidades de cada tarea, tanto en interiores como en exteriores.<\/p>","protected":false},"excerpt":{"rendered":"<p class=\"sr-only\"><span style=\"font-size: 16px;\">Los duraderos paneles de hielo sint\u00e9tico de HDPE y UHMWPE proporcionan una superficie lisa y de baja fricci\u00f3n ideal para patinaje y uso industrial. Resistentes al desgaste, a los impactos y a la intemperie, estas placas son f\u00e1ciles de instalar, limpiar y personalizar tanto para aplicaciones interiores como exteriores.<\/span><\/p>","protected":false},"featured_media":2032,"template":"","meta":{"_gspb_post_css":""},"product_brand":[],"product_cat":[29,32],"product_tag":[99,126,56],"class_list":{"0":"post-2031","1":"product","2":"type-product","3":"status-publish","4":"has-post-thumbnail","6":"product_cat-ice-rink-products","7":"product_cat-ice-synthetic-panels","8":"product_tag-hdpe-board","9":"product_tag-synthetic-ice-panels","10":"product_tag-uhmwpe-sheet","12":"first","13":"instock","14":"shipping-taxable","15":"product-type-simple"},"_links":{"self":[{"href":"https:\/\/uhmwpemanufacture.com\/es\/wp-json\/wp\/v2\/product\/2031","targetHints":{"allow":["GET"]}}],"collection":[{"href":"https:\/\/uhmwpemanufacture.com\/es\/wp-json\/wp\/v2\/product"}],"about":[{"href":"https:\/\/uhmwpemanufacture.com\/es\/wp-json\/wp\/v2\/types\/product"}],"wp:featuredmedia":[{"embeddable":true,"href":"https:\/\/uhmwpemanufacture.com\/es\/wp-json\/wp\/v2\/media\/2032"}],"wp:attachment":[{"href":"https:\/\/uhmwpemanufacture.com\/es\/wp-json\/wp\/v2\/media?parent=2031"}],"wp:term":[{"taxonomy":"product_brand","embeddable":true,"href":"https:\/\/uhmwpemanufacture.com\/es\/wp-json\/wp\/v2\/product_brand?post=2031"},{"taxonomy":"product_cat","embeddable":true,"href":"https:\/\/uhmwpemanufacture.com\/es\/wp-json\/wp\/v2\/product_cat?post=2031"},{"taxonomy":"product_tag","embeddable":true,"href":"https:\/\/uhmwpemanufacture.com\/es\/wp-json\/wp\/v2\/product_tag?post=2031"}],"curies":[{"name":"wp","href":"https:\/\/api.w.org\/{rel}","templated":true}]}}