{"id":2044,"date":"2025-10-10T12:36:13","date_gmt":"2025-10-10T12:36:13","guid":{"rendered":"https:\/\/uhmwpemanufacture.com\/?post_type=product&#038;p=2044"},"modified":"2025-10-10T12:36:13","modified_gmt":"2025-10-10T12:36:13","slug":"customized-polyethylene-floor-ball-dasher-boards-wholesale","status":"publish","type":"product","link":"https:\/\/uhmwpemanufacture.com\/es\/customized-polyethylene-floor-ball-dasher-boards-wholesale\/","title":{"rendered":"Tableros de bolas de polietileno para suelos al por mayor"},"content":{"rendered":"<h2>Tablas personalizadas de polietileno para bolas de suelo al por mayor<\/h2>\n<p>Tablas de rebote redondas con suelo de polietileno de primera calidad desarrolladas para ofrecer durabilidad, versatilidad y seguridad en campos de actividades deportivas y centros de entrenamiento. Fabricados a partir de materiales de HDPE o UHMWPE, estos tableros ofrecen una superficie lisa y resistente a los impactos que garantiza un rebote regular de la esfera y la protecci\u00f3n del jugador. Ligeras pero s\u00f3lidas, son f\u00e1ciles de montar, resistentes a la intemperie y adecuadas tanto para uso interior como exterior. Se ofrecen en dimensiones, tonos y dise\u00f1os personalizados para adaptarse a determinados dise\u00f1os de pistas de patinaje o canchas, y son ideales para expertos en floorball, entrenamiento de hockey y aplicaciones deportivas polivalentes.<\/p>","protected":false},"excerpt":{"rendered":"<p>Tableros duraderos de polietileno para lanzamiento de pelotas al suelo dise\u00f1ados para estadios deportivos y centros de entrenamiento. Fabricadas en HDPE o UHMWPE, ofrecen resistencia a los impactos, rebote suave y f\u00e1cil instalaci\u00f3n para uso en interiores y exteriores. Tama\u00f1os y dise\u00f1os personalizados disponibles para aplicaciones profesionales.<\/p>","protected":false},"featured_media":2052,"template":"","meta":{"_gspb_post_css":""},"product_brand":[],"product_cat":[29,33],"product_tag":[248,82,385],"class_list":{"0":"post-2044","1":"product","2":"type-product","3":"status-publish","4":"has-post-thumbnail","6":"product_cat-ice-rink-products","7":"product_cat-floor-ball-dasher-boards","8":"product_tag-floorball-dasher-boards","9":"product_tag-polyethylene-boards","10":"product_tag-sports-equipment","12":"first","13":"instock","14":"shipping-taxable","15":"product-type-simple"},"_links":{"self":[{"href":"https:\/\/uhmwpemanufacture.com\/es\/wp-json\/wp\/v2\/product\/2044","targetHints":{"allow":["GET"]}}],"collection":[{"href":"https:\/\/uhmwpemanufacture.com\/es\/wp-json\/wp\/v2\/product"}],"about":[{"href":"https:\/\/uhmwpemanufacture.com\/es\/wp-json\/wp\/v2\/types\/product"}],"wp:featuredmedia":[{"embeddable":true,"href":"https:\/\/uhmwpemanufacture.com\/es\/wp-json\/wp\/v2\/media\/2052"}],"wp:attachment":[{"href":"https:\/\/uhmwpemanufacture.com\/es\/wp-json\/wp\/v2\/media?parent=2044"}],"wp:term":[{"taxonomy":"product_brand","embeddable":true,"href":"https:\/\/uhmwpemanufacture.com\/es\/wp-json\/wp\/v2\/product_brand?post=2044"},{"taxonomy":"product_cat","embeddable":true,"href":"https:\/\/uhmwpemanufacture.com\/es\/wp-json\/wp\/v2\/product_cat?post=2044"},{"taxonomy":"product_tag","embeddable":true,"href":"https:\/\/uhmwpemanufacture.com\/es\/wp-json\/wp\/v2\/product_tag?post=2044"}],"curies":[{"name":"wp","href":"https:\/\/api.w.org\/{rel}","templated":true}]}}