{"id":2073,"date":"2025-10-11T01:46:23","date_gmt":"2025-10-11T01:46:23","guid":{"rendered":"https:\/\/uhmwpemanufacture.com\/?post_type=product&#038;p=2073"},"modified":"2025-10-11T01:46:23","modified_gmt":"2025-10-11T01:46:23","slug":"truck-jack-leg-stabilizer-pad-bigfoot-crane-outrigger-pads","status":"publish","type":"product","link":"https:\/\/uhmwpemanufacture.com\/es\/truck-jack-leg-stabilizer-pad-bigfoot-crane-outrigger-pads\/","title":{"rendered":"Almohadilla estabilizadora de patas de gato de cami\u00f3n Almohadillas estabilizadoras de gr\u00faa Bigfoot"},"content":{"rendered":"<h2 id=\"vehicle-jack-leg-stabilizer-pad-bigfoot-crane-outrigger-pads\">Almohadilla estabilizadora para patas de gato de veh\u00edculos Almohadillas estabilizadoras para gr\u00faas Bigfoot<\/h2>\n<p>Estas duraderas almohadillas estabilizadoras negras ofrecen una base s\u00f3lida para gatos de cami\u00f3n y estabilizadores de gr\u00faa. Disponibles tanto en forma redonda como rectangular, incluyen manejos de cuerda sin complicaciones con agarres respetuosos con el medio ambiente para facilitar su transporte y colocaci\u00f3n. Fabricados para un uso robusto, ayudan a dispersar el peso por igual, mejorando la estabilidad y la seguridad durante las operaciones de elevaci\u00f3n. Su robusta construcci\u00f3n garantiza un rendimiento duradero en diversos entornos dif\u00edciles.<\/p>","protected":false},"excerpt":{"rendered":"<p>Estas duraderas almohadillas estabilizadoras negras proporcionan una base s\u00f3lida para gatos de cami\u00f3n y almohadillas para estabilizadores de gr\u00faa. Disponibles en forma redonda y rectangular, disponen de c\u00f3modas asas de cuerda con empu\u00f1aduras verdes para facilitar su transporte. Dise\u00f1adas para uso intensivo, mejoran la estabilidad y la seguridad durante las operaciones de elevaci\u00f3n gracias a su robusta construcci\u00f3n.<\/p>","protected":false},"featured_media":2086,"template":"","meta":{"_gspb_post_css":""},"product_brand":[],"product_cat":[15,20],"product_tag":[388,256,387],"class_list":{"0":"post-2073","1":"product","2":"type-product","3":"status-publish","4":"has-post-thumbnail","6":"product_cat-uhmwpe-hdpe-sheets-plates","7":"product_cat-crane-outrigger-pads","8":"product_tag-crane-accessories","9":"product_tag-outrigger-pads","10":"product_tag-stabilizer-pads","12":"first","13":"instock","14":"shipping-taxable","15":"product-type-simple"},"_links":{"self":[{"href":"https:\/\/uhmwpemanufacture.com\/es\/wp-json\/wp\/v2\/product\/2073","targetHints":{"allow":["GET"]}}],"collection":[{"href":"https:\/\/uhmwpemanufacture.com\/es\/wp-json\/wp\/v2\/product"}],"about":[{"href":"https:\/\/uhmwpemanufacture.com\/es\/wp-json\/wp\/v2\/types\/product"}],"wp:featuredmedia":[{"embeddable":true,"href":"https:\/\/uhmwpemanufacture.com\/es\/wp-json\/wp\/v2\/media\/2086"}],"wp:attachment":[{"href":"https:\/\/uhmwpemanufacture.com\/es\/wp-json\/wp\/v2\/media?parent=2073"}],"wp:term":[{"taxonomy":"product_brand","embeddable":true,"href":"https:\/\/uhmwpemanufacture.com\/es\/wp-json\/wp\/v2\/product_brand?post=2073"},{"taxonomy":"product_cat","embeddable":true,"href":"https:\/\/uhmwpemanufacture.com\/es\/wp-json\/wp\/v2\/product_cat?post=2073"},{"taxonomy":"product_tag","embeddable":true,"href":"https:\/\/uhmwpemanufacture.com\/es\/wp-json\/wp\/v2\/product_tag?post=2073"}],"curies":[{"name":"wp","href":"https:\/\/api.w.org\/{rel}","templated":true}]}}