{"id":2090,"date":"2025-10-11T01:55:51","date_gmt":"2025-10-11T01:55:51","guid":{"rendered":"https:\/\/uhmwpemanufacture.com\/?post_type=product&#038;p=2090"},"modified":"2025-10-11T01:55:51","modified_gmt":"2025-10-11T01:55:51","slug":"ground-protection-mats-interlock-hdpe-composite-dura-base","status":"publish","type":"product","link":"https:\/\/uhmwpemanufacture.com\/es\/ground-protection-mats-interlock-hdpe-composite-dura-base\/","title":{"rendered":"Esteras de protecci\u00f3n del suelo Interlock HDPE Composite Dura Base"},"content":{"rendered":"<h2 id=\"ground-defense-mats-interlock-hdpe-compound-dura-base\">Ground Defense Mats Interlock HDPE Compuesto Dura Base<\/h2>\n<p>Las im\u00e1genes muestran robustas esteras de protecci\u00f3n del suelo, perfectas para desarrollar caminos moment\u00e1neos o superficies de trabajo estables en terrenos dif\u00edciles. Una imagen muestra varias esteras colocadas para formar un camino resistente para equipos pesados, como un veh\u00edculo de g\u00f3ndola de cama rebajada, a lo largo de un terreno de construcci\u00f3n descuidado. Esto demuestra su eficacia para evitar que las herramientas se atasquen y salvaguardar el suelo subyacente. La 2\u00aa imagen ofrece una vista clara y aislada de una sola alfombrilla, destacando su distintiva superficie con dibujo de rub\u00ed antideslizante. Estas alfombrillas est\u00e1n fabricadas con material compuesto de polietileno de alta densidad (HDPE) entrelazado, lo que las hace s\u00f3lidas y ligeras. Su estilo de enclavamiento garantiza una superficie segura y constante, mientras que la calidad Dura Base garantiza una eficacia resistente buscada en los entornos.<\/p>","protected":false},"excerpt":{"rendered":"<p>Estas alfombras de protecci\u00f3n del suelo compuestas de polietileno de alta densidad entrelazadas crean calzadas y superficies de trabajo temporales y duraderas. Su patr\u00f3n de diamante texturizado y antideslizante garantiza la estabilidad de la maquinaria pesada en terrenos dif\u00edciles, evitando que los equipos se atasquen. Ligeras y resistentes, estas alfombrillas Dura Base ofrecen un rendimiento y una protecci\u00f3n del suelo duraderos.<\/p>","protected":false},"featured_media":2093,"template":"","meta":{"_gspb_post_css":""},"product_brand":[],"product_cat":[24,26,27],"product_tag":[394,392,393],"class_list":{"0":"post-2090","1":"product","2":"type-product","3":"status-publish","4":"has-post-thumbnail","6":"product_cat-ground-protection-road-mats","7":"product_cat-base-mats","8":"product_cat-dura-mats","9":"product_tag-dura-base","10":"product_tag-ground-mats","11":"product_tag-hdpe-mats","13":"first","14":"instock","15":"shipping-taxable","16":"product-type-simple"},"_links":{"self":[{"href":"https:\/\/uhmwpemanufacture.com\/es\/wp-json\/wp\/v2\/product\/2090","targetHints":{"allow":["GET"]}}],"collection":[{"href":"https:\/\/uhmwpemanufacture.com\/es\/wp-json\/wp\/v2\/product"}],"about":[{"href":"https:\/\/uhmwpemanufacture.com\/es\/wp-json\/wp\/v2\/types\/product"}],"wp:featuredmedia":[{"embeddable":true,"href":"https:\/\/uhmwpemanufacture.com\/es\/wp-json\/wp\/v2\/media\/2093"}],"wp:attachment":[{"href":"https:\/\/uhmwpemanufacture.com\/es\/wp-json\/wp\/v2\/media?parent=2090"}],"wp:term":[{"taxonomy":"product_brand","embeddable":true,"href":"https:\/\/uhmwpemanufacture.com\/es\/wp-json\/wp\/v2\/product_brand?post=2090"},{"taxonomy":"product_cat","embeddable":true,"href":"https:\/\/uhmwpemanufacture.com\/es\/wp-json\/wp\/v2\/product_cat?post=2090"},{"taxonomy":"product_tag","embeddable":true,"href":"https:\/\/uhmwpemanufacture.com\/es\/wp-json\/wp\/v2\/product_tag?post=2090"}],"curies":[{"name":"wp","href":"https:\/\/api.w.org\/{rel}","templated":true}]}}