{"id":2095,"date":"2025-10-11T02:02:59","date_gmt":"2025-10-11T02:02:59","guid":{"rendered":"https:\/\/uhmwpemanufacture.com\/?post_type=product&#038;p=2095"},"modified":"2025-10-11T02:02:59","modified_gmt":"2025-10-11T02:02:59","slug":"pure-virgin-plastic-uhmwpe-hdpe-pp-plastic-sheet-supplier","status":"publish","type":"product","link":"https:\/\/uhmwpemanufacture.com\/es\/pure-virgin-plastic-uhmwpe-hdpe-pp-plastic-sheet-supplier\/","title":{"rendered":"Pl\u00e1stico Virgen Puro UHMWPE HDPE PP Plastic Sheet Proveedor"},"content":{"rendered":"<h2 id=\"pure-virgin-plastic-uhmwpe-hdpe-pp-plastic-sheet-supplier\">Pl\u00e1stico Virgen Puro UHMWPE HDPE PP Plastic Sheet Proveedor<\/h2>\n<p>Las im\u00e1genes presentan una vibrante variedad de l\u00e1minas y polos de pl\u00e1stico fabricados con UHMWPE, HDPE y PP v\u00edrgenes puros. Estos art\u00edculos de pl\u00e1stico de primera calidad est\u00e1n disponibles en una gran variedad de colores, como azul, ecol\u00f3gico, rojo, negro y blanco, lo que demuestra su adaptabilidad e idoneidad para diversas aplicaciones. Las planchas se cortan en formas rectangulares y se apilan ordenadamente para resaltar su grosor regular y su superficie lisa. Junto con las planchas, tambi\u00e9n se ofrecen barras cil\u00edndricas en tonos comparables, lo que demuestra la gama de formas ofrecidas. Estos pl\u00e1sticos son reconocidos por su notable durabilidad, resistencia qu\u00edmica y propiedades residenciales de rozamiento reducido, lo que los hace excelentes para una gran variedad de usos industriales y comerciales.<\/p>","protected":false},"excerpt":{"rendered":"<p>Descubra nuestras l\u00e1minas y varillas de pl\u00e1stico UHMWPE, HDPE y PP v\u00edrgenes puras. Disponibles en colores vibrantes, estos pl\u00e1sticos de alta calidad ofrecen una durabilidad excepcional, resistencia qu\u00edmica y baja fricci\u00f3n. Ideales para diversas aplicaciones industriales y comerciales que requieren soluciones de materiales fiables y vers\u00e1tiles.<\/p>","protected":false},"featured_media":2096,"template":"","meta":{"_gspb_post_css":""},"product_brand":[],"product_cat":[15,17],"product_tag":[397,395,396],"class_list":{"0":"post-2095","1":"product","2":"type-product","3":"status-publish","4":"has-post-thumbnail","6":"product_cat-uhmwpe-hdpe-sheets-plates","7":"product_cat-uhmwpe-sheets","8":"product_tag-hdpe","9":"product_tag-plastic-sheets","10":"product_tag-uhmwpe","12":"first","13":"instock","14":"shipping-taxable","15":"product-type-simple"},"_links":{"self":[{"href":"https:\/\/uhmwpemanufacture.com\/es\/wp-json\/wp\/v2\/product\/2095","targetHints":{"allow":["GET"]}}],"collection":[{"href":"https:\/\/uhmwpemanufacture.com\/es\/wp-json\/wp\/v2\/product"}],"about":[{"href":"https:\/\/uhmwpemanufacture.com\/es\/wp-json\/wp\/v2\/types\/product"}],"wp:featuredmedia":[{"embeddable":true,"href":"https:\/\/uhmwpemanufacture.com\/es\/wp-json\/wp\/v2\/media\/2096"}],"wp:attachment":[{"href":"https:\/\/uhmwpemanufacture.com\/es\/wp-json\/wp\/v2\/media?parent=2095"}],"wp:term":[{"taxonomy":"product_brand","embeddable":true,"href":"https:\/\/uhmwpemanufacture.com\/es\/wp-json\/wp\/v2\/product_brand?post=2095"},{"taxonomy":"product_cat","embeddable":true,"href":"https:\/\/uhmwpemanufacture.com\/es\/wp-json\/wp\/v2\/product_cat?post=2095"},{"taxonomy":"product_tag","embeddable":true,"href":"https:\/\/uhmwpemanufacture.com\/es\/wp-json\/wp\/v2\/product_tag?post=2095"}],"curies":[{"name":"wp","href":"https:\/\/api.w.org\/{rel}","templated":true}]}}