{"id":2102,"date":"2025-10-11T02:07:03","date_gmt":"2025-10-11T02:07:03","guid":{"rendered":"https:\/\/uhmwpemanufacture.com\/?post_type=product&#038;p=2102"},"modified":"2025-10-11T02:07:03","modified_gmt":"2025-10-11T02:07:03","slug":"heavy-duty-uhmwpe-cribbing-blocks-crane-outrigger-pads","status":"publish","type":"product","link":"https:\/\/uhmwpemanufacture.com\/es\/heavy-duty-uhmwpe-cribbing-blocks-crane-outrigger-pads\/","title":{"rendered":"Bloques de apuntalamiento de UHMWPE para cargas pesadas Almohadillas para estabilizadores de gr\u00faas"},"content":{"rendered":"<h2 id=\"heavy-duty-uhmwpe-cribbing-blocks-crane-outrigger-pads\">Bloques de apuntalamiento de UHMWPE para cargas pesadas Almohadillas para estabilizadores de gr\u00faas<\/h2>\n<p>Las im\u00e1genes muestran duraderos bloques de enrejado negros fabricados para aplicaciones robustas. Estos bloques incluyen un distintivo, antideslizante superficie superior, garantizando el m\u00e1ximo agarre y seguridad al sostener lotes pesados. Cada bloque est\u00e1 equipado con una resistente cuerda naranja en ambos extremos, que facilita su transporte, colocaci\u00f3n y recuperaci\u00f3n. Su forma rectangular alargada y su robusta construcci\u00f3n los hacen id\u00f3neos para su uso como apoyos de gr\u00faa, ofreciendo un soporte fiable y una distribuci\u00f3n de cargas en diversas superficies. Fabricados en UHMWPE, estos bloques de encofrado son extremadamente duraderos e inmunes a los efectos, los productos qu\u00edmicos y la humedad, lo que garantiza una eficacia duradera en entornos industriales y de construcci\u00f3n populares.<\/p>","protected":false},"excerpt":{"rendered":"<p>Estos bloques de apuntalamiento de UHMWPE de alta resistencia presentan una parte superior con textura antideslizante y robustas asas de cuerda para facilitar su manejo. Ideales como almohadillas para balancines de gr\u00faas, proporcionan un soporte fiable y una distribuci\u00f3n uniforme de la carga. Excepcionalmente duraderos, estos bloques resisten los impactos, los productos qu\u00edmicos y la humedad para ofrecer un rendimiento duradero en entornos exigentes.<\/p>","protected":false},"featured_media":2107,"template":"","meta":{"_gspb_post_css":""},"product_brand":[],"product_cat":[15,21],"product_tag":[65,256,396],"class_list":{"0":"post-2102","1":"product","2":"type-product","3":"status-publish","4":"has-post-thumbnail","6":"product_cat-uhmwpe-hdpe-sheets-plates","7":"product_cat-uhmwpe-fender-pads","8":"product_tag-cribbing-blocks","9":"product_tag-outrigger-pads","10":"product_tag-uhmwpe","12":"first","13":"instock","14":"shipping-taxable","15":"product-type-simple"},"_links":{"self":[{"href":"https:\/\/uhmwpemanufacture.com\/es\/wp-json\/wp\/v2\/product\/2102","targetHints":{"allow":["GET"]}}],"collection":[{"href":"https:\/\/uhmwpemanufacture.com\/es\/wp-json\/wp\/v2\/product"}],"about":[{"href":"https:\/\/uhmwpemanufacture.com\/es\/wp-json\/wp\/v2\/types\/product"}],"wp:featuredmedia":[{"embeddable":true,"href":"https:\/\/uhmwpemanufacture.com\/es\/wp-json\/wp\/v2\/media\/2107"}],"wp:attachment":[{"href":"https:\/\/uhmwpemanufacture.com\/es\/wp-json\/wp\/v2\/media?parent=2102"}],"wp:term":[{"taxonomy":"product_brand","embeddable":true,"href":"https:\/\/uhmwpemanufacture.com\/es\/wp-json\/wp\/v2\/product_brand?post=2102"},{"taxonomy":"product_cat","embeddable":true,"href":"https:\/\/uhmwpemanufacture.com\/es\/wp-json\/wp\/v2\/product_cat?post=2102"},{"taxonomy":"product_tag","embeddable":true,"href":"https:\/\/uhmwpemanufacture.com\/es\/wp-json\/wp\/v2\/product_tag?post=2102"}],"curies":[{"name":"wp","href":"https:\/\/api.w.org\/{rel}","templated":true}]}}