{"id":2108,"date":"2025-10-11T02:10:09","date_gmt":"2025-10-11T02:10:09","guid":{"rendered":"https:\/\/uhmwpemanufacture.com\/?post_type=product&#038;p=2108"},"modified":"2025-10-11T02:10:09","modified_gmt":"2025-10-11T02:10:09","slug":"pp-pe-ring-gear-left-rotated-helical-gear-reducer-vendor","status":"publish","type":"product","link":"https:\/\/uhmwpemanufacture.com\/es\/pp-pe-ring-gear-left-rotated-helical-gear-reducer-vendor\/","title":{"rendered":"Reductor de engranajes helicoidales de giro a la izquierda PP PE Proveedor"},"content":{"rendered":"<h2 id=\"pp-pe-ring-equipment-left-revolved-helical-gear-reducer-vendor\">Equipo de anillo de PP PE Reductor de engranajes helicoidales de giro a la izquierda Proveedor<\/h2>\n<p>Las im\u00e1genes muestran un engranaje helicoidal de color azul intenso, fabricado con pl\u00e1stico PP o PE de larga duraci\u00f3n. Este equipo helicoidal girado a la izquierda presenta un dise\u00f1o de corona dentada con un nacimiento central, lleno de dos aberturas de tornillo para una instalaci\u00f3n segura. Los dientes helicoidales son claramente visibles, lo que indica su uso deseado en sistemas de reducci\u00f3n de engranajes en los que es esencial una transmisi\u00f3n de potencia suave y fiable. El color azul distintivo hace que sea convenientemente reconocible, y la construcci\u00f3n de pl\u00e1stico sugiere que es ligero, resistente a la corrosi\u00f3n, y adecuado para aplicaciones en las que los engranajes de metal podr\u00eda ser demasiado pesado o susceptibles de uso de los productos qu\u00edmicos o la humedad. Este equipo es un elemento \u00f3ptimo para numerosas aplicaciones mec\u00e1nicas que requieren la disminuci\u00f3n de engranajes de buena reputaci\u00f3n y bajo mantenimiento.<\/p>","protected":false},"excerpt":{"rendered":"<p>Esta corona dentada helicoidal azul de PP\/PE con rotaci\u00f3n a la izquierda est\u00e1 dise\u00f1ada con precisi\u00f3n para sistemas de reducci\u00f3n de engranajes. Con un agujero central y orificios de montaje, ofrece una transmisi\u00f3n de potencia suave y eficaz. Ligera, resistente a la corrosi\u00f3n y duradera, es perfecta para diversas aplicaciones mec\u00e1nicas que requieren componentes fiables y de bajo mantenimiento.<\/p>","protected":false},"featured_media":2114,"template":"","meta":{"_gspb_post_css":""},"product_brand":[],"product_cat":[35],"product_tag":[400,398,399],"class_list":{"0":"post-2108","1":"product","2":"type-product","3":"status-publish","4":"has-post-thumbnail","6":"product_cat-pp-pe-products","7":"product_tag-gear-reducer","8":"product_tag-helical-gear","9":"product_tag-plastic-gear","11":"first","12":"instock","13":"shipping-taxable","14":"product-type-simple"},"_links":{"self":[{"href":"https:\/\/uhmwpemanufacture.com\/es\/wp-json\/wp\/v2\/product\/2108","targetHints":{"allow":["GET"]}}],"collection":[{"href":"https:\/\/uhmwpemanufacture.com\/es\/wp-json\/wp\/v2\/product"}],"about":[{"href":"https:\/\/uhmwpemanufacture.com\/es\/wp-json\/wp\/v2\/types\/product"}],"wp:featuredmedia":[{"embeddable":true,"href":"https:\/\/uhmwpemanufacture.com\/es\/wp-json\/wp\/v2\/media\/2114"}],"wp:attachment":[{"href":"https:\/\/uhmwpemanufacture.com\/es\/wp-json\/wp\/v2\/media?parent=2108"}],"wp:term":[{"taxonomy":"product_brand","embeddable":true,"href":"https:\/\/uhmwpemanufacture.com\/es\/wp-json\/wp\/v2\/product_brand?post=2108"},{"taxonomy":"product_cat","embeddable":true,"href":"https:\/\/uhmwpemanufacture.com\/es\/wp-json\/wp\/v2\/product_cat?post=2108"},{"taxonomy":"product_tag","embeddable":true,"href":"https:\/\/uhmwpemanufacture.com\/es\/wp-json\/wp\/v2\/product_tag?post=2108"}],"curies":[{"name":"wp","href":"https:\/\/api.w.org\/{rel}","templated":true}]}}