{"id":2115,"date":"2025-10-11T02:14:11","date_gmt":"2025-10-11T02:14:11","guid":{"rendered":"https:\/\/uhmwpemanufacture.com\/?post_type=product&#038;p=2115"},"modified":"2025-10-11T02:14:11","modified_gmt":"2025-10-11T02:14:11","slug":"nylon-sheet-plastic-polyethylene-hdpe-sheet-wholesaler","status":"publish","type":"product","link":"https:\/\/uhmwpemanufacture.com\/es\/nylon-sheet-plastic-polyethylene-hdpe-sheet-wholesaler\/","title":{"rendered":"Nylon Hoja de pl\u00e1stico Polietileno HDPE Hoja Mayorista"},"content":{"rendered":"<h2 id=\"nylon-sheet-plastic-polyethylene-hdpe-sheet-wholesaler\">Nylon Hoja de pl\u00e1stico Polietileno HDPE Hoja Mayorista<\/h2>\n<p>Las fotos muestran una variada gama de l\u00e1minas y varillas de pl\u00e1stico de alta calidad, destacando su flexibilidad y sus posibles aplicaciones. Una de las fotos muestra una animada pila de l\u00e1minas cuadradas en rojo, blanco, negro y respetuoso con el medio ambiente, lo que demuestra la accesibilidad de m\u00faltiples colores y una superficie lisa y uniforme. La segunda imagen ampl\u00eda esta idea, mostrando una gama m\u00e1s amplia de l\u00e1minas blancas y negras, junto a numerosas varillas redondas y con formas personalizadas, compuestas por un mont\u00f3n naranja y rojo. Esta colecci\u00f3n es \u00f3ptima para un distribuidor especializado en planchas de nailon, polietileno y HDPE. Estos materiales son famosos por su robustez, resistencia a los efectos y flexibilidad, lo que los hace apropiados para innumerables trabajos comerciales, empresariales e innovadores.<\/p>","protected":false},"excerpt":{"rendered":"<p>Nuestro mayorista ofrece una amplia gama de l\u00e1minas y varillas de pl\u00e1stico de nailon, polietileno y HDPE. Disponibles en varios colores y formas, estos materiales duraderos y resistentes a los impactos son perfectos para innumerables proyectos industriales, comerciales y creativos, proporcionando soluciones vers\u00e1tiles para todas sus necesidades de pl\u00e1stico.<\/p>","protected":false},"featured_media":2120,"template":"","meta":{"_gspb_post_css":""},"product_brand":[],"product_cat":[23],"product_tag":[397,401,395],"class_list":{"0":"post-2115","1":"product","2":"type-product","3":"status-publish","4":"has-post-thumbnail","6":"product_cat-nylon-sheets","7":"product_tag-hdpe","8":"product_tag-nylon","9":"product_tag-plastic-sheets","11":"first","12":"instock","13":"shipping-taxable","14":"product-type-simple"},"_links":{"self":[{"href":"https:\/\/uhmwpemanufacture.com\/es\/wp-json\/wp\/v2\/product\/2115","targetHints":{"allow":["GET"]}}],"collection":[{"href":"https:\/\/uhmwpemanufacture.com\/es\/wp-json\/wp\/v2\/product"}],"about":[{"href":"https:\/\/uhmwpemanufacture.com\/es\/wp-json\/wp\/v2\/types\/product"}],"wp:featuredmedia":[{"embeddable":true,"href":"https:\/\/uhmwpemanufacture.com\/es\/wp-json\/wp\/v2\/media\/2120"}],"wp:attachment":[{"href":"https:\/\/uhmwpemanufacture.com\/es\/wp-json\/wp\/v2\/media?parent=2115"}],"wp:term":[{"taxonomy":"product_brand","embeddable":true,"href":"https:\/\/uhmwpemanufacture.com\/es\/wp-json\/wp\/v2\/product_brand?post=2115"},{"taxonomy":"product_cat","embeddable":true,"href":"https:\/\/uhmwpemanufacture.com\/es\/wp-json\/wp\/v2\/product_cat?post=2115"},{"taxonomy":"product_tag","embeddable":true,"href":"https:\/\/uhmwpemanufacture.com\/es\/wp-json\/wp\/v2\/product_tag?post=2115"}],"curies":[{"name":"wp","href":"https:\/\/api.w.org\/{rel}","templated":true}]}}