{"id":2121,"date":"2025-10-11T02:22:13","date_gmt":"2025-10-11T02:22:13","guid":{"rendered":"https:\/\/uhmwpemanufacture.com\/?post_type=product&#038;p=2121"},"modified":"2025-10-11T02:22:13","modified_gmt":"2025-10-11T02:22:13","slug":"uhmwpe-sheet-lead-boron-polyethylene-plate-board-distributor","status":"publish","type":"product","link":"https:\/\/uhmwpemanufacture.com\/es\/uhmwpe-sheet-lead-boron-polyethylene-plate-board-distributor\/","title":{"rendered":"Distribuidor de placas de polietileno de boro y plomo UHMWPE"},"content":{"rendered":"<h2 id=\"uhmwpe-sheet-lead-boron-polyethylene-plate-board-representative\">Plancha de UHMWPE Placa de polietileno con plomo y boro Representante de la Junta<\/h2>\n<p>La imagen muestra una pila de planchas gruesas de color oscuro, probablemente de UHMWPE o polietileno de plomo y boro, sobre un pal\u00e9 de madera en una instalaci\u00f3n industrial. Estas robustas planchas muestran marcas visibles de dispositivos en sus laterales, lo que indica que est\u00e1n reci\u00e9n cortadas y listas para su distribuci\u00f3n o mayor procesamiento. Su grosor considerable y su aspecto robusto recomiendan una resistencia extrema y una gran eficacia para aplicaciones exigentes. Estos materiales suelen utilizarse en entornos que exigen una resistencia excepcional al desgaste, resistencia a los impactos o determinadas construcciones de blindaje, como en seguridad nuclear o radiol\u00f3gica. Como representante, estas chapas utilizan un servicio flexible para diversos trabajos industriales duraderos y de ingenier\u00eda a medida.<\/p>","protected":false},"excerpt":{"rendered":"<p>Planchas gruesas y oscuras de UHMWPE\/Polietileno de plomo-boro, reci\u00e9n cortadas y paletizadas. Estas robustas planchas ofrecen una durabilidad extrema y un alto rendimiento para aplicaciones exigentes. Ideales para resistencia al desgaste, resistencia al impacto o blindaje especializado, ofrecen soluciones vers\u00e1tiles para proyectos industriales y de ingenier\u00eda.<\/p>","protected":false},"featured_media":2125,"template":"","meta":{"_gspb_post_css":""},"product_brand":[],"product_cat":[15,19],"product_tag":[307,402,396],"class_list":{"0":"post-2121","1":"product","2":"type-product","3":"status-publish","4":"has-post-thumbnail","6":"product_cat-uhmwpe-hdpe-sheets-plates","7":"product_cat-lead-boron-polyethylene-plates","8":"product_tag-lead-boron-plate","9":"product_tag-polyethylene-sheets","10":"product_tag-uhmwpe","12":"first","13":"instock","14":"shipping-taxable","15":"product-type-simple"},"_links":{"self":[{"href":"https:\/\/uhmwpemanufacture.com\/es\/wp-json\/wp\/v2\/product\/2121","targetHints":{"allow":["GET"]}}],"collection":[{"href":"https:\/\/uhmwpemanufacture.com\/es\/wp-json\/wp\/v2\/product"}],"about":[{"href":"https:\/\/uhmwpemanufacture.com\/es\/wp-json\/wp\/v2\/types\/product"}],"wp:featuredmedia":[{"embeddable":true,"href":"https:\/\/uhmwpemanufacture.com\/es\/wp-json\/wp\/v2\/media\/2125"}],"wp:attachment":[{"href":"https:\/\/uhmwpemanufacture.com\/es\/wp-json\/wp\/v2\/media?parent=2121"}],"wp:term":[{"taxonomy":"product_brand","embeddable":true,"href":"https:\/\/uhmwpemanufacture.com\/es\/wp-json\/wp\/v2\/product_brand?post=2121"},{"taxonomy":"product_cat","embeddable":true,"href":"https:\/\/uhmwpemanufacture.com\/es\/wp-json\/wp\/v2\/product_cat?post=2121"},{"taxonomy":"product_tag","embeddable":true,"href":"https:\/\/uhmwpemanufacture.com\/es\/wp-json\/wp\/v2\/product_tag?post=2121"}],"curies":[{"name":"wp","href":"https:\/\/api.w.org\/{rel}","templated":true}]}}