{"id":2126,"date":"2025-10-11T02:29:11","date_gmt":"2025-10-11T02:29:11","guid":{"rendered":"https:\/\/uhmwpemanufacture.com\/?post_type=product&#038;p=2126"},"modified":"2025-10-11T02:29:11","modified_gmt":"2025-10-11T02:29:11","slug":"custom-high-density-polyethylene-hdpe-board-wholesaler","status":"publish","type":"product","link":"https:\/\/uhmwpemanufacture.com\/es\/custom-high-density-polyethylene-hdpe-board-wholesaler\/","title":{"rendered":"Tablero de polietileno de alta densidad HDPE a medida Mayorista"},"content":{"rendered":"<h2 id=\"personalized-high-density-polyethylene-hdpe-board-dealer\">Distribuidor de placas de polietileno de alta densidad (HDPE) personalizadas<\/h2>\n<p>Somos un mayorista l\u00edder de planchas de polietileno de alta densidad (HDPE) personalizadas, y ofrecemos una gran variedad de colores y densidades para satisfacer sus necesidades espec\u00edficas. Nuestras planchas y postes de HDPE son reconocidos por su excepcional elasticidad, resistencia qu\u00edmica y adaptabilidad, lo que los hace perfectos para diversas aplicaciones industriales y de la industria. Desde grandes bloques blancos apilados listos para refinar hasta una gran variedad de planchas de colores y postes cil\u00edndricos, nuestros art\u00edculos est\u00e1n fabricados para ofrecer la m\u00e1xima calidad y eficacia. Tanto si necesita cortes personalizados como dimensiones detalladas, le ofrecemos opciones de HDPE fiables y de alta calidad para todos sus trabajos.<\/p>","protected":false},"excerpt":{"rendered":"<p>Custom High Density Polyethylene (HDPE) Board Wholesaler ofrece una diversa gama de l\u00e1minas y varillas de HDPE en varios colores y tama\u00f1os. Nuestros productos son duraderos, resistentes a productos qu\u00edmicos, e ideal para aplicaciones industriales y comerciales, disponibles en bloques blancos a granel o l\u00e1minas de colores surtidos y varillas.<\/p>","protected":false},"featured_media":2127,"template":"","meta":{"_gspb_post_css":""},"product_brand":[],"product_cat":[29,32],"product_tag":[404,405,403],"class_list":{"0":"post-2126","1":"product","2":"type-product","3":"status-publish","4":"has-post-thumbnail","6":"product_cat-ice-rink-products","7":"product_cat-ice-synthetic-panels","8":"product_tag-custom-plastic","9":"product_tag-plastic-wholesaler","10":"product_tag-polyethylene","12":"first","13":"instock","14":"shipping-taxable","15":"product-type-simple"},"_links":{"self":[{"href":"https:\/\/uhmwpemanufacture.com\/es\/wp-json\/wp\/v2\/product\/2126","targetHints":{"allow":["GET"]}}],"collection":[{"href":"https:\/\/uhmwpemanufacture.com\/es\/wp-json\/wp\/v2\/product"}],"about":[{"href":"https:\/\/uhmwpemanufacture.com\/es\/wp-json\/wp\/v2\/types\/product"}],"wp:featuredmedia":[{"embeddable":true,"href":"https:\/\/uhmwpemanufacture.com\/es\/wp-json\/wp\/v2\/media\/2127"}],"wp:attachment":[{"href":"https:\/\/uhmwpemanufacture.com\/es\/wp-json\/wp\/v2\/media?parent=2126"}],"wp:term":[{"taxonomy":"product_brand","embeddable":true,"href":"https:\/\/uhmwpemanufacture.com\/es\/wp-json\/wp\/v2\/product_brand?post=2126"},{"taxonomy":"product_cat","embeddable":true,"href":"https:\/\/uhmwpemanufacture.com\/es\/wp-json\/wp\/v2\/product_cat?post=2126"},{"taxonomy":"product_tag","embeddable":true,"href":"https:\/\/uhmwpemanufacture.com\/es\/wp-json\/wp\/v2\/product_tag?post=2126"}],"curies":[{"name":"wp","href":"https:\/\/api.w.org\/{rel}","templated":true}]}}