{"id":2132,"date":"2025-10-11T02:33:53","date_gmt":"2025-10-11T02:33:53","guid":{"rendered":"https:\/\/uhmwpemanufacture.com\/?post_type=product&#038;p=2132"},"modified":"2025-10-11T02:33:53","modified_gmt":"2025-10-11T02:33:53","slug":"hockeyicerink-dasher-boards-pe-hdpe-uhmwpe-plastic-sheet","status":"publish","type":"product","link":"https:\/\/uhmwpemanufacture.com\/es\/hockeyicerink-dasher-boards-pe-hdpe-uhmwpe-plastic-sheet\/","title":{"rendered":"Hockey(Hielo)Pista Dasher Tablas PE HDPE UHMWPE Pl\u00e1stico Hoja"},"content":{"rendered":"<h2 id=\"hockey-ice-rink-dasher-boards-pe-hdpe-uhmwpe-plastic-sheet\">Hockey (Hielo) Pista Dasher Tablas PE HDPE UHMWPE Pl\u00e1stico Hoja<\/h2>\n<p>Nos concentramos en l\u00e1minas de pl\u00e1stico de alta calidad ideales para placas de hockey y pistas de hielo, fabricadas con productos de PE, HDPE y UHMWPE. Nuestras planchas est\u00e1n dise\u00f1adas para ofrecer una resistencia y una durabilidad extraordinarias, capaces de resistir las duras condiciones de los deportes sobre hielo. Disponibles en una gama de tonos din\u00e1micos como azul, rojo, blanco, negro y ecol\u00f3gico, as\u00ed como en varios grosores, estas planchas de pl\u00e1stico garantizan una eficacia y seguridad \u00f3ptimas para cualquier tipo de pista. Tanto si necesita paneles robustos para campos profesionales como servicios duraderos para pistas de barrio, nuestras l\u00e1minas de pl\u00e1stico personalizadas ofrecen una excelente resistencia a los efectos, un bajo rozamiento y una calidad superior duradera. Tambi\u00e9n ofrecemos al por mayor l\u00e1minas blancas convencionales, listas para instalar o personalizar.<\/p>","protected":false},"excerpt":{"rendered":"<p>Nuestras planchas de pl\u00e1stico de PE, HDPE y UHMWPE son perfectas para los paneles de hockey y las pistas de hielo. Ofrecen una durabilidad y una resistencia a los impactos excepcionales, y est\u00e1n disponibles en varios colores como azul, rojo, blanco, negro y verde, lo que garantiza un rendimiento y una seguridad \u00f3ptimos en cualquier pista.<\/p>","protected":false},"featured_media":2134,"template":"","meta":{"_gspb_post_css":""},"product_brand":[],"product_cat":[29,30],"product_tag":[406,407,408],"class_list":{"0":"post-2132","1":"product","2":"type-product","3":"status-publish","4":"has-post-thumbnail","6":"product_cat-ice-rink-products","7":"product_cat-hockey-ice-rink-dasher-boards","8":"product_tag-hockey-boards","9":"product_tag-ice-rink-plastic","10":"product_tag-uhmwpe-sheets","12":"first","13":"instock","14":"shipping-taxable","15":"product-type-simple"},"_links":{"self":[{"href":"https:\/\/uhmwpemanufacture.com\/es\/wp-json\/wp\/v2\/product\/2132","targetHints":{"allow":["GET"]}}],"collection":[{"href":"https:\/\/uhmwpemanufacture.com\/es\/wp-json\/wp\/v2\/product"}],"about":[{"href":"https:\/\/uhmwpemanufacture.com\/es\/wp-json\/wp\/v2\/types\/product"}],"wp:featuredmedia":[{"embeddable":true,"href":"https:\/\/uhmwpemanufacture.com\/es\/wp-json\/wp\/v2\/media\/2134"}],"wp:attachment":[{"href":"https:\/\/uhmwpemanufacture.com\/es\/wp-json\/wp\/v2\/media?parent=2132"}],"wp:term":[{"taxonomy":"product_brand","embeddable":true,"href":"https:\/\/uhmwpemanufacture.com\/es\/wp-json\/wp\/v2\/product_brand?post=2132"},{"taxonomy":"product_cat","embeddable":true,"href":"https:\/\/uhmwpemanufacture.com\/es\/wp-json\/wp\/v2\/product_cat?post=2132"},{"taxonomy":"product_tag","embeddable":true,"href":"https:\/\/uhmwpemanufacture.com\/es\/wp-json\/wp\/v2\/product_tag?post=2132"}],"curies":[{"name":"wp","href":"https:\/\/api.w.org\/{rel}","templated":true}]}}