{"id":2139,"date":"2025-10-11T02:37:58","date_gmt":"2025-10-11T02:37:58","guid":{"rendered":"https:\/\/uhmwpemanufacture.com\/?post_type=product&#038;p=2139"},"modified":"2025-10-11T02:37:58","modified_gmt":"2025-10-11T02:37:58","slug":"polypropylene-sheet-hockey-practice-shooting-pads-exporter","status":"publish","type":"product","link":"https:\/\/uhmwpemanufacture.com\/es\/polypropylene-sheet-hockey-practice-shooting-pads-exporter\/","title":{"rendered":"Hoja de polipropileno Hockey Pr\u00e1ctica Shooting Pads Exportador"},"content":{"rendered":"<h2 id=\"polypropylene-sheet-hockey-method-capturing-cushions-exporter\">Polypropylene Sheet Hockey Method Capturing Cushions Exportador<\/h2>\n<p>Somos un exportador l\u00edder de l\u00e1minas de polipropileno de alta calidad, perfectas para crear almohadillas de captura de m\u00e9todos de hockey resistentes y fiables. Nuestras hojas de PP se hacen a mano para la diapositiva de primera calidad y poner en la resistencia, asemej\u00e1ndose a los problemas reales de hielo para impulsar la formaci\u00f3n de los jugadores. Como se muestra en la imagen, nuestras hojas est\u00e1n disponibles al por mayor, apilados muy bien y listo para la entrega, lo que significa nuestra capacidad para grandes pedidos y suministro de buena reputaci\u00f3n. Cada l\u00e1mina ofrece una superficie lisa y constante, lo que la convierte en la mejor para establecer la precisi\u00f3n de tiro, las habilidades de stickhandling y las estrategias de pase. Ofrecemos varios grosores y medidas personalizadas para satisfacer las exigencias de entrenadores, centros de formaci\u00f3n y jugadores espec\u00edficos a escala internacional. Elija nuestras planchas de polipropileno para obtener una opci\u00f3n econ\u00f3mica y resistente para potenciar el m\u00e9todo de hockey.<\/p>","protected":false},"excerpt":{"rendered":"<p>Exportamos planchas de polipropileno de alta calidad para almohadillas de tiro de pr\u00e1cticas de hockey. Estas hojas duraderas ofrecen un deslizamiento superior, imitando el hielo para mejorar la pr\u00e1ctica de tiro, stickhandling y pase. Disponibles a granel, nuestras planchas de PP son una soluci\u00f3n fiable para instalaciones de entrenamiento y jugadores de todo el mundo.<\/p>","protected":false},"featured_media":2141,"template":"","meta":{"_gspb_post_css":""},"product_brand":[],"product_cat":[29,31],"product_tag":[410,84,409],"class_list":{"0":"post-2139","1":"product","2":"type-product","3":"status-publish","4":"has-post-thumbnail","6":"product_cat-ice-rink-products","7":"product_cat-hockey-practice-shooting-pads","8":"product_tag-hockey-practice","9":"product_tag-hockey-shooting-pads","10":"product_tag-polypropylene-sheets","12":"first","13":"instock","14":"shipping-taxable","15":"product-type-simple"},"_links":{"self":[{"href":"https:\/\/uhmwpemanufacture.com\/es\/wp-json\/wp\/v2\/product\/2139","targetHints":{"allow":["GET"]}}],"collection":[{"href":"https:\/\/uhmwpemanufacture.com\/es\/wp-json\/wp\/v2\/product"}],"about":[{"href":"https:\/\/uhmwpemanufacture.com\/es\/wp-json\/wp\/v2\/types\/product"}],"wp:featuredmedia":[{"embeddable":true,"href":"https:\/\/uhmwpemanufacture.com\/es\/wp-json\/wp\/v2\/media\/2141"}],"wp:attachment":[{"href":"https:\/\/uhmwpemanufacture.com\/es\/wp-json\/wp\/v2\/media?parent=2139"}],"wp:term":[{"taxonomy":"product_brand","embeddable":true,"href":"https:\/\/uhmwpemanufacture.com\/es\/wp-json\/wp\/v2\/product_brand?post=2139"},{"taxonomy":"product_cat","embeddable":true,"href":"https:\/\/uhmwpemanufacture.com\/es\/wp-json\/wp\/v2\/product_cat?post=2139"},{"taxonomy":"product_tag","embeddable":true,"href":"https:\/\/uhmwpemanufacture.com\/es\/wp-json\/wp\/v2\/product_tag?post=2139"}],"curies":[{"name":"wp","href":"https:\/\/api.w.org\/{rel}","templated":true}]}}