{"id":2144,"date":"2025-10-11T02:41:50","date_gmt":"2025-10-11T02:41:50","guid":{"rendered":"https:\/\/uhmwpemanufacture.com\/?post_type=product&#038;p=2144"},"modified":"2025-10-11T02:41:50","modified_gmt":"2025-10-11T02:41:50","slug":"uhmwpe-pom-hdpe-nylon-polyethylene-floor-ball-dasher-boards","status":"publish","type":"product","link":"https:\/\/uhmwpemanufacture.com\/es\/uhmwpe-pom-hdpe-nylon-polyethylene-floor-ball-dasher-boards\/","title":{"rendered":"Uhmwpe Pom Hdpe Nylon Polietileno Tablas de bolas para suelos"},"content":{"rendered":"<h2 id=\"uhmwpe-pom-hdpe-nylon-polyethylene-floorball-dasher-boards\">UHMWPE, POM, HDPE, Nylon Tableros de polietileno Floorball Dasher<\/h2>\n<p>Suministramos l\u00e1minas de pl\u00e1stico de primera calidad fabricadas con polietileno UHMWPE, POM, HDPE y nailon, especialmente desarrolladas para tableros de baloncesto resistentes y de alto rendimiento. Estos productos ofrecen una notable resistencia a los efectos, una fricci\u00f3n reducida y excelentes propiedades de desgaste, garantizando un ambiente de juego robusto y sin riesgos. La imagen muestra una selecci\u00f3n de estas planchas de alta calidad en blanco y negro, mostrando su s\u00f3lida construcci\u00f3n y suave revestimiento. Nuestras planchas de baloncesto est\u00e1n disponibles en numerosos espesores y pueden personalizarse para satisfacer ciertas dimensiones de pista y exigencias de disposici\u00f3n. Perfectas tanto para campos profesionales como para centros de entretenimiento, estas vers\u00e1tiles planchas de pl\u00e1stico garantizan una eficacia duradera, un mantenimiento marginal y una integridad estructural superior para cualquier configuraci\u00f3n de floorball.<\/p>","protected":false},"excerpt":{"rendered":"<p>Nuestras l\u00e1minas de polietileno UHMWPE, POM, HDPE y nailon son ideales para tableros de baloncesto duraderos. Estas l\u00e1minas de pl\u00e1stico de alta calidad ofrecen una excelente resistencia a los impactos y una baja fricci\u00f3n, lo que garantiza un entorno de juego seguro y robusto. Disponibles en blanco y negro, son perfectas para cualquier instalaci\u00f3n de floorball.<\/p>","protected":false},"featured_media":2147,"template":"","meta":{"_gspb_post_css":""},"product_brand":[],"product_cat":[29,33,23],"product_tag":[248,411,408],"class_list":{"0":"post-2144","1":"product","2":"type-product","3":"status-publish","4":"has-post-thumbnail","6":"product_cat-ice-rink-products","7":"product_cat-floor-ball-dasher-boards","8":"product_cat-nylon-sheets","9":"product_tag-floorball-dasher-boards","10":"product_tag-hdpe-plastic","11":"product_tag-uhmwpe-sheets","13":"first","14":"instock","15":"shipping-taxable","16":"product-type-simple"},"_links":{"self":[{"href":"https:\/\/uhmwpemanufacture.com\/es\/wp-json\/wp\/v2\/product\/2144","targetHints":{"allow":["GET"]}}],"collection":[{"href":"https:\/\/uhmwpemanufacture.com\/es\/wp-json\/wp\/v2\/product"}],"about":[{"href":"https:\/\/uhmwpemanufacture.com\/es\/wp-json\/wp\/v2\/types\/product"}],"wp:featuredmedia":[{"embeddable":true,"href":"https:\/\/uhmwpemanufacture.com\/es\/wp-json\/wp\/v2\/media\/2147"}],"wp:attachment":[{"href":"https:\/\/uhmwpemanufacture.com\/es\/wp-json\/wp\/v2\/media?parent=2144"}],"wp:term":[{"taxonomy":"product_brand","embeddable":true,"href":"https:\/\/uhmwpemanufacture.com\/es\/wp-json\/wp\/v2\/product_brand?post=2144"},{"taxonomy":"product_cat","embeddable":true,"href":"https:\/\/uhmwpemanufacture.com\/es\/wp-json\/wp\/v2\/product_cat?post=2144"},{"taxonomy":"product_tag","embeddable":true,"href":"https:\/\/uhmwpemanufacture.com\/es\/wp-json\/wp\/v2\/product_tag?post=2144"}],"curies":[{"name":"wp","href":"https:\/\/api.w.org\/{rel}","templated":true}]}}