{"id":2149,"date":"2025-10-11T02:46:25","date_gmt":"2025-10-11T02:46:25","guid":{"rendered":"https:\/\/uhmwpemanufacture.com\/?post_type=product&#038;p=2149"},"modified":"2025-10-11T02:46:25","modified_gmt":"2025-10-11T02:46:25","slug":"custom-paving-slabs-ground-protection-road-dura-mat-dealer","status":"publish","type":"product","link":"https:\/\/uhmwpemanufacture.com\/es\/custom-paving-slabs-ground-protection-road-dura-mat-dealer\/","title":{"rendered":"Losas de pavimentaci\u00f3n a medida Protecci\u00f3n del suelo Carretera Dura Mat Distribuidor"},"content":{"rendered":"<h2 id=\"custom-paving-slabs-ground-protection-road-dura-floor-covering-supplier\">Custom Paving Slabs Ground Protection Road Dura Floor Covering Proveedor<\/h2>\n<p>Somos uno de los principales proveedores de losas de pavimentaci\u00f3n personalizadas y esteras dura para carreteras de protecci\u00f3n del suelo, dise\u00f1adas para proporcionar una s\u00f3lida accesibilidad moment\u00e1nea y seguridad de la superficie en entornos dif\u00edciles. Como se ve en las fotos, nuestras esteras resistentes incluyen un patr\u00f3n de placa de diamante \u00fanico para la tracci\u00f3n impulsada, haci\u00e9ndolos perfectos para obras de construcci\u00f3n, ocasiones, y cualquier \u00e1rea que requiere cobertura de suelo firme, antideslizante. Ofrecemos grandes cantidades de estas alfombrillas, bien apiladas en pal\u00e9s en nuestro almac\u00e9n, preparadas para su distribuci\u00f3n. La segunda imagen muestra su \u00fatil aplicaci\u00f3n, ofreciendo un camino s\u00f3lido sobre terreno fangoso. Fabricados con productos resistentes y de alta densidad, nuestros revestimientos para suelos evitan da\u00f1os en paisajes delicados, mejoran la accesibilidad de camiones y peatones y distribuyen grandes cantidades de forma eficaz. Suministramos dimensiones y especificaciones personalizadas para satisfacer las diversas demandas de los proyectos, garantizando un rendimiento acreditado en diferentes problemas.<\/p>","protected":false},"excerpt":{"rendered":"<p>Somos un distribuidor l\u00edder de losas de pavimentaci\u00f3n personalizadas y esteras dura para carreteras de protecci\u00f3n del suelo. Nuestras esteras de alta resistencia cuentan con un patr\u00f3n de placa de diamante para una tracci\u00f3n superior, ideal para obras de construcci\u00f3n, eventos, y el acceso temporal sobre terreno dif\u00edcil como el barro.<\/p>","protected":false},"featured_media":2154,"template":"","meta":{"_gspb_post_css":""},"product_brand":[],"product_cat":[24,26,27],"product_tag":[72,412,278],"class_list":{"0":"post-2149","1":"product","2":"type-product","3":"status-publish","4":"has-post-thumbnail","6":"product_cat-ground-protection-road-mats","7":"product_cat-base-mats","8":"product_cat-dura-mats","9":"product_tag-ground-protection-mats","10":"product_tag-paving-slabs","11":"product_tag-road-mats","13":"first","14":"instock","15":"shipping-taxable","16":"product-type-simple"},"_links":{"self":[{"href":"https:\/\/uhmwpemanufacture.com\/es\/wp-json\/wp\/v2\/product\/2149","targetHints":{"allow":["GET"]}}],"collection":[{"href":"https:\/\/uhmwpemanufacture.com\/es\/wp-json\/wp\/v2\/product"}],"about":[{"href":"https:\/\/uhmwpemanufacture.com\/es\/wp-json\/wp\/v2\/types\/product"}],"wp:featuredmedia":[{"embeddable":true,"href":"https:\/\/uhmwpemanufacture.com\/es\/wp-json\/wp\/v2\/media\/2154"}],"wp:attachment":[{"href":"https:\/\/uhmwpemanufacture.com\/es\/wp-json\/wp\/v2\/media?parent=2149"}],"wp:term":[{"taxonomy":"product_brand","embeddable":true,"href":"https:\/\/uhmwpemanufacture.com\/es\/wp-json\/wp\/v2\/product_brand?post=2149"},{"taxonomy":"product_cat","embeddable":true,"href":"https:\/\/uhmwpemanufacture.com\/es\/wp-json\/wp\/v2\/product_cat?post=2149"},{"taxonomy":"product_tag","embeddable":true,"href":"https:\/\/uhmwpemanufacture.com\/es\/wp-json\/wp\/v2\/product_tag?post=2149"}],"curies":[{"name":"wp","href":"https:\/\/api.w.org\/{rel}","templated":true}]}}