{"id":2156,"date":"2025-10-11T02:50:57","date_gmt":"2025-10-11T02:50:57","guid":{"rendered":"https:\/\/uhmwpemanufacture.com\/?post_type=product&#038;p=2156"},"modified":"2025-10-11T02:50:57","modified_gmt":"2025-10-11T02:50:57","slug":"outrigger-pad-ultra-high-molecular-weight-polyethylene-hdpe","status":"publish","type":"product","link":"https:\/\/uhmwpemanufacture.com\/es\/outrigger-pad-ultra-high-molecular-weight-polyethylene-hdpe\/","title":{"rendered":"Protector contra salpicaduras Polietileno de peso molecular ultra alto HDPE"},"content":{"rendered":"<h2 id=\"outrigger-pad-ultra-high-molecular-weight-polyethylene-hdpe\">Almohadilla estabilizadora: Polietileno de peso molecular ultra alto HDPE<\/h2>\n<p>Nuestras almohadillas para balancines est\u00e1n fabricadas con polietileno de peso molecular ultraalto (UHMWPE) y polietileno de alta densidad (HDPE), con una resistencia y seguridad notables para herramientas pesadas. Estas almohadillas el\u00e1sticas dispersan eficazmente las cargas, protegiendo contra da\u00f1os a las superficies y mejorando la seguridad durante los procedimientos de entrenamiento. La primera imagen muestra un \u00fanico balanc\u00edn cuadrado con un distintivo centro redondeado para una mayor sujeci\u00f3n y un c\u00f3modo asa verde para facilitar su transporte. La segunda imagen muestra su aplicaci\u00f3n pr\u00e1ctica, apoyando el pie de un balanc\u00edn en terreno irregular, mostrando su robusta capacidad de carga y las ventajas de protecci\u00f3n del suelo. Adecuados para gr\u00faas, plataformas a\u00e9reas de trabajo y otros equipos que requieren una asistencia estable, nuestros estabilizadores de UHMWPE y HDPE son inmunes al agua, los productos qu\u00edmicos y las temperaturas severas. Son un servicio fiable y duradero para los sectores de la construcci\u00f3n, la energ\u00eda y el dise\u00f1o paisaj\u00edstico, garantizando la estabilidad de los equipos y la seguridad de los conductores en cualquier obra.<\/p>","protected":false},"excerpt":{"rendered":"<p>Nuestros estabilizadores de UHMWPE y HDPE proporcionan una resistencia y estabilidad superiores para equipos pesados. Estas duraderas almohadillas distribuyen eficazmente las cargas, evitando da\u00f1os en la superficie y mejorando la seguridad durante las operaciones de elevaci\u00f3n. Con una pr\u00e1ctica asa, son ideales para gr\u00faas y plataformas a\u00e9reas.<\/p>","protected":false},"featured_media":2162,"template":"","meta":{"_gspb_post_css":""},"product_brand":[],"product_cat":[15,20],"product_tag":[397,256,396],"class_list":{"0":"post-2156","1":"product","2":"type-product","3":"status-publish","4":"has-post-thumbnail","6":"product_cat-uhmwpe-hdpe-sheets-plates","7":"product_cat-crane-outrigger-pads","8":"product_tag-hdpe","9":"product_tag-outrigger-pads","10":"product_tag-uhmwpe","12":"first","13":"instock","14":"shipping-taxable","15":"product-type-simple"},"_links":{"self":[{"href":"https:\/\/uhmwpemanufacture.com\/es\/wp-json\/wp\/v2\/product\/2156","targetHints":{"allow":["GET"]}}],"collection":[{"href":"https:\/\/uhmwpemanufacture.com\/es\/wp-json\/wp\/v2\/product"}],"about":[{"href":"https:\/\/uhmwpemanufacture.com\/es\/wp-json\/wp\/v2\/types\/product"}],"wp:featuredmedia":[{"embeddable":true,"href":"https:\/\/uhmwpemanufacture.com\/es\/wp-json\/wp\/v2\/media\/2162"}],"wp:attachment":[{"href":"https:\/\/uhmwpemanufacture.com\/es\/wp-json\/wp\/v2\/media?parent=2156"}],"wp:term":[{"taxonomy":"product_brand","embeddable":true,"href":"https:\/\/uhmwpemanufacture.com\/es\/wp-json\/wp\/v2\/product_brand?post=2156"},{"taxonomy":"product_cat","embeddable":true,"href":"https:\/\/uhmwpemanufacture.com\/es\/wp-json\/wp\/v2\/product_cat?post=2156"},{"taxonomy":"product_tag","embeddable":true,"href":"https:\/\/uhmwpemanufacture.com\/es\/wp-json\/wp\/v2\/product_tag?post=2156"}],"curies":[{"name":"wp","href":"https:\/\/api.w.org\/{rel}","templated":true}]}}