{"id":2163,"date":"2025-10-11T02:55:32","date_gmt":"2025-10-11T02:55:32","guid":{"rendered":"https:\/\/uhmwpemanufacture.com\/?post_type=product&#038;p=2163"},"modified":"2025-10-11T02:55:32","modified_gmt":"2025-10-11T02:55:32","slug":"custom-high-quality-coal-bunker-limit-plate-manufacturer","status":"publish","type":"product","link":"https:\/\/uhmwpemanufacture.com\/es\/custom-high-quality-coal-bunker-limit-plate-manufacturer\/","title":{"rendered":"Fabricante de placas l\u00edmite para tolva de carb\u00f3n de alta calidad a medida"},"content":{"rendered":"<h2 id=\"personalized-high-quality-coal-shelter-restriction-plate-manufacturer\">Fabricante de placas de restricci\u00f3n para refugios de carb\u00f3n personalizadas de alta calidad<\/h2>\n<p>Somos un proveedor l\u00edder de placas de restricci\u00f3n de tolvas de carb\u00f3n de calidad superior hechas a medida, dise\u00f1adas para un rendimiento superior y una durabilidad buscada en entornos industriales. Nuestras placas est\u00e1n fabricadas con materiales duraderos para soportar la naturaleza \u00e1spera del carb\u00f3n y el uso pesado constante, lo que garantiza un procedimiento eficaz y seguro de las carboneras. Como se muestra en la imagen, nuestras placas de restricci\u00f3n negras y cuadradas se apilan ordenadamente en pal\u00e9s de madera, lo que demuestra nuestra capacidad para la fabricaci\u00f3n a granel y el suministro organizado. Cada placa se fabrica con precisi\u00f3n, ofreciendo una magn\u00edfica resistencia al desgaste y una superficie lisa para facilitar la circulaci\u00f3n del carb\u00f3n y proteger al mismo tiempo la estructura del refugio. Proporcionamos dimensiones ajustables y composiciones de productos que se adaptan perfectamente a los detalles de sus sistemas de almacenamiento de carb\u00f3n, reduciendo los costes de mantenimiento y aumentando la eficacia funcional. Conf\u00ede en nuestros conocimientos para obtener placas de restricci\u00f3n para carboneras fiables y de alto rendimiento que satisfagan los rigurosos criterios del sector.<\/p>","protected":false},"excerpt":{"rendered":"<p>Fabricamos a medida placas limitadoras de alta calidad para tolvas de carb\u00f3n. Fabricadas con materiales robustos y resistentes al desgaste, estas placas garantizan un flujo eficaz del carb\u00f3n y protegen las estructuras de las tolvas. Disponibles a granel, nuestras placas de precisi\u00f3n ofrecen un rendimiento duradero para entornos industriales exigentes.<\/p>","protected":false},"featured_media":2164,"template":"","meta":{"_gspb_post_css":""},"product_brand":[],"product_cat":[15,22],"product_tag":[413,415,414],"class_list":{"0":"post-2163","1":"product","2":"type-product","3":"status-publish","4":"has-post-thumbnail","6":"product_cat-uhmwpe-hdpe-sheets-plates","7":"product_cat-coal-bunker-limit-plates","8":"product_tag-coal-bunker-plates","9":"product_tag-industrial-plastics","10":"product_tag-limit-plates","12":"first","13":"instock","14":"shipping-taxable","15":"product-type-simple"},"_links":{"self":[{"href":"https:\/\/uhmwpemanufacture.com\/es\/wp-json\/wp\/v2\/product\/2163","targetHints":{"allow":["GET"]}}],"collection":[{"href":"https:\/\/uhmwpemanufacture.com\/es\/wp-json\/wp\/v2\/product"}],"about":[{"href":"https:\/\/uhmwpemanufacture.com\/es\/wp-json\/wp\/v2\/types\/product"}],"wp:featuredmedia":[{"embeddable":true,"href":"https:\/\/uhmwpemanufacture.com\/es\/wp-json\/wp\/v2\/media\/2164"}],"wp:attachment":[{"href":"https:\/\/uhmwpemanufacture.com\/es\/wp-json\/wp\/v2\/media?parent=2163"}],"wp:term":[{"taxonomy":"product_brand","embeddable":true,"href":"https:\/\/uhmwpemanufacture.com\/es\/wp-json\/wp\/v2\/product_brand?post=2163"},{"taxonomy":"product_cat","embeddable":true,"href":"https:\/\/uhmwpemanufacture.com\/es\/wp-json\/wp\/v2\/product_cat?post=2163"},{"taxonomy":"product_tag","embeddable":true,"href":"https:\/\/uhmwpemanufacture.com\/es\/wp-json\/wp\/v2\/product_tag?post=2163"}],"curies":[{"name":"wp","href":"https:\/\/api.w.org\/{rel}","templated":true}]}}