{"id":2167,"date":"2025-10-11T03:00:32","date_gmt":"2025-10-11T03:00:32","guid":{"rendered":"https:\/\/uhmwpemanufacture.com\/?post_type=product&#038;p=2167"},"modified":"2025-10-11T03:00:32","modified_gmt":"2025-10-11T03:00:32","slug":"composite-ground-mat-amphi-mat-plastic-road-ground-mat","status":"publish","type":"product","link":"https:\/\/uhmwpemanufacture.com\/es\/composite-ground-mat-amphi-mat-plastic-road-ground-mat\/","title":{"rendered":"Suelo compuesto Amphi Mat Suelo de pl\u00e1stico para carreteras"},"content":{"rendered":"<h2 id=\"composite-ground-mat-amphi-mat-plastic-roadway-ground-floor-covering\">Composite Ground Mat, Amphi Mat Revestimiento de pl\u00e1stico para suelos de carreteras<\/h2>\n<p>Proporcionamos revestimientos de suelo compuestos de primera calidad, tambi\u00e9n denominados revestimientos de suelo de pl\u00e1stico para carreteras Amphi Mat, creados para lograr un acceso y una seguridad del suelo extraordinarios y de corta duraci\u00f3n. Estas esteras duraderas son ideales para la producci\u00f3n de caminos estables, sistemas de trabajo, y acceder a las calzadas sobre terrenos dif\u00edciles como el barro, la arena, o superficies desiguales. La imagen muestra una pila de nuestros duraderos revestimientos de suelo, firmemente sujetos con bandas amarillas, siendo transportados por una carretilla elevadora, lo que pone de relieve su preparaci\u00f3n para el despliegue a gran escala y su facilidad de manejo. Cada revestimiento de suelo incluye una superficie texturizada que proporciona un excelente agarre para coches y peatones, evitando resbalones y garantizando la seguridad. Fabricados con materiales compuestos resistentes y de alta densidad, nuestros revestimientos para suelos son inmunes a cargas pesadas, productos qu\u00edmicos y condiciones meteorol\u00f3gicas extremas, lo que los convierte en una selecci\u00f3n fiable para obras, eventos al aire libre, trabajos de servicios p\u00fablicos y mucho m\u00e1s. Proporcionamos tama\u00f1os personalizados para satisfacer las distintas demandas de trabajo, garantizando una defensa eficaz del suelo y una accesibilidad fiable a la obra.<\/p>","protected":false},"excerpt":{"rendered":"<p>Nuestras esteras de suelo compuestas, tambi\u00e9n conocidas como esteras de suelo de pl\u00e1stico Amphi Mat, proporcionan un acceso temporal y una protecci\u00f3n del suelo superiores. Ideales para terrenos dif\u00edciles, estas duraderas alfombras ofrecen una excelente tracci\u00f3n para veh\u00edculos y peatones, garantizando la seguridad y la eficiencia en cualquier obra.<\/p>","protected":false},"featured_media":2170,"template":"","meta":{"_gspb_post_css":""},"product_brand":[],"product_cat":[24,28,26],"product_tag":[417,392,416],"class_list":{"0":"post-2167","1":"product","2":"type-product","3":"status-publish","4":"has-post-thumbnail","6":"product_cat-ground-protection-road-mats","7":"product_cat-amphi-mats","8":"product_cat-base-mats","9":"product_tag-composite-mats","10":"product_tag-ground-mats","11":"product_tag-plastic-road-mats","13":"first","14":"instock","15":"shipping-taxable","16":"product-type-simple"},"_links":{"self":[{"href":"https:\/\/uhmwpemanufacture.com\/es\/wp-json\/wp\/v2\/product\/2167","targetHints":{"allow":["GET"]}}],"collection":[{"href":"https:\/\/uhmwpemanufacture.com\/es\/wp-json\/wp\/v2\/product"}],"about":[{"href":"https:\/\/uhmwpemanufacture.com\/es\/wp-json\/wp\/v2\/types\/product"}],"wp:featuredmedia":[{"embeddable":true,"href":"https:\/\/uhmwpemanufacture.com\/es\/wp-json\/wp\/v2\/media\/2170"}],"wp:attachment":[{"href":"https:\/\/uhmwpemanufacture.com\/es\/wp-json\/wp\/v2\/media?parent=2167"}],"wp:term":[{"taxonomy":"product_brand","embeddable":true,"href":"https:\/\/uhmwpemanufacture.com\/es\/wp-json\/wp\/v2\/product_brand?post=2167"},{"taxonomy":"product_cat","embeddable":true,"href":"https:\/\/uhmwpemanufacture.com\/es\/wp-json\/wp\/v2\/product_cat?post=2167"},{"taxonomy":"product_tag","embeddable":true,"href":"https:\/\/uhmwpemanufacture.com\/es\/wp-json\/wp\/v2\/product_tag?post=2167"}],"curies":[{"name":"wp","href":"https:\/\/api.w.org\/{rel}","templated":true}]}}