{"id":2171,"date":"2025-10-11T03:22:40","date_gmt":"2025-10-11T03:22:40","guid":{"rendered":"https:\/\/uhmwpemanufacture.com\/?post_type=product&#038;p=2171"},"modified":"2025-10-11T03:22:40","modified_gmt":"2025-10-11T03:22:40","slug":"injection-molding-plastic-products-uhmwpe-sheets-suppliers","status":"publish","type":"product","link":"https:\/\/uhmwpemanufacture.com\/es\/injection-molding-plastic-products-uhmwpe-sheets-suppliers\/","title":{"rendered":"Productos de pl\u00e1stico para moldeo por inyecci\u00f3n Hojas de UHMWPE Proveedores"},"content":{"rendered":"<h2 id=\"uhmwpe-sheets-rods\">Planchas y varillas de UHMWPE<\/h2>\n<p>Estas planchas y polos de UHMWPE (polietileno de peso molecular ultraalto) de alto rendimiento son perfectos para numerosas aplicaciones industriales. Ofrecidos en varios tonos de negro, blanco y azul, estos productos de pl\u00e1stico el\u00e1stico ofrecen una excelente resistencia al desgaste, una fricci\u00f3n reducida y una gran resistencia a los efectos. Se utilizan con frecuencia como productos pl\u00e1sticos de moldeo por inyecci\u00f3n y se suministran para diferentes necesidades de fabricaci\u00f3n en las que se necesitan productos robustos y duraderos. La imagen muestra una pila de l\u00e1minas rectangulares en varios tonos y numerosos postes cil\u00edndricos, que ponen de manifiesto la comodidad y los tipos de producto.<\/p>","protected":false},"excerpt":{"rendered":"<p>Se muestran l\u00e1minas y varillas duraderas de UHMWPE en varios colores (negro, blanco, azul, rojo, amarillo, verde). Estos productos pl\u00e1sticos de alto rendimiento ofrecen una excelente resistencia al desgaste y una gran resistencia al impacto, ideales para el moldeo por inyecci\u00f3n y aplicaciones industriales en las que se necesitan materiales robustos.<\/p>","protected":false},"featured_media":2174,"template":"","meta":{"_gspb_post_css":""},"product_brand":[],"product_cat":[15,17],"product_tag":[415,395,396],"class_list":{"0":"post-2171","1":"product","2":"type-product","3":"status-publish","4":"has-post-thumbnail","6":"product_cat-uhmwpe-hdpe-sheets-plates","7":"product_cat-uhmwpe-sheets","8":"product_tag-industrial-plastics","9":"product_tag-plastic-sheets","10":"product_tag-uhmwpe","12":"first","13":"instock","14":"shipping-taxable","15":"product-type-simple"},"_links":{"self":[{"href":"https:\/\/uhmwpemanufacture.com\/es\/wp-json\/wp\/v2\/product\/2171","targetHints":{"allow":["GET"]}}],"collection":[{"href":"https:\/\/uhmwpemanufacture.com\/es\/wp-json\/wp\/v2\/product"}],"about":[{"href":"https:\/\/uhmwpemanufacture.com\/es\/wp-json\/wp\/v2\/types\/product"}],"wp:featuredmedia":[{"embeddable":true,"href":"https:\/\/uhmwpemanufacture.com\/es\/wp-json\/wp\/v2\/media\/2174"}],"wp:attachment":[{"href":"https:\/\/uhmwpemanufacture.com\/es\/wp-json\/wp\/v2\/media?parent=2171"}],"wp:term":[{"taxonomy":"product_brand","embeddable":true,"href":"https:\/\/uhmwpemanufacture.com\/es\/wp-json\/wp\/v2\/product_brand?post=2171"},{"taxonomy":"product_cat","embeddable":true,"href":"https:\/\/uhmwpemanufacture.com\/es\/wp-json\/wp\/v2\/product_cat?post=2171"},{"taxonomy":"product_tag","embeddable":true,"href":"https:\/\/uhmwpemanufacture.com\/es\/wp-json\/wp\/v2\/product_tag?post=2171"}],"curies":[{"name":"wp","href":"https:\/\/api.w.org\/{rel}","templated":true}]}}