{"id":2176,"date":"2025-10-11T03:30:50","date_gmt":"2025-10-11T03:30:50","guid":{"rendered":"https:\/\/uhmwpemanufacture.com\/?post_type=product&#038;p=2176"},"modified":"2025-10-11T03:30:50","modified_gmt":"2025-10-11T03:30:50","slug":"heavy-duty-uhmwpe-pe-plastic-outrigger-pad-wholesaler","status":"publish","type":"product","link":"https:\/\/uhmwpemanufacture.com\/es\/heavy-duty-uhmwpe-pe-plastic-outrigger-pad-wholesaler\/","title":{"rendered":"Heavy Duty UHMWPE PE Pl\u00e1stico Outrigger Pad Mayorista"},"content":{"rendered":"<h2 id=\"sturdy-uhmwpe-outrigger-pads\">Robustos estabilizadores de UHMWPE<\/h2>\n<p>Estos robustos estabilizadores de UHMWPE (polietileno de peso molecular ultraalto) se han desarrollado para ofrecer un soporte y una seguridad excepcionales en diferentes aplicaciones comerciales. Fabricados con pl\u00e1stico PE de alta calidad, proporcionan una fuerza, resiliencia y resistencia al deterioro extraordinarias. La primera imagen muestra dos colecciones de estabilizadores apilados, de forma rectangular y color negro, con superficies texturizadas y cuerdas con asas rojas para facilitar su manejo, acompa\u00f1ados de una gr\u00faa de dise\u00f1o para resaltar su uso. La segunda foto muestra varios montones de almohadillas negras cuadradas, algunas con impresiones circulares, sobre un palet azul en un taller, listas para su distribuci\u00f3n al por mayor. Estas almohadillas son un art\u00edculo vital para garantizar la seguridad y la protecci\u00f3n contra da\u00f1os en el suelo cuando se utiliza maquinaria pesada.<\/p>","protected":false},"excerpt":{"rendered":"<p>Estos robustos estabilizadores de pl\u00e1stico UHMWPE proporcionan un soporte estable para maquinaria pesada, evitando da\u00f1os al suelo. Disponibles al por mayor, son muy duraderas, resistentes al desgaste y esenciales para unas operaciones industriales seguras.<\/p>","protected":false},"featured_media":2179,"template":"","meta":{"_gspb_post_css":""},"product_brand":[],"product_cat":[15,21],"product_tag":[418,256,396],"class_list":{"0":"post-2176","1":"product","2":"type-product","3":"status-publish","4":"has-post-thumbnail","6":"product_cat-uhmwpe-hdpe-sheets-plates","7":"product_cat-uhmwpe-fender-pads","8":"product_tag-heavy-duty","9":"product_tag-outrigger-pads","10":"product_tag-uhmwpe","12":"first","13":"instock","14":"shipping-taxable","15":"product-type-simple"},"_links":{"self":[{"href":"https:\/\/uhmwpemanufacture.com\/es\/wp-json\/wp\/v2\/product\/2176","targetHints":{"allow":["GET"]}}],"collection":[{"href":"https:\/\/uhmwpemanufacture.com\/es\/wp-json\/wp\/v2\/product"}],"about":[{"href":"https:\/\/uhmwpemanufacture.com\/es\/wp-json\/wp\/v2\/types\/product"}],"wp:featuredmedia":[{"embeddable":true,"href":"https:\/\/uhmwpemanufacture.com\/es\/wp-json\/wp\/v2\/media\/2179"}],"wp:attachment":[{"href":"https:\/\/uhmwpemanufacture.com\/es\/wp-json\/wp\/v2\/media?parent=2176"}],"wp:term":[{"taxonomy":"product_brand","embeddable":true,"href":"https:\/\/uhmwpemanufacture.com\/es\/wp-json\/wp\/v2\/product_brand?post=2176"},{"taxonomy":"product_cat","embeddable":true,"href":"https:\/\/uhmwpemanufacture.com\/es\/wp-json\/wp\/v2\/product_cat?post=2176"},{"taxonomy":"product_tag","embeddable":true,"href":"https:\/\/uhmwpemanufacture.com\/es\/wp-json\/wp\/v2\/product_tag?post=2176"}],"curies":[{"name":"wp","href":"https:\/\/api.w.org\/{rel}","templated":true}]}}