{"id":2186,"date":"2025-10-11T03:44:54","date_gmt":"2025-10-11T03:44:54","guid":{"rendered":"https:\/\/uhmwpemanufacture.com\/?post_type=product&#038;p=2186"},"modified":"2025-10-11T03:44:54","modified_gmt":"2025-10-11T03:44:54","slug":"customizable-mg-engineering-plastic-sheets-manufacturer","status":"publish","type":"product","link":"https:\/\/uhmwpemanufacture.com\/es\/customizable-mg-engineering-plastic-sheets-manufacturer\/","title":{"rendered":"Hojas de pl\u00e1stico de ingenier\u00eda MG personalizables Fabricantes"},"content":{"rendered":"<h2 id=\"adjustable-mg-engineering-plastic-parts\">Piezas de pl\u00e1stico ajustables MG Engineering<\/h2>\n<p>Somos un fabricante especializado en elementos de pl\u00e1stico de dise\u00f1o personalizable. Aunque el t\u00edtulo del producto menciona \u201cl\u00e1minas\u201d, las im\u00e1genes presentan componentes de pl\u00e1stico dise\u00f1ados con precisi\u00f3n, concretamente una selecci\u00f3n de art\u00edculos peque\u00f1os y elaborados adecuados para numerosas aplicaciones mec\u00e1nicas. Estos elementos, algunos ecol\u00f3gicos y rojos, y otros con componentes negros similares al caucho y un muelle, muestran nuestra capacidad para crear art\u00edculos a medida. Utilizamos pl\u00e1sticos de ingenier\u00eda robustos para garantizar longevidad, alto rendimiento y especificaciones precisas para industrias variadas. Nuestra competencia se extiende a la fabricaci\u00f3n de formas y ajustes complicados, proporcionando servicios a medida para satisfacer las necesidades de los clientes de piezas de pl\u00e1stico de alta calidad y reputaci\u00f3n.<\/p>","protected":false},"excerpt":{"rendered":"<p>Como fabricante, ofrecemos componentes personalizables de pl\u00e1stico t\u00e9cnico. Las im\u00e1genes muestran piezas moldeadas con precisi\u00f3n (verde, rojo, negro, con un muelle), que ponen de relieve nuestra capacidad para producir art\u00edculos intrincados a partir de pl\u00e1sticos t\u00e9cnicos duraderos para satisfacer diversas necesidades industriales.<\/p>","protected":false},"featured_media":2191,"template":"","meta":{"_gspb_post_css":""},"product_brand":[],"product_cat":[34],"product_tag":[422,71,97],"class_list":{"0":"post-2186","1":"product","2":"type-product","3":"status-publish","4":"has-post-thumbnail","6":"product_cat-mg-engineering-plastic-sheets","7":"product_tag-custom-molding","8":"product_tag-engineering-plastic","9":"product_tag-plastic-components","11":"first","12":"instock","13":"shipping-taxable","14":"product-type-simple"},"_links":{"self":[{"href":"https:\/\/uhmwpemanufacture.com\/es\/wp-json\/wp\/v2\/product\/2186","targetHints":{"allow":["GET"]}}],"collection":[{"href":"https:\/\/uhmwpemanufacture.com\/es\/wp-json\/wp\/v2\/product"}],"about":[{"href":"https:\/\/uhmwpemanufacture.com\/es\/wp-json\/wp\/v2\/types\/product"}],"wp:featuredmedia":[{"embeddable":true,"href":"https:\/\/uhmwpemanufacture.com\/es\/wp-json\/wp\/v2\/media\/2191"}],"wp:attachment":[{"href":"https:\/\/uhmwpemanufacture.com\/es\/wp-json\/wp\/v2\/media?parent=2186"}],"wp:term":[{"taxonomy":"product_brand","embeddable":true,"href":"https:\/\/uhmwpemanufacture.com\/es\/wp-json\/wp\/v2\/product_brand?post=2186"},{"taxonomy":"product_cat","embeddable":true,"href":"https:\/\/uhmwpemanufacture.com\/es\/wp-json\/wp\/v2\/product_cat?post=2186"},{"taxonomy":"product_tag","embeddable":true,"href":"https:\/\/uhmwpemanufacture.com\/es\/wp-json\/wp\/v2\/product_tag?post=2186"}],"curies":[{"name":"wp","href":"https:\/\/api.w.org\/{rel}","templated":true}]}}