{"id":2192,"date":"2025-10-11T03:49:12","date_gmt":"2025-10-11T03:49:12","guid":{"rendered":"https:\/\/uhmwpemanufacture.com\/?post_type=product&#038;p=2192"},"modified":"2025-10-11T03:49:12","modified_gmt":"2025-10-11T03:49:12","slug":"customizable-premium-mc-bar-cast-nylon-board-manufacturing","status":"publish","type":"product","link":"https:\/\/uhmwpemanufacture.com\/es\/customizable-premium-mc-bar-cast-nylon-board-manufacturing\/","title":{"rendered":"Fabricaci\u00f3n de placas de nylon fundido de barra MC personalizables de primera calidad"},"content":{"rendered":"<h2 id=\"customizable-premium-mc-cast-nylon-boards\">Tableros personalizables de nylon fundido MC de alta calidad<\/h2>\n<p>Nos centramos en la producci\u00f3n de tableros y barras de nailon MC (Monomer Cast) personalizables de primera calidad. Estos productos de pl\u00e1stico de alto rendimiento son reconocidos por su notable dureza, resistencia al uso y baja fricci\u00f3n, lo que los hace ideales para una amplia gama de aplicaciones comerciales. La primera imagen muestra una pila de tableros cuadrados de colores (rojo, respetuoso con el medio ambiente, amarillo, blanco, negro, azul), destacando la selecci\u00f3n disponible. La segunda imagen muestra enormes pilas de planchas m\u00e1s gruesas en color natural (crema\/beige), blanco y negro, lo que sugiere nuestra capacidad para generar cantidades sustanciales en diferentes dimensiones. Nuestros art\u00edculos de nylon fundido MC son perfectos para piezas que requieren excelentes propiedades mec\u00e1nicas y una larga vida \u00fatil, adaptados a sus necesidades de ingenier\u00eda de detalle.<\/p>","protected":false},"excerpt":{"rendered":"<p class=\"ng-star-inserted\"><span class=\"ng-star-inserted\">Fabricamos tableros y barras de nailon fundido MC de primera calidad. Estos pl\u00e1sticos de alto rendimiento ofrecen una fuerza superior, resistencia al desgaste y baja fricci\u00f3n. Disponibles en varios colores y tama\u00f1os, son ideales para diversas aplicaciones industriales y pueden personalizarse seg\u00fan sus especificaciones exactas.<\/span><\/p>","protected":false},"featured_media":2196,"template":"","meta":{"_gspb_post_css":""},"product_brand":[],"product_cat":[23],"product_tag":[423,425,424],"class_list":{"0":"post-2192","1":"product","2":"type-product","3":"status-publish","4":"has-post-thumbnail","6":"product_cat-nylon-sheets","7":"product_tag-cast-nylon","8":"product_tag-mc-nylon","9":"product_tag-plastic-boards","11":"first","12":"instock","13":"shipping-taxable","14":"product-type-simple"},"_links":{"self":[{"href":"https:\/\/uhmwpemanufacture.com\/es\/wp-json\/wp\/v2\/product\/2192","targetHints":{"allow":["GET"]}}],"collection":[{"href":"https:\/\/uhmwpemanufacture.com\/es\/wp-json\/wp\/v2\/product"}],"about":[{"href":"https:\/\/uhmwpemanufacture.com\/es\/wp-json\/wp\/v2\/types\/product"}],"wp:featuredmedia":[{"embeddable":true,"href":"https:\/\/uhmwpemanufacture.com\/es\/wp-json\/wp\/v2\/media\/2196"}],"wp:attachment":[{"href":"https:\/\/uhmwpemanufacture.com\/es\/wp-json\/wp\/v2\/media?parent=2192"}],"wp:term":[{"taxonomy":"product_brand","embeddable":true,"href":"https:\/\/uhmwpemanufacture.com\/es\/wp-json\/wp\/v2\/product_brand?post=2192"},{"taxonomy":"product_cat","embeddable":true,"href":"https:\/\/uhmwpemanufacture.com\/es\/wp-json\/wp\/v2\/product_cat?post=2192"},{"taxonomy":"product_tag","embeddable":true,"href":"https:\/\/uhmwpemanufacture.com\/es\/wp-json\/wp\/v2\/product_tag?post=2192"}],"curies":[{"name":"wp","href":"https:\/\/api.w.org\/{rel}","templated":true}]}}