{"id":2199,"date":"2025-10-11T06:03:00","date_gmt":"2025-10-11T06:03:00","guid":{"rendered":"https:\/\/uhmwpemanufacture.com\/?post_type=product&#038;p=2199"},"modified":"2025-10-11T06:03:00","modified_gmt":"2025-10-11T06:03:00","slug":"manufacturer-custom-pp-pe-products-nylon-plastic-wholesaler","status":"publish","type":"product","link":"https:\/\/uhmwpemanufacture.com\/es\/manufacturer-custom-pp-pe-products-nylon-plastic-wholesaler\/","title":{"rendered":"Fabricante Personalizado PP PE Productos Nylon Pl\u00e1stico Mayorista"},"content":{"rendered":"<h2 id=\"custom-plastic-components\">Componentes de pl\u00e1stico a medida<\/h2>\n<p>\u00bfEst\u00e1 buscando componentes de pl\u00e1stico de alta calidad fabricados a medida? Somos un distribuidor l\u00edder que se concentra en productos de pl\u00e1stico PP, PE y nailon fabricados a medida. Nuestra amplia variedad de habilidades nos permite producir una amplia gama de piezas, que consiste en equipos, rodillos, gu\u00edas, bujes, y las cuentas especializadas, como se ve en las fotos. Ofrecemos soluciones de moldeo y mecanizado de precisi\u00f3n para satisfacer sus requisitos espec\u00edficos, tanto si necesita componentes para equipos industriales, bienes duraderos u otras aplicaciones. Nuestro compromiso con la calidad garantiza opciones de pl\u00e1stico duraderas y fiables adaptadas a las necesidades de su tarea. P\u00f3ngase en contacto con nosotros hoy mismo para estudiar sus necesidades de producci\u00f3n de pl\u00e1sticos personalizados.<\/p>","protected":false},"excerpt":{"rendered":"<p>Somos un mayorista l\u00edder de productos de pl\u00e1stico PP, PE y nailon personalizados. Nuestra variada gama incluye engranajes moldeados con precisi\u00f3n, rodillos, gu\u00edas y piezas especializadas, todos ellos fabricados seg\u00fan sus especificaciones exactas para diversas aplicaciones industriales y de consumo.<\/p>","protected":false},"featured_media":2200,"template":"","meta":{"_gspb_post_css":""},"product_brand":[],"product_cat":[23,35],"product_tag":[125,97,426],"class_list":{"0":"post-2199","1":"product","2":"type-product","3":"status-publish","4":"has-post-thumbnail","6":"product_cat-nylon-sheets","7":"product_cat-pp-pe-products","8":"product_tag-custom-plastic-parts","9":"product_tag-plastic-components","10":"product_tag-pp-pe-nylon","12":"first","13":"instock","14":"shipping-taxable","15":"product-type-simple"},"_links":{"self":[{"href":"https:\/\/uhmwpemanufacture.com\/es\/wp-json\/wp\/v2\/product\/2199","targetHints":{"allow":["GET"]}}],"collection":[{"href":"https:\/\/uhmwpemanufacture.com\/es\/wp-json\/wp\/v2\/product"}],"about":[{"href":"https:\/\/uhmwpemanufacture.com\/es\/wp-json\/wp\/v2\/types\/product"}],"wp:featuredmedia":[{"embeddable":true,"href":"https:\/\/uhmwpemanufacture.com\/es\/wp-json\/wp\/v2\/media\/2200"}],"wp:attachment":[{"href":"https:\/\/uhmwpemanufacture.com\/es\/wp-json\/wp\/v2\/media?parent=2199"}],"wp:term":[{"taxonomy":"product_brand","embeddable":true,"href":"https:\/\/uhmwpemanufacture.com\/es\/wp-json\/wp\/v2\/product_brand?post=2199"},{"taxonomy":"product_cat","embeddable":true,"href":"https:\/\/uhmwpemanufacture.com\/es\/wp-json\/wp\/v2\/product_cat?post=2199"},{"taxonomy":"product_tag","embeddable":true,"href":"https:\/\/uhmwpemanufacture.com\/es\/wp-json\/wp\/v2\/product_tag?post=2199"}],"curies":[{"name":"wp","href":"https:\/\/api.w.org\/{rel}","templated":true}]}}