{"id":2205,"date":"2025-10-11T06:08:24","date_gmt":"2025-10-11T06:08:24","guid":{"rendered":"https:\/\/uhmwpemanufacture.com\/?post_type=product&#038;p=2205"},"modified":"2025-10-11T06:10:03","modified_gmt":"2025-10-11T06:10:03","slug":"engineering-machinery-uhmwpe-plate-crane-foot-support-pad","status":"publish","type":"product","link":"https:\/\/uhmwpemanufacture.com\/es\/engineering-machinery-uhmwpe-plate-crane-foot-support-pad\/","title":{"rendered":"Maquinaria de Ingenier\u00eda UHMWPE Placa Gr\u00faa Pie de Apoyo Pad"},"content":{"rendered":"<h2 id=\"heavy-duty-crane-foot-support-pads\">Reposapi\u00e9s para gr\u00faas pesadas<\/h2>\n<p>Estas almohadillas de soporte de pie de gr\u00faa de UHMWPE (polietileno de peso molecular ultraalto) est\u00e1n dise\u00f1adas para ofrecer un rendimiento y una resistencia excepcionales en aplicaciones de equipos de ingenier\u00eda. Desarrollado para dar asistencia estable y de buena reputaci\u00f3n, estas almohadillas distribuir lotes pesados de manera uniforme, la protecci\u00f3n contra da\u00f1os a las superficies y hacer cierta seguridad mejorada durante los procedimientos de gr\u00faas y estabilizadores. Las im\u00e1genes muestran tanto almohadillas redondas privadas como varias almohadillas rectangulares apiladas, destacando su robusta construcci\u00f3n y su \u00fatil estilo. Cada almohadilla incluye tratos sin complicaciones para una colocaci\u00f3n y recuperaci\u00f3n sencillas. Fabricadas con UHMWPE de alta calidad, estas placas son resistentes a los efectos, el desgaste y los productos qu\u00edmicos, lo que las hace excelentes para sitios de construcci\u00f3n dif\u00edciles y numerosos terrenos. Seleccione estas fiables almohadillas de soporte para proteger sus herramientas y garantizar la estabilidad operativa.<\/p>","protected":false},"excerpt":{"rendered":"<p>Nuestras almohadillas de apoyo para pies de gr\u00faa de UHMWPE ofrecen una estabilidad y una distribuci\u00f3n de la carga superiores para maquinaria de ingenier\u00eda. Dise\u00f1adas para durar, estas robustas almohadillas evitan da\u00f1os en la superficie y mejoran la seguridad en la obra. Con c\u00f3modas asas para facilitar su manejo, son resistentes a los impactos, el desgaste y los productos qu\u00edmicos, lo que garantiza un rendimiento fiable en cualquier entorno.<\/p>","protected":false},"featured_media":2211,"template":"","meta":{"_gspb_post_css":""},"product_brand":[],"product_cat":[15,21],"product_tag":[427,256,396],"class_list":{"0":"post-2205","1":"product","2":"type-product","3":"status-publish","4":"has-post-thumbnail","6":"product_cat-uhmwpe-hdpe-sheets-plates","7":"product_cat-uhmwpe-fender-pads","8":"product_tag-crane-pads","9":"product_tag-outrigger-pads","10":"product_tag-uhmwpe","12":"first","13":"instock","14":"shipping-taxable","15":"product-type-simple"},"_links":{"self":[{"href":"https:\/\/uhmwpemanufacture.com\/es\/wp-json\/wp\/v2\/product\/2205","targetHints":{"allow":["GET"]}}],"collection":[{"href":"https:\/\/uhmwpemanufacture.com\/es\/wp-json\/wp\/v2\/product"}],"about":[{"href":"https:\/\/uhmwpemanufacture.com\/es\/wp-json\/wp\/v2\/types\/product"}],"wp:featuredmedia":[{"embeddable":true,"href":"https:\/\/uhmwpemanufacture.com\/es\/wp-json\/wp\/v2\/media\/2211"}],"wp:attachment":[{"href":"https:\/\/uhmwpemanufacture.com\/es\/wp-json\/wp\/v2\/media?parent=2205"}],"wp:term":[{"taxonomy":"product_brand","embeddable":true,"href":"https:\/\/uhmwpemanufacture.com\/es\/wp-json\/wp\/v2\/product_brand?post=2205"},{"taxonomy":"product_cat","embeddable":true,"href":"https:\/\/uhmwpemanufacture.com\/es\/wp-json\/wp\/v2\/product_cat?post=2205"},{"taxonomy":"product_tag","embeddable":true,"href":"https:\/\/uhmwpemanufacture.com\/es\/wp-json\/wp\/v2\/product_tag?post=2205"}],"curies":[{"name":"wp","href":"https:\/\/api.w.org\/{rel}","templated":true}]}}