{"id":2212,"date":"2025-10-11T06:11:44","date_gmt":"2025-10-11T06:11:44","guid":{"rendered":"https:\/\/uhmwpemanufacture.com\/?post_type=product&#038;p=2212"},"modified":"2025-10-11T06:11:44","modified_gmt":"2025-10-11T06:11:44","slug":"customizable-plastic-polyethylene-uhmwpe-sheets-exporter","status":"publish","type":"product","link":"https:\/\/uhmwpemanufacture.com\/es\/customizable-plastic-polyethylene-uhmwpe-sheets-exporter\/","title":{"rendered":"Personalizable Pl\u00e1stico Polietileno UHMWPE Hojas Exportador"},"content":{"rendered":"<h2 id=\"adjustable-uhmwpe-sheets\">Planchas ajustables de UHMWPE<\/h2>\n<p>Somos uno de los principales exportadores de planchas de polietileno de peso molecular ultra alto (UHMWPE) ajustables, como puede verse en la din\u00e1mica pila de planchas rojas, blancas, azules, amarillas y ecol\u00f3gicas de la imagen. Nuestras l\u00e1minas de polietileno de peso molecular ultra alto (UHMWPE) de alta calidad son famosas por su notable tenacidad, baja fricci\u00f3n y gran resistencia a los efectos, lo que las hace adecuadas para una amplia gama de aplicaciones comerciales e industriales.<\/p>\n<p>Estas planchas flexibles pueden cortarse y fabricarse a medida para satisfacer sus necesidades particulares, y ofrecen una magn\u00edfica resistencia a la abrasi\u00f3n, los productos qu\u00edmicos y la humedad. Tanto si las necesita para tablas de corte, como para tiras de protecci\u00f3n, protecciones de equipos u otros usos, nuestras planchas de UHMWPE ofrecen una eficacia extraordinaria y una larga vida \u00fatil. Como comerciante de confianza, nos aseguramos de que nuestros art\u00edculos cumplen rigurosas normas de m\u00e1xima calidad, ofreci\u00e9ndole soluciones fiables y asequibles para sus tareas.<\/p>","protected":false},"excerpt":{"rendered":"<p>Somos uno de los principales exportadores de planchas de polietileno UHMWPE personalizables. Estas hojas de alta calidad ofrecen una durabilidad excepcional, baja fricci\u00f3n y alta resistencia al impacto, perfecto para diversos usos industriales y comerciales. Disponibles en m\u00faltiples colores y tama\u00f1os personalizados, ofrecen una resistencia superior a la abrasi\u00f3n y a los productos qu\u00edmicos.<\/p>","protected":false},"featured_media":2215,"template":"","meta":{"_gspb_post_css":""},"product_brand":[],"product_cat":[15,17],"product_tag":[429,428,408],"class_list":{"0":"post-2212","1":"product","2":"type-product","3":"status-publish","4":"has-post-thumbnail","6":"product_cat-uhmwpe-hdpe-sheets-plates","7":"product_cat-uhmwpe-sheets","8":"product_tag-customizable-plastic","9":"product_tag-plastic-polyethylene","10":"product_tag-uhmwpe-sheets","12":"first","13":"instock","14":"shipping-taxable","15":"product-type-simple"},"_links":{"self":[{"href":"https:\/\/uhmwpemanufacture.com\/es\/wp-json\/wp\/v2\/product\/2212","targetHints":{"allow":["GET"]}}],"collection":[{"href":"https:\/\/uhmwpemanufacture.com\/es\/wp-json\/wp\/v2\/product"}],"about":[{"href":"https:\/\/uhmwpemanufacture.com\/es\/wp-json\/wp\/v2\/types\/product"}],"wp:featuredmedia":[{"embeddable":true,"href":"https:\/\/uhmwpemanufacture.com\/es\/wp-json\/wp\/v2\/media\/2215"}],"wp:attachment":[{"href":"https:\/\/uhmwpemanufacture.com\/es\/wp-json\/wp\/v2\/media?parent=2212"}],"wp:term":[{"taxonomy":"product_brand","embeddable":true,"href":"https:\/\/uhmwpemanufacture.com\/es\/wp-json\/wp\/v2\/product_brand?post=2212"},{"taxonomy":"product_cat","embeddable":true,"href":"https:\/\/uhmwpemanufacture.com\/es\/wp-json\/wp\/v2\/product_cat?post=2212"},{"taxonomy":"product_tag","embeddable":true,"href":"https:\/\/uhmwpemanufacture.com\/es\/wp-json\/wp\/v2\/product_tag?post=2212"}],"curies":[{"name":"wp","href":"https:\/\/api.w.org\/{rel}","templated":true}]}}