{"id":2216,"date":"2025-10-11T06:15:18","date_gmt":"2025-10-11T06:15:18","guid":{"rendered":"https:\/\/uhmwpemanufacture.com\/?post_type=product&#038;p=2216"},"modified":"2025-10-11T06:15:19","modified_gmt":"2025-10-11T06:15:19","slug":"composite-plastic-mat-heavy-equipment-amphi-mat-wholesaler","status":"publish","type":"product","link":"https:\/\/uhmwpemanufacture.com\/es\/composite-plastic-mat-heavy-equipment-amphi-mat-wholesaler\/","title":{"rendered":"Composite Plastic Mat Equipo Pesado Amphi Mat Mayorista"},"content":{"rendered":"<h2 id=\"heavy-duty-compound-plastic-mats\">Alfombrillas de pl\u00e1stico compuesto de alta resistencia<\/h2>\n<p>Como mayorista l\u00edder, ofrecemos alfombrillas de pl\u00e1stico compuesto duraderas creadas para aparatos pesados y terrenos dif\u00edciles, tambi\u00e9n denominadas revestimientos de suelos anfibios. Se trata de alfombrillas grandes y duraderas con un marcado dibujo de placas de rub\u00ed, que proporcionan un agarre y una estabilidad extraordinarios. Estas alfombrillas est\u00e1n dise\u00f1adas para distribuir cargas pesadas, proteger superficies sensibles y crear carreteras o sistemas de trabajo de corta duraci\u00f3n.<\/p>\n<p>Ideales para sitios web de construcci\u00f3n, eventos o cualquier tipo de aplicaci\u00f3n que requiera defensa del suelo y acceso para equipos pesados, nuestros revestimientos de suelo de pl\u00e1stico compuesto son un remedio esencial. Son ligeras pero excepcionalmente s\u00f3lidas, resistentes a los productos qu\u00edmicos y capaces de soportar condiciones clim\u00e1ticas extremas sin partirse ni doblarse. F\u00e1ciles de montar y retirar, estas alfombrillas minimizan los gastos de reparaci\u00f3n del lugar y mejoran el rendimiento funcional. Adquiera nuestras resistentes alfombras anfibias para disfrutar de una seguridad fiable en el suelo y un rendimiento superior.<\/p>","protected":false},"excerpt":{"rendered":"<p>Somos mayoristas de alfombrillas de pl\u00e1stico compuesto de alta resistencia, tambi\u00e9n conocidas como alfombrillas anfibias, para equipos pesados. Estas duraderas alfombrillas presentan un patr\u00f3n de placa de diamante para una tracci\u00f3n superior, distribuyendo las cargas y protegiendo las superficies. Ideales para carreteras temporales y protecci\u00f3n del suelo, son ligeras, resistentes a los productos qu\u00edmicos y soportan condiciones meteorol\u00f3gicas extremas.<\/p>","protected":false},"featured_media":2220,"template":"","meta":{"_gspb_post_css":""},"product_brand":[],"product_cat":[24,28,26],"product_tag":[78,417,139],"class_list":{"0":"post-2216","1":"product","2":"type-product","3":"status-publish","4":"has-post-thumbnail","6":"product_cat-ground-protection-road-mats","7":"product_cat-amphi-mats","8":"product_cat-base-mats","9":"product_tag-amphi-mat","10":"product_tag-composite-mats","11":"product_tag-ground-protection","13":"first","14":"instock","15":"shipping-taxable","16":"product-type-simple"},"_links":{"self":[{"href":"https:\/\/uhmwpemanufacture.com\/es\/wp-json\/wp\/v2\/product\/2216","targetHints":{"allow":["GET"]}}],"collection":[{"href":"https:\/\/uhmwpemanufacture.com\/es\/wp-json\/wp\/v2\/product"}],"about":[{"href":"https:\/\/uhmwpemanufacture.com\/es\/wp-json\/wp\/v2\/types\/product"}],"wp:featuredmedia":[{"embeddable":true,"href":"https:\/\/uhmwpemanufacture.com\/es\/wp-json\/wp\/v2\/media\/2220"}],"wp:attachment":[{"href":"https:\/\/uhmwpemanufacture.com\/es\/wp-json\/wp\/v2\/media?parent=2216"}],"wp:term":[{"taxonomy":"product_brand","embeddable":true,"href":"https:\/\/uhmwpemanufacture.com\/es\/wp-json\/wp\/v2\/product_brand?post=2216"},{"taxonomy":"product_cat","embeddable":true,"href":"https:\/\/uhmwpemanufacture.com\/es\/wp-json\/wp\/v2\/product_cat?post=2216"},{"taxonomy":"product_tag","embeddable":true,"href":"https:\/\/uhmwpemanufacture.com\/es\/wp-json\/wp\/v2\/product_tag?post=2216"}],"curies":[{"name":"wp","href":"https:\/\/api.w.org\/{rel}","templated":true}]}}