{"id":2221,"date":"2025-10-11T06:22:11","date_gmt":"2025-10-11T06:22:11","guid":{"rendered":"https:\/\/uhmwpemanufacture.com\/?post_type=product&#038;p=2221"},"modified":"2025-10-11T06:22:12","modified_gmt":"2025-10-11T06:22:12","slug":"temporary-paving-slabs-base-mat-temporary-road-mat-supplier","status":"publish","type":"product","link":"https:\/\/uhmwpemanufacture.com\/es\/temporary-paving-slabs-base-mat-temporary-road-mat-supplier\/","title":{"rendered":"Losas de pavimentaci\u00f3n temporal Base Estera Estera de carretera temporal Proveedor"},"content":{"rendered":"<h2 id=\"temporary-road-and-base-mats\">Alfombras temporales para carreteras y bases<\/h2>\n<p>Somos un proveedor de confianza de piezas de pavimentaci\u00f3n a corto plazo y revestimientos de suelo para bases, excelentes para desarrollar carreteras temporales y bases estables. Las fotos muestran nuestros revestimientos de suelo el\u00e1sticos, disponibles en azul oscuro y azul vivo, con un dibujo de placa de rub\u00ed para mejorar el agarre y la seguridad. Estas alfombrillas est\u00e1n dise\u00f1adas para proporcionar una seguridad y accesibilidad al suelo de confianza sobre terrenos blandos, barro o superficies delicadas.<\/p>\n<p>Nuestras alfombras de carretera temporales son excelentes para obras de construcci\u00f3n, eventos en exteriores, acceso de equipos pesados y espacios de trabajo remotos donde la estabilidad del suelo es importante. Fabricadas con materiales compuestos de alta calidad, son duraderas, ligeras y resistentes a productos qu\u00edmicos, rayos UV y condiciones meteorol\u00f3gicas extremas. F\u00e1ciles de colocar y entrelazar, estos pavimentos reducen los da\u00f1os en el sitio web, minimizan los gastos de limpieza y garantizan la eficacia de las operaciones. Elija nuestras piezas de pavimentaci\u00f3n a corto plazo para obtener una opci\u00f3n fiable, rentable y respetuosa con el medio ambiente para todas sus necesidades de protecci\u00f3n del suelo.<\/p>","protected":false},"excerpt":{"rendered":"<p>Suministramos duraderas losas de pavimentaci\u00f3n temporal y alfombras de carretera, ideales para la protecci\u00f3n del suelo y la creaci\u00f3n de v\u00edas de acceso temporales. Con un patr\u00f3n de rombos antideslizantes, estas alfombras garantizan la estabilidad de equipos pesados en superficies blandas o delicadas. Ligeras, resistentes a la intemperie y f\u00e1ciles de instalar, reducen los da\u00f1os en las obras y mejoran la eficacia operativa.<\/p>","protected":false},"featured_media":2223,"template":"","meta":{"_gspb_post_css":""},"product_brand":[],"product_cat":[24,26,25],"product_tag":[139,412,76],"class_list":{"0":"post-2221","1":"product","2":"type-product","3":"status-publish","4":"has-post-thumbnail","6":"product_cat-ground-protection-road-mats","7":"product_cat-base-mats","8":"product_cat-quick-mats","9":"product_tag-ground-protection","10":"product_tag-paving-slabs","11":"product_tag-temporary-road-mats","13":"first","14":"instock","15":"shipping-taxable","16":"product-type-simple"},"_links":{"self":[{"href":"https:\/\/uhmwpemanufacture.com\/es\/wp-json\/wp\/v2\/product\/2221","targetHints":{"allow":["GET"]}}],"collection":[{"href":"https:\/\/uhmwpemanufacture.com\/es\/wp-json\/wp\/v2\/product"}],"about":[{"href":"https:\/\/uhmwpemanufacture.com\/es\/wp-json\/wp\/v2\/types\/product"}],"wp:featuredmedia":[{"embeddable":true,"href":"https:\/\/uhmwpemanufacture.com\/es\/wp-json\/wp\/v2\/media\/2223"}],"wp:attachment":[{"href":"https:\/\/uhmwpemanufacture.com\/es\/wp-json\/wp\/v2\/media?parent=2221"}],"wp:term":[{"taxonomy":"product_brand","embeddable":true,"href":"https:\/\/uhmwpemanufacture.com\/es\/wp-json\/wp\/v2\/product_brand?post=2221"},{"taxonomy":"product_cat","embeddable":true,"href":"https:\/\/uhmwpemanufacture.com\/es\/wp-json\/wp\/v2\/product_cat?post=2221"},{"taxonomy":"product_tag","embeddable":true,"href":"https:\/\/uhmwpemanufacture.com\/es\/wp-json\/wp\/v2\/product_tag?post=2221"}],"curies":[{"name":"wp","href":"https:\/\/api.w.org\/{rel}","templated":true}]}}