{"id":2227,"date":"2025-10-11T06:25:58","date_gmt":"2025-10-11T06:25:58","guid":{"rendered":"https:\/\/uhmwpemanufacture.com\/?post_type=product&#038;p=2227"},"modified":"2025-10-11T06:30:11","modified_gmt":"2025-10-11T06:30:11","slug":"high-quality-custom-coal-bunker-limit-plate-hdpe-sheet-dealer","status":"publish","type":"product","link":"https:\/\/uhmwpemanufacture.com\/es\/high-quality-custom-coal-bunker-limit-plate-hdpe-sheet-dealer\/","title":{"rendered":"Alta calidad personalizado carb\u00f3n bunker l\u00edmite placa HDPE hoja distribuidor"},"content":{"rendered":"<h2 id=\"item-description\">Descripci\u00f3n del art\u00edculo<\/h2>\n<p>Estas planchas personalizadas de primera calidad son duraderas e ideales para aplicaciones comerciales de uso intensivo. Como proveedor, ofrecemos soluciones a medida para numerosas necesidades. La superficie lisa y la estructura robusta de estas planchas de HDPE garantizan un rendimiento duradero en entornos muy exigentes, como las carboneras, reduciendo el desgaste y prolongando la vida \u00fatil de sus equipos.<\/p>\n<p>Caracter\u00edsticas:<\/p>\n<ul>\n<li>Producto de HDPE de primera calidad<\/li>\n<li>Dimensiones personalizadas<\/li>\n<li>Resistente y duradero<\/li>\n<li>Perfecto para capas de limitaci\u00f3n de refugio de carb\u00f3n<\/li>\n<li>Excelente resistencia al desgaste<\/li>\n<li>Superficie lisa de baja fricci\u00f3n<\/li>\n<li>Eficacia fiable en entornos industriales<\/li>\n<\/ul>\n<p>P\u00f3ngase en contacto con nosotros para obtener m\u00e1s informaci\u00f3n sobre nuestras ofertas de l\u00e1minas de HDPE y sobre c\u00f3mo pueden beneficiar a sus operaciones.<\/p>","protected":false},"excerpt":{"rendered":"<p>Esta pila de planchas de HDPE negras personalizadas de alta calidad es perfecta para las placas l\u00edmite de las carboneras. Como distribuidor l\u00edder, ofrecemos soluciones duraderas y resistentes al desgaste adaptadas para uso industrial. Estas planchas proporcionan una excelente protecci\u00f3n y prolongan la vida \u00fatil de los equipos en entornos exigentes<\/p>","protected":false},"featured_media":2230,"template":"","meta":{"_gspb_post_css":""},"product_brand":[],"product_cat":[15,22],"product_tag":[389,59,390],"class_list":{"0":"post-2227","1":"product","2":"type-product","3":"status-publish","4":"has-post-thumbnail","6":"product_cat-uhmwpe-hdpe-sheets-plates","7":"product_cat-coal-bunker-limit-plates","8":"product_tag-coal-bunker","9":"product_tag-hdpe-sheet","10":"product_tag-limit-plate","12":"first","13":"instock","14":"shipping-taxable","15":"product-type-simple"},"_links":{"self":[{"href":"https:\/\/uhmwpemanufacture.com\/es\/wp-json\/wp\/v2\/product\/2227","targetHints":{"allow":["GET"]}}],"collection":[{"href":"https:\/\/uhmwpemanufacture.com\/es\/wp-json\/wp\/v2\/product"}],"about":[{"href":"https:\/\/uhmwpemanufacture.com\/es\/wp-json\/wp\/v2\/types\/product"}],"wp:featuredmedia":[{"embeddable":true,"href":"https:\/\/uhmwpemanufacture.com\/es\/wp-json\/wp\/v2\/media\/2230"}],"wp:attachment":[{"href":"https:\/\/uhmwpemanufacture.com\/es\/wp-json\/wp\/v2\/media?parent=2227"}],"wp:term":[{"taxonomy":"product_brand","embeddable":true,"href":"https:\/\/uhmwpemanufacture.com\/es\/wp-json\/wp\/v2\/product_brand?post=2227"},{"taxonomy":"product_cat","embeddable":true,"href":"https:\/\/uhmwpemanufacture.com\/es\/wp-json\/wp\/v2\/product_cat?post=2227"},{"taxonomy":"product_tag","embeddable":true,"href":"https:\/\/uhmwpemanufacture.com\/es\/wp-json\/wp\/v2\/product_tag?post=2227"}],"curies":[{"name":"wp","href":"https:\/\/api.w.org\/{rel}","templated":true}]}}