{"id":2233,"date":"2025-10-11T06:29:35","date_gmt":"2025-10-11T06:29:35","guid":{"rendered":"https:\/\/uhmwpemanufacture.com\/?post_type=product&#038;p=2233"},"modified":"2025-10-11T06:29:57","modified_gmt":"2025-10-11T06:29:57","slug":"crane-outrigger-pads-stable-support-heavy-loads-wholesaler","status":"publish","type":"product","link":"https:\/\/uhmwpemanufacture.com\/es\/crane-outrigger-pads-stable-support-heavy-loads-wholesaler\/","title":{"rendered":"Placas de apoyo para gr\u00faas Soporte estable Cargas pesadas Mayorista"},"content":{"rendered":"<p>Nuestros estabilizadores para gr\u00faas son vitales para la seguridad y la eficacia en obras de construcci\u00f3n, zonas industriales y otras aplicaciones exigentes. Est\u00e1n dise\u00f1ados para resistir fuertes presiones y proporcionar una estructura fiable para gr\u00faas y otros equipos pesados. Las almohadillas mostradas demuestran su eficacia a la hora de proporcionar una base segura, y una de las fotos muestra un asa integrada para facilitar el transporte y la colocaci\u00f3n.<\/p>\n<p>Funciones:<\/p>\n<ul>\n<li>Material duradero de alta calidad<\/li>\n<li>Excelente circulaci\u00f3n del peso<\/li>\n<li>Previene da\u00f1os superficiales<\/li>\n<li>Mejora la seguridad de los dispositivos<\/li>\n<li>Soporta grandes toneladas y tensiones<\/li>\n<li>Adecuado para numerosas aplicaciones comerciales<\/li>\n<li>Disponible con funciones de manipulaci\u00f3n sin complicaciones<\/li>\n<\/ul>","protected":false},"excerpt":{"rendered":"<p>Estas almohadillas para balancines de gr\u00faa proporcionan un soporte estable para cargas pesadas, como se ve debajo de la maquinaria en ambas im\u00e1genes. Como mayorista, suministramos almohadillas duraderas que distribuyen el peso, evitan da\u00f1os en la superficie y mejoran la seguridad en todas las operaciones de elevaci\u00f3n de cargas pesadas. Esenciales para cualquier emplazamiento industrial.<\/p>","protected":false},"featured_media":2236,"template":"","meta":{"_gspb_post_css":""},"product_brand":[],"product_cat":[15,20],"product_tag":[427,431,430],"class_list":{"0":"post-2233","1":"product","2":"type-product","3":"status-publish","4":"has-post-thumbnail","6":"product_cat-uhmwpe-hdpe-sheets-plates","7":"product_cat-crane-outrigger-pads","8":"product_tag-crane-pads","9":"product_tag-heavy-equipment","10":"product_tag-outrigger","12":"first","13":"instock","14":"shipping-taxable","15":"product-type-simple"},"_links":{"self":[{"href":"https:\/\/uhmwpemanufacture.com\/es\/wp-json\/wp\/v2\/product\/2233","targetHints":{"allow":["GET"]}}],"collection":[{"href":"https:\/\/uhmwpemanufacture.com\/es\/wp-json\/wp\/v2\/product"}],"about":[{"href":"https:\/\/uhmwpemanufacture.com\/es\/wp-json\/wp\/v2\/types\/product"}],"wp:featuredmedia":[{"embeddable":true,"href":"https:\/\/uhmwpemanufacture.com\/es\/wp-json\/wp\/v2\/media\/2236"}],"wp:attachment":[{"href":"https:\/\/uhmwpemanufacture.com\/es\/wp-json\/wp\/v2\/media?parent=2233"}],"wp:term":[{"taxonomy":"product_brand","embeddable":true,"href":"https:\/\/uhmwpemanufacture.com\/es\/wp-json\/wp\/v2\/product_brand?post=2233"},{"taxonomy":"product_cat","embeddable":true,"href":"https:\/\/uhmwpemanufacture.com\/es\/wp-json\/wp\/v2\/product_cat?post=2233"},{"taxonomy":"product_tag","embeddable":true,"href":"https:\/\/uhmwpemanufacture.com\/es\/wp-json\/wp\/v2\/product_tag?post=2233"}],"curies":[{"name":"wp","href":"https:\/\/api.w.org\/{rel}","templated":true}]}}