{"id":2239,"date":"2025-10-11T06:39:31","date_gmt":"2025-10-11T06:39:31","guid":{"rendered":"https:\/\/uhmwpemanufacture.com\/?post_type=product&#038;p=2239"},"modified":"2025-10-11T06:39:31","modified_gmt":"2025-10-11T06:39:31","slug":"eco-friendly-smooth-surface-floor-ball-dasher-boards-dealer","status":"publish","type":"product","link":"https:\/\/uhmwpemanufacture.com\/es\/eco-friendly-smooth-surface-floor-ball-dasher-boards-dealer\/","title":{"rendered":"Eco-Friendly Smooth Surface Floor Ball Dasher Boards Dealer"},"content":{"rendered":"<h2 id=\"eco-friendly-floorball-dasher-boards\">Tablas de Floorball ecol\u00f3gicas<\/h2>\n<p>Mejore el juego con nuestros tableros de baloncesto ecol\u00f3gicos de primera calidad. Fabricados para ofrecer una superficie lisa y divertida, estos tableros resistentes garantizan un rendimiento \u00f3ptimo y la seguridad de los jugadores. Adecuadas para proveedores, nuestras soluciones de m\u00e1xima calidad est\u00e1n fabricadas para durar, por lo que constituyen una opci\u00f3n duradera para instalaciones deportivas y clubes. Mejore cada partido con equipos que incorporan una capacidad superior con obligaci\u00f3n medioambiental. Adquiera el futuro del floorball con tableros creados para ofrecer calidad y durabilidad.<\/p>","protected":false},"excerpt":{"rendered":"<p>Tablas de baloncesto de superficie lisa y respetuosas con el medio ambiente. Duraderas y de alta calidad, perfectas para distribuidores. Mejore el juego con equipos sostenibles.<\/p>","protected":false},"featured_media":2243,"template":"","meta":{"_gspb_post_css":""},"product_brand":[],"product_cat":[29,33],"product_tag":[433,434,432],"class_list":{"0":"post-2239","1":"product","2":"type-product","3":"status-publish","4":"has-post-thumbnail","6":"product_cat-ice-rink-products","7":"product_cat-floor-ball-dasher-boards","8":"product_tag-dasher-boards","9":"product_tag-eco-friendly","10":"product_tag-floorball","12":"first","13":"instock","14":"shipping-taxable","15":"product-type-simple"},"_links":{"self":[{"href":"https:\/\/uhmwpemanufacture.com\/es\/wp-json\/wp\/v2\/product\/2239","targetHints":{"allow":["GET"]}}],"collection":[{"href":"https:\/\/uhmwpemanufacture.com\/es\/wp-json\/wp\/v2\/product"}],"about":[{"href":"https:\/\/uhmwpemanufacture.com\/es\/wp-json\/wp\/v2\/types\/product"}],"wp:featuredmedia":[{"embeddable":true,"href":"https:\/\/uhmwpemanufacture.com\/es\/wp-json\/wp\/v2\/media\/2243"}],"wp:attachment":[{"href":"https:\/\/uhmwpemanufacture.com\/es\/wp-json\/wp\/v2\/media?parent=2239"}],"wp:term":[{"taxonomy":"product_brand","embeddable":true,"href":"https:\/\/uhmwpemanufacture.com\/es\/wp-json\/wp\/v2\/product_brand?post=2239"},{"taxonomy":"product_cat","embeddable":true,"href":"https:\/\/uhmwpemanufacture.com\/es\/wp-json\/wp\/v2\/product_cat?post=2239"},{"taxonomy":"product_tag","embeddable":true,"href":"https:\/\/uhmwpemanufacture.com\/es\/wp-json\/wp\/v2\/product_tag?post=2239"}],"curies":[{"name":"wp","href":"https:\/\/api.w.org\/{rel}","templated":true}]}}