{"id":2244,"date":"2025-10-11T06:43:39","date_gmt":"2025-10-11T06:43:39","guid":{"rendered":"https:\/\/uhmwpemanufacture.com\/?post_type=product&#038;p=2244"},"modified":"2025-10-11T06:43:39","modified_gmt":"2025-10-11T06:43:39","slug":"custom-hdpe-sheet-hockey-practice-shooting-pads-supplier","status":"publish","type":"product","link":"https:\/\/uhmwpemanufacture.com\/es\/custom-hdpe-sheet-hockey-practice-shooting-pads-supplier\/","title":{"rendered":"Custom HDPE Hoja de Hockey Pr\u00e1ctica Shooting Pads Proveedor"},"content":{"rendered":"<h2 id=\"custom-made-hdpe-sheet-hockey-method-capturing-pads\">Almohadillas de captura del m\u00e9todo de hockey de l\u00e1minas de HDPE a medida<\/h2>\n<p>Somos uno de los principales proveedores de planchas de polietileno de alta densidad personalizadas, ideales para fabricar almohadillas de tiro para m\u00e9todos de hockey resistentes y brillantes. Nuestras planchas de polietileno de alta densidad ofrecen una excelente resistencia a los efectos y una superficie de baja fricci\u00f3n, imitando las condiciones reales del hielo para un entrenamiento eficaz fuera del hielo. Disponibles en diferentes grosores y dimensiones, estas almohadillas son perfectas para mejorar el manejo del disco, la precisi\u00f3n de tiro y las habilidades generales en el hockey. Nuestras planchas de HDPE son resistentes a la intemperie y duraderas, lo que las convierte en una opci\u00f3n fiable y rentable tanto para jugadores privados como para instalaciones de entrenamiento. Adapte c\u00f3modamente su \u00e1rea de t\u00e9cnica con nuestras planchas de HDPE de alta calidad.<\/p>","protected":false},"excerpt":{"rendered":"<p>Proveedor de planchas de polietileno de alta densidad (HDPE) a medida para almohadillas de tiro para pr\u00e1cticas de hockey. La superficie duradera y de baja fricci\u00f3n imita el hielo para el entrenamiento fuera del campo. Mejore el manejo del disco y las habilidades de tiro con nuestras planchas resistentes a la intemperie y de larga duraci\u00f3n. Disponibles en varios tama\u00f1os para configuraciones de entrenamiento personalizadas.<\/p>","protected":false},"featured_media":2248,"template":"","meta":{"_gspb_post_css":""},"product_brand":[],"product_cat":[29,31],"product_tag":[59,435,436],"class_list":{"0":"post-2244","1":"product","2":"type-product","3":"status-publish","4":"has-post-thumbnail","6":"product_cat-ice-rink-products","7":"product_cat-hockey-practice-shooting-pads","8":"product_tag-hdpe-sheet","9":"product_tag-hockey","10":"product_tag-shooting-pad","12":"first","13":"instock","14":"shipping-taxable","15":"product-type-simple"},"_links":{"self":[{"href":"https:\/\/uhmwpemanufacture.com\/es\/wp-json\/wp\/v2\/product\/2244","targetHints":{"allow":["GET"]}}],"collection":[{"href":"https:\/\/uhmwpemanufacture.com\/es\/wp-json\/wp\/v2\/product"}],"about":[{"href":"https:\/\/uhmwpemanufacture.com\/es\/wp-json\/wp\/v2\/types\/product"}],"wp:featuredmedia":[{"embeddable":true,"href":"https:\/\/uhmwpemanufacture.com\/es\/wp-json\/wp\/v2\/media\/2248"}],"wp:attachment":[{"href":"https:\/\/uhmwpemanufacture.com\/es\/wp-json\/wp\/v2\/media?parent=2244"}],"wp:term":[{"taxonomy":"product_brand","embeddable":true,"href":"https:\/\/uhmwpemanufacture.com\/es\/wp-json\/wp\/v2\/product_brand?post=2244"},{"taxonomy":"product_cat","embeddable":true,"href":"https:\/\/uhmwpemanufacture.com\/es\/wp-json\/wp\/v2\/product_cat?post=2244"},{"taxonomy":"product_tag","embeddable":true,"href":"https:\/\/uhmwpemanufacture.com\/es\/wp-json\/wp\/v2\/product_tag?post=2244"}],"curies":[{"name":"wp","href":"https:\/\/api.w.org\/{rel}","templated":true}]}}