{"id":2254,"date":"2025-10-11T06:50:49","date_gmt":"2025-10-11T06:50:49","guid":{"rendered":"https:\/\/uhmwpemanufacture.com\/?post_type=product&#038;p=2254"},"modified":"2025-10-11T06:50:49","modified_gmt":"2025-10-11T06:50:49","slug":"high-quality-ice-synthetic-panel-polyethylene-board-vendor","status":"publish","type":"product","link":"https:\/\/uhmwpemanufacture.com\/es\/high-quality-ice-synthetic-panel-polyethylene-board-vendor\/","title":{"rendered":"Alta Calidad Hielo Panel Sint\u00e9tico Tablero Polietileno Vendedor"},"content":{"rendered":"<h2 id=\"high-quality-ice-synthetic-panel-polyethylene-board\">Panel sint\u00e9tico de hielo de alta calidad Tablero de polietileno<\/h2>\n<p>Somos un proveedor de confianza de paneles sint\u00e9ticos de hielo de primera calidad fabricados con polietileno de costes. Estos duraderos paneles est\u00e1n dise\u00f1ados para reproducir el suave deslizamiento y la eficacia del hielo real, ofreciendo una superficie excepcional para el patinaje sobre hielo, el m\u00e9todo de hockey y diversos deportes sobre hielo durante todo el a\u00f1o. Nuestros paneles de hielo artificial ofrecen una extraordinaria resistencia al desgaste, un bajo nivel de rozamiento y son resistentes a los rayos UV, tanto para aplicaciones interiores como exteriores. F\u00e1ciles de montar y mantener, constituyen una alternativa asequible y ecol\u00f3gica a las pistas de hielo convencionales, ya que eliminan la demanda de agua y refrigeraci\u00f3n. Ideales para pistas de negocios, instalaciones de entrenamiento y uso dom\u00e9stico.<\/p>","protected":false},"excerpt":{"rendered":"<p>Proveedor de paneles de hielo sint\u00e9tico de alta calidad. Los paneles de polietileno reproducen el hielo real para patinaje y hockey. Duraderas, de baja fricci\u00f3n y estabilizadas contra los rayos UV para uso en interiores y exteriores. Una alternativa rentable y ecol\u00f3gica al hielo, f\u00e1cil de instalar y mantener.<\/p>","protected":false},"featured_media":2257,"template":"","meta":{"_gspb_post_css":""},"product_brand":[],"product_cat":[29,32],"product_tag":[439,199,272],"class_list":{"0":"post-2254","1":"product","2":"type-product","3":"status-publish","4":"has-post-thumbnail","6":"product_cat-ice-rink-products","7":"product_cat-ice-synthetic-panels","8":"product_tag-ice-panel","9":"product_tag-polyethylene-board","10":"product_tag-synthetic-ice","12":"first","13":"instock","14":"shipping-taxable","15":"product-type-simple"},"_links":{"self":[{"href":"https:\/\/uhmwpemanufacture.com\/es\/wp-json\/wp\/v2\/product\/2254","targetHints":{"allow":["GET"]}}],"collection":[{"href":"https:\/\/uhmwpemanufacture.com\/es\/wp-json\/wp\/v2\/product"}],"about":[{"href":"https:\/\/uhmwpemanufacture.com\/es\/wp-json\/wp\/v2\/types\/product"}],"wp:featuredmedia":[{"embeddable":true,"href":"https:\/\/uhmwpemanufacture.com\/es\/wp-json\/wp\/v2\/media\/2257"}],"wp:attachment":[{"href":"https:\/\/uhmwpemanufacture.com\/es\/wp-json\/wp\/v2\/media?parent=2254"}],"wp:term":[{"taxonomy":"product_brand","embeddable":true,"href":"https:\/\/uhmwpemanufacture.com\/es\/wp-json\/wp\/v2\/product_brand?post=2254"},{"taxonomy":"product_cat","embeddable":true,"href":"https:\/\/uhmwpemanufacture.com\/es\/wp-json\/wp\/v2\/product_cat?post=2254"},{"taxonomy":"product_tag","embeddable":true,"href":"https:\/\/uhmwpemanufacture.com\/es\/wp-json\/wp\/v2\/product_tag?post=2254"}],"curies":[{"name":"wp","href":"https:\/\/api.w.org\/{rel}","templated":true}]}}