{"id":2265,"date":"2025-10-11T06:58:15","date_gmt":"2025-10-11T06:58:15","guid":{"rendered":"https:\/\/uhmwpemanufacture.com\/?post_type=product&#038;p=2265"},"modified":"2025-10-11T06:58:15","modified_gmt":"2025-10-11T06:58:15","slug":"nylon-plastic-sleeve-ming-engineering-plastic-sheets-vendor","status":"publish","type":"product","link":"https:\/\/uhmwpemanufacture.com\/es\/nylon-plastic-sleeve-ming-engineering-plastic-sheets-vendor\/","title":{"rendered":"Funda de pl\u00e1stico de nylon MING Engineering Plastic Sheets Proveedor"},"content":{"rendered":"<h2 id=\"nylon-plastic-sleeve-ming-engineering-plastic-sheets-vendor\">Funda de pl\u00e1stico de nylon MING Engineering Plastic Sheets Proveedor<\/h2>\n<p>Como vendedor dedicado, proporcionamos una gama variada de mangas pl\u00e1sticas del nil\u00f3n y de hojas pl\u00e1sticas de la ingenier\u00eda de MING, seg\u00fan lo ilustrado por los rodillos y las piezas numerosos. Nuestros productos son elaborados a partir de pl\u00e1sticos de dise\u00f1o de primera clase, reconocidos por su notable resistencia al desgaste, la reducci\u00f3n de roce, y excelentes edificios mec\u00e1nicos. Estos vers\u00e1tiles componentes son adecuados para innumerables aplicaciones industriales, consistentes en casquillos, rodillos, equipos y almohadillas de uso donde la durabilidad y el rendimiento son fundamentales. Ofrecemos servicios personalizados para satisfacer demandas particulares de dimensiones y materiales, garantizando un ajuste y funcionamiento ideales para su maquinaria. Cuente con nosotros para piezas de pl\u00e1stico duraderas y de confianza.<\/p>","protected":false},"excerpt":{"rendered":"<p>Proveedor de manguitos de pl\u00e1stico de nailon de alta calidad y l\u00e1minas de pl\u00e1stico de ingenier\u00eda MING. Presenta una excelente resistencia al desgaste, baja fricci\u00f3n y resistencia mec\u00e1nica. Ideal para casquillos industriales, rodillos y componentes personalizados. Soluciones fiables y duraderas.<\/p>","protected":false},"featured_media":2270,"template":"","meta":{"_gspb_post_css":""},"product_brand":[],"product_cat":[34,23],"product_tag":[71,264,440],"class_list":{"0":"post-2265","1":"product","2":"type-product","3":"status-publish","4":"has-post-thumbnail","6":"product_cat-mg-engineering-plastic-sheets","7":"product_cat-nylon-sheets","8":"product_tag-engineering-plastic","9":"product_tag-nylon-plastic","10":"product_tag-plastic-sleeves","12":"first","13":"instock","14":"shipping-taxable","15":"product-type-simple"},"_links":{"self":[{"href":"https:\/\/uhmwpemanufacture.com\/es\/wp-json\/wp\/v2\/product\/2265","targetHints":{"allow":["GET"]}}],"collection":[{"href":"https:\/\/uhmwpemanufacture.com\/es\/wp-json\/wp\/v2\/product"}],"about":[{"href":"https:\/\/uhmwpemanufacture.com\/es\/wp-json\/wp\/v2\/types\/product"}],"wp:featuredmedia":[{"embeddable":true,"href":"https:\/\/uhmwpemanufacture.com\/es\/wp-json\/wp\/v2\/media\/2270"}],"wp:attachment":[{"href":"https:\/\/uhmwpemanufacture.com\/es\/wp-json\/wp\/v2\/media?parent=2265"}],"wp:term":[{"taxonomy":"product_brand","embeddable":true,"href":"https:\/\/uhmwpemanufacture.com\/es\/wp-json\/wp\/v2\/product_brand?post=2265"},{"taxonomy":"product_cat","embeddable":true,"href":"https:\/\/uhmwpemanufacture.com\/es\/wp-json\/wp\/v2\/product_cat?post=2265"},{"taxonomy":"product_tag","embeddable":true,"href":"https:\/\/uhmwpemanufacture.com\/es\/wp-json\/wp\/v2\/product_tag?post=2265"}],"curies":[{"name":"wp","href":"https:\/\/api.w.org\/{rel}","templated":true}]}}