{"id":2271,"date":"2025-10-11T07:02:00","date_gmt":"2025-10-11T07:02:00","guid":{"rendered":"https:\/\/uhmwpemanufacture.com\/?post_type=product&#038;p=2271"},"modified":"2025-10-11T07:02:00","modified_gmt":"2025-10-11T07:02:00","slug":"nylon-sheet-wear-resisting-uhmwpe-board-sheet-wholesale","status":"publish","type":"product","link":"https:\/\/uhmwpemanufacture.com\/es\/nylon-sheet-wear-resisting-uhmwpe-board-sheet-wholesale\/","title":{"rendered":"Hoja De Nylon Resistente Al Desgaste Uhmwpe Board Sheet Wholesale"},"content":{"rendered":"<h2 id=\"nylon-sheet-wear-resisting-uhmwpe-board-sheet-wholesale\">Hoja De Nylon Resistente Al Desgaste UHMWPE Hoja De Tablero Al Por Mayor<\/h2>\n<p>Somos proveedores mayoristas de planchas de nailon de alto rendimiento y planchas de cart\u00f3n de UHMWPE (polietileno de peso molecular ultraalto) resistentes al desgaste, disponibles en numerosos tonos como el ecol\u00f3gico y el azul que se muestran. Nuestras planchas de nailon ofrecen una resistencia mec\u00e1nica, rigidez y dureza excepcionales, lo que las hace adecuadas para aplicaciones de ingenier\u00eda exigentes. Las planchas de UHMWPE ofrecen una resistencia a la abrasi\u00f3n inigualable, un coeficiente de fricci\u00f3n muy bajo y una tenacidad de efecto premium, perfectos para revestimientos, almohadillas de colocaci\u00f3n y piezas de transportadores. Ambos materiales son ligeros, duraderos e inmunes a los productos qu\u00edmicos y la humedad, lo que garantiza un rendimiento duradero en diversos entornos industriales. Ofrecemos precios al por mayor asequibles para pedidos masivos.<\/p>","protected":false},"excerpt":{"rendered":"<p>Proveedor mayorista de planchas de nailon y planchas de cart\u00f3n de UHMWPE resistentes al desgaste. Excelente resistencia mec\u00e1nica, baja fricci\u00f3n y resistencia superior a la abrasi\u00f3n para aplicaciones industriales exigentes. Duraderas, ligeras y resistentes a los productos qu\u00edmicos.<\/p>","protected":false},"featured_media":2277,"template":"","meta":{"_gspb_post_css":""},"product_brand":[],"product_cat":[23],"product_tag":[69,303,441],"class_list":{"0":"post-2271","1":"product","2":"type-product","3":"status-publish","4":"has-post-thumbnail","6":"product_cat-nylon-sheets","7":"product_tag-nylon-sheet","8":"product_tag-uhmwpe-board","9":"product_tag-wear-resisting-plastic","11":"first","12":"instock","13":"shipping-taxable","14":"product-type-simple"},"_links":{"self":[{"href":"https:\/\/uhmwpemanufacture.com\/es\/wp-json\/wp\/v2\/product\/2271","targetHints":{"allow":["GET"]}}],"collection":[{"href":"https:\/\/uhmwpemanufacture.com\/es\/wp-json\/wp\/v2\/product"}],"about":[{"href":"https:\/\/uhmwpemanufacture.com\/es\/wp-json\/wp\/v2\/types\/product"}],"wp:featuredmedia":[{"embeddable":true,"href":"https:\/\/uhmwpemanufacture.com\/es\/wp-json\/wp\/v2\/media\/2277"}],"wp:attachment":[{"href":"https:\/\/uhmwpemanufacture.com\/es\/wp-json\/wp\/v2\/media?parent=2271"}],"wp:term":[{"taxonomy":"product_brand","embeddable":true,"href":"https:\/\/uhmwpemanufacture.com\/es\/wp-json\/wp\/v2\/product_brand?post=2271"},{"taxonomy":"product_cat","embeddable":true,"href":"https:\/\/uhmwpemanufacture.com\/es\/wp-json\/wp\/v2\/product_cat?post=2271"},{"taxonomy":"product_tag","embeddable":true,"href":"https:\/\/uhmwpemanufacture.com\/es\/wp-json\/wp\/v2\/product_tag?post=2271"}],"curies":[{"name":"wp","href":"https:\/\/api.w.org\/{rel}","templated":true}]}}