{"id":2278,"date":"2025-10-11T07:05:39","date_gmt":"2025-10-11T07:05:39","guid":{"rendered":"https:\/\/uhmwpemanufacture.com\/?post_type=product&#038;p=2278"},"modified":"2025-10-11T07:05:39","modified_gmt":"2025-10-11T07:05:39","slug":"pp-pe-u-shaped-plastic-high-molecular-polyethylene-exporter","status":"publish","type":"product","link":"https:\/\/uhmwpemanufacture.com\/es\/pp-pe-u-shaped-plastic-high-molecular-polyethylene-exporter\/","title":{"rendered":"PP PE Exportador de pl\u00e1stico en forma de U de polietileno de alta mol\u00e9cula"},"content":{"rendered":"<h2 id=\"pp-pe-u-shaped-plastic-high-molecular-polyethylene-merchant\">PP PE Pl\u00e1stico en forma de U Polietileno de alto peso molecular Merchant<\/h2>\n<p>Como comerciante de primera l\u00ednea, nos centramos en perfiles de pl\u00e1stico de PP, PE y en forma de U de alta calidad fabricados con polietileno de alto peso molecular (HMWPE). Estos elementos flexibles, que constan de trazados de cadena redondeados y rectos, est\u00e1n fabricados para ofrecer una extraordinaria resistencia al desgaste, una fricci\u00f3n reducida y una gran fuerza de influencia, como se aprecia en las gu\u00edas de cadenas transportadoras. Ideales para diversas aplicaciones industriales, como sistemas transportadores, res\u00famenes de cadenas y tiras de colocaci\u00f3n, nuestros art\u00edculos reducen sustancialmente el rozamiento y ampl\u00edan la vida \u00fatil de la maquinaria. Proporcionamos dise\u00f1os a medida y una producci\u00f3n precisa para satisfacer las variadas especificaciones de los clientes, asegurando una eficacia ideal y una resistencia popular.<\/p>","protected":false},"excerpt":{"rendered":"<p>Exportador de PP, PE y perfiles de pl\u00e1stico en forma de U de HMWPE. Presenta una excelente resistencia al desgaste, baja fricci\u00f3n y alta resistencia al impacto. Ideal para sistemas transportadores, gu\u00edas de cadena y bandas de desgaste. Dise\u00f1os personalizados disponibles para diversas necesidades industriales.<\/p>","protected":false},"featured_media":2284,"template":"","meta":{"_gspb_post_css":""},"product_brand":[],"product_cat":[35],"product_tag":[443,442,403],"class_list":{"0":"post-2278","1":"product","2":"type-product","3":"status-publish","4":"has-post-thumbnail","6":"product_cat-pp-pe-products","7":"product_tag-chain-guide","8":"product_tag-plastic-profiles","9":"product_tag-polyethylene","11":"first","12":"instock","13":"shipping-taxable","14":"product-type-simple"},"_links":{"self":[{"href":"https:\/\/uhmwpemanufacture.com\/es\/wp-json\/wp\/v2\/product\/2278","targetHints":{"allow":["GET"]}}],"collection":[{"href":"https:\/\/uhmwpemanufacture.com\/es\/wp-json\/wp\/v2\/product"}],"about":[{"href":"https:\/\/uhmwpemanufacture.com\/es\/wp-json\/wp\/v2\/types\/product"}],"wp:featuredmedia":[{"embeddable":true,"href":"https:\/\/uhmwpemanufacture.com\/es\/wp-json\/wp\/v2\/media\/2284"}],"wp:attachment":[{"href":"https:\/\/uhmwpemanufacture.com\/es\/wp-json\/wp\/v2\/media?parent=2278"}],"wp:term":[{"taxonomy":"product_brand","embeddable":true,"href":"https:\/\/uhmwpemanufacture.com\/es\/wp-json\/wp\/v2\/product_brand?post=2278"},{"taxonomy":"product_cat","embeddable":true,"href":"https:\/\/uhmwpemanufacture.com\/es\/wp-json\/wp\/v2\/product_cat?post=2278"},{"taxonomy":"product_tag","embeddable":true,"href":"https:\/\/uhmwpemanufacture.com\/es\/wp-json\/wp\/v2\/product_tag?post=2278"}],"curies":[{"name":"wp","href":"https:\/\/api.w.org\/{rel}","templated":true}]}}