{"id":2291,"date":"2025-10-11T07:12:51","date_gmt":"2025-10-11T07:12:51","guid":{"rendered":"https:\/\/uhmwpemanufacture.com\/?post_type=product&#038;p=2291"},"modified":"2025-10-11T07:12:52","modified_gmt":"2025-10-11T07:12:52","slug":"uhmwpe-plate-sheet-uhmw-polyethylene-cast-plate-suppliers","status":"publish","type":"product","link":"https:\/\/uhmwpemanufacture.com\/es\/uhmwpe-plate-sheet-uhmw-polyethylene-cast-plate-suppliers\/","title":{"rendered":"UHMWPE Plate Sheet UHMW Polyethylene Cast Plate Proveedores"},"content":{"rendered":"<h2 id=\"uhmwpe-plate-sheet\">Plancha de UHMWPE<\/h2>\n<p>Estas placas de UHMWPE (polietileno de peso molecular ultra alto) ofrecen una eficacia fenomenal para una amplia gama de aplicaciones comerciales. Conocidas por su gran resistencia al impacto, su magn\u00edfica resistencia a la abrasi\u00f3n y su muy bajo coeficiente de rozamiento, estas placas de fundici\u00f3n son adecuadas para aplicaciones de desgaste, revestimientos celulares de vertederos y carriles de visi\u00f3n general.<\/p>\n<p>Disponibles en una gama de colores din\u00e1micos, como recib\u00edan las im\u00e1genes, estas planchas tambi\u00e9n son resistentes a muchos productos qu\u00edmicos y proporcionan una excelente protecci\u00f3n el\u00e9ctrica a los edificios. Su ligereza y comodidad de mecanizado las convierten en un material funcional para componentes y elementos personalizados. Como distribuidor l\u00edder, suministramos l\u00e1minas de polietileno UHMW de alta calidad que garantizan resistencia y eficacia duradera entornos populares. Ya sea para usos de producci\u00f3n, manipulaci\u00f3n de materiales o entretenimiento, estas planchas se fabrican para satisfacer requisitos rigurosos.<\/p>","protected":false},"excerpt":{"rendered":"<p>Nuestras planchas de UHMWPE (polietileno de peso molecular ultraalto) ofrecen una fuerza de impacto superior, resistencia a la abrasi\u00f3n y un bajo coeficiente de fricci\u00f3n. Disponibles en varios colores, estas planchas de fundici\u00f3n son perfectas para aplicaciones de desgaste industrial, revestimientos de vertederos y piezas personalizadas, ya que ofrecen durabilidad y resistencia qu\u00edmica.<\/p>","protected":false},"featured_media":2295,"template":"","meta":{"_gspb_post_css":""},"product_brand":[],"product_cat":[15,17],"product_tag":[445,403,396],"class_list":{"0":"post-2291","1":"product","2":"type-product","3":"status-publish","4":"has-post-thumbnail","6":"product_cat-uhmwpe-hdpe-sheets-plates","7":"product_cat-uhmwpe-sheets","8":"product_tag-plastic-sheet","9":"product_tag-polyethylene","10":"product_tag-uhmwpe","12":"first","13":"instock","14":"shipping-taxable","15":"product-type-simple"},"_links":{"self":[{"href":"https:\/\/uhmwpemanufacture.com\/es\/wp-json\/wp\/v2\/product\/2291","targetHints":{"allow":["GET"]}}],"collection":[{"href":"https:\/\/uhmwpemanufacture.com\/es\/wp-json\/wp\/v2\/product"}],"about":[{"href":"https:\/\/uhmwpemanufacture.com\/es\/wp-json\/wp\/v2\/types\/product"}],"wp:featuredmedia":[{"embeddable":true,"href":"https:\/\/uhmwpemanufacture.com\/es\/wp-json\/wp\/v2\/media\/2295"}],"wp:attachment":[{"href":"https:\/\/uhmwpemanufacture.com\/es\/wp-json\/wp\/v2\/media?parent=2291"}],"wp:term":[{"taxonomy":"product_brand","embeddable":true,"href":"https:\/\/uhmwpemanufacture.com\/es\/wp-json\/wp\/v2\/product_brand?post=2291"},{"taxonomy":"product_cat","embeddable":true,"href":"https:\/\/uhmwpemanufacture.com\/es\/wp-json\/wp\/v2\/product_cat?post=2291"},{"taxonomy":"product_tag","embeddable":true,"href":"https:\/\/uhmwpemanufacture.com\/es\/wp-json\/wp\/v2\/product_tag?post=2291"}],"curies":[{"name":"wp","href":"https:\/\/api.w.org\/{rel}","templated":true}]}}