{"id":2296,"date":"2025-10-11T07:16:44","date_gmt":"2025-10-11T07:16:44","guid":{"rendered":"https:\/\/uhmwpemanufacture.com\/?post_type=product&#038;p=2296"},"modified":"2025-10-11T07:16:44","modified_gmt":"2025-10-11T07:16:44","slug":"amphi-mat-eco-friendly-road-ground-protection-mat-wholesaler","status":"publish","type":"product","link":"https:\/\/uhmwpemanufacture.com\/es\/amphi-mat-eco-friendly-road-ground-protection-mat-wholesaler\/","title":{"rendered":"Amphi Mat Mayorista de esteras ecol\u00f3gicas de protecci\u00f3n del suelo para carreteras"},"content":{"rendered":"<h2 id=\"amphi-mat-eco-friendly-road-ground-security-mat\">Amphi Mat Alfombra de seguridad ecol\u00f3gica para el suelo<\/h2>\n<p>Amphi Mat es una opci\u00f3n robusta y respetuosa con el medio ambiente para la seguridad del suelo, dise\u00f1ada para v\u00edas de acceso moment\u00e1neo, suelos para eventos y estabilizaci\u00f3n de sitios web de construcci\u00f3n. Fabricados a partir de materiales reciclados, estos pavimentos protegen terrenos sensibles de herramientas pesadas, tr\u00e1fico de veh\u00edculos y uso peatonal. Su patr\u00f3n de placa de diamante proporciona un agarre excelente, reduciendo los resbalones y mejorando la seguridad en diferentes condiciones clim\u00e1ticas.<\/p>\n<p>Gracias a sus pr\u00e1cticos asideros, estas alfombrillas son muy f\u00e1ciles de montar, unir y reorganizar, por lo que resultan \u00f3ptimas para tareas de corta y larga duraci\u00f3n. Dispersan con \u00e9xito el peso, evitando la formaci\u00f3n de surcos, la compactaci\u00f3n y los da\u00f1os al c\u00e9sped o al suelo blando. Como distribuidor, ofrecemos revestimientos para suelos resistentes y duraderos que resultan cruciales para cualquier trabajo que requiera una conservaci\u00f3n fiable de la superficie y el acceso a la misma.<\/p>","protected":false},"excerpt":{"rendered":"<p>Amphi Mat ofrece una protecci\u00f3n del suelo robusta y respetuosa con el medio ambiente. Ideal para carreteras temporales y suelos de eventos, su patr\u00f3n de placas de diamante garantiza la tracci\u00f3n a la vez que protege las superficies del tr\u00e1fico intenso. F\u00e1ciles de instalar y fabricadas con materiales reciclados, estas alfombrillas son perfectas para la construcci\u00f3n y eventos al aire libre.<\/p>","protected":false},"featured_media":2298,"template":"","meta":{"_gspb_post_css":""},"product_brand":[],"product_cat":[24,28,25],"product_tag":[447,159,446],"class_list":{"0":"post-2296","1":"product","2":"type-product","3":"status-publish","4":"has-post-thumbnail","6":"product_cat-ground-protection-road-mats","7":"product_cat-amphi-mats","8":"product_cat-quick-mats","9":"product_tag-eco-friendly-mat","10":"product_tag-ground-protection-mat","11":"product_tag-road-mat","13":"first","14":"instock","15":"shipping-taxable","16":"product-type-simple"},"_links":{"self":[{"href":"https:\/\/uhmwpemanufacture.com\/es\/wp-json\/wp\/v2\/product\/2296","targetHints":{"allow":["GET"]}}],"collection":[{"href":"https:\/\/uhmwpemanufacture.com\/es\/wp-json\/wp\/v2\/product"}],"about":[{"href":"https:\/\/uhmwpemanufacture.com\/es\/wp-json\/wp\/v2\/types\/product"}],"wp:featuredmedia":[{"embeddable":true,"href":"https:\/\/uhmwpemanufacture.com\/es\/wp-json\/wp\/v2\/media\/2298"}],"wp:attachment":[{"href":"https:\/\/uhmwpemanufacture.com\/es\/wp-json\/wp\/v2\/media?parent=2296"}],"wp:term":[{"taxonomy":"product_brand","embeddable":true,"href":"https:\/\/uhmwpemanufacture.com\/es\/wp-json\/wp\/v2\/product_brand?post=2296"},{"taxonomy":"product_cat","embeddable":true,"href":"https:\/\/uhmwpemanufacture.com\/es\/wp-json\/wp\/v2\/product_cat?post=2296"},{"taxonomy":"product_tag","embeddable":true,"href":"https:\/\/uhmwpemanufacture.com\/es\/wp-json\/wp\/v2\/product_tag?post=2296"}],"curies":[{"name":"wp","href":"https:\/\/api.w.org\/{rel}","templated":true}]}}